{"id":7524,"date":"2020-08-14T14:48:06","date_gmt":"2020-08-14T12:48:06","guid":{"rendered":"https:\/\/trappenstore.be\/?post_type=product&#038;p=7524"},"modified":"2026-03-16T14:28:34","modified_gmt":"2026-03-16T13:28:34","slug":"trapstijlen-40x1070-mm","status":"publish","type":"product","link":"https:\/\/trappenstore.be\/fr\/produit\/trapstijlen-40x1070-mm\/","title":{"rendered":"Support mural de style escalier (PS02)"},"content":{"rendered":"<p dir=\"ltr\" data-placeholder=\"Vertaling\"><strong>MONTAGE MURAL DE STYLE ESCALIER PROVA 1M DE HAUT EN ALUMINIUM<\/strong><\/p>\n<p class=\"tw-data-text tw-text-large tw-ta\" dir=\"ltr\" data-placeholder=\"Vertaling\"><span class=\"Y2IQFc\" lang=\"nl\">L&#039;aluminium dure longtemps et est extr\u00eamement durable dans des conditions extr\u00eames. Malgr\u00e9 son faible poids, l&#039;aluminium a une tr\u00e8s haute r\u00e9sistance, r\u00e9siste aux intemp\u00e9ries et m\u00eame les rayons UV extr\u00eames n&#039;affectent pas ce mat\u00e9riau. En raison de sa durabilit\u00e9, l&#039;aluminium n\u00e9cessite rarement un entretien. Cependant, en cas d&#039;influences environnementales tr\u00e8s fortes, un nettoyage l\u00e9ger occasionnel avec un agent nettoyant doux est recommand\u00e9. L&#039;aluminium thermolaqu\u00e9 et l&#039;aluminium anodis\u00e9 sont \u00e9galement prot\u00e9g\u00e9s de mani\u00e8re optimale contre l&#039;usure ou la corrosion. <\/span><\/p>\n<p class=\"tw-data-text tw-text-large tw-ta\" dir=\"ltr\" data-placeholder=\"Vertaling\"><span class=\"Y2IQFc\" lang=\"nl\">Avant le montage : Veuillez noter que la distance entre un coin et le premier poteau de garde-corps ne doit pas d\u00e9passer 20 cm pour assurer la stabilit\u00e9 et la s\u00e9curit\u00e9. La distance normale entre les poteaux de rail est de 1 m\u00e8tre. L&#039;installation dans des b\u00e2timents commerciaux ou publics ne doit \u00eatre effectu\u00e9e qu&#039;apr\u00e8s consultation avec l&#039;autorit\u00e9 comp\u00e9tente en mati\u00e8re de construction. <\/span><\/p>\n<p class=\"tw-data-text tw-text-large tw-ta\" dir=\"ltr\" data-placeholder=\"Vertaling\"><strong><span class=\"Y2IQFc\" lang=\"nl\">AVANTAGES<\/span><\/strong><\/p>\n<ul>\n<li class=\"tw-data-text tw-text-large tw-ta\" dir=\"ltr\" data-placeholder=\"Vertaling\"><span class=\"Y2IQFc\" lang=\"nl\"> Durable dans des conditions m\u00e9t\u00e9orologiques extr\u00eames<\/span><\/li>\n<li class=\"tw-data-text tw-text-large tw-ta\" dir=\"ltr\" data-placeholder=\"Vertaling\"><span class=\"Y2IQFc\" lang=\"nl\">Diverses combinaisons <\/span><\/li>\n<li class=\"tw-data-text tw-text-large tw-ta\" dir=\"ltr\" data-placeholder=\"Vertaling\"><span class=\"Y2IQFc\" lang=\"nl\">Minimaliste et polyvalent <\/span><\/li>\n<li class=\"tw-data-text tw-text-large tw-ta\" dir=\"ltr\" data-placeholder=\"Vertaling\"><span class=\"Y2IQFc\" lang=\"nl\">Fonctionnel et flexible <\/span><\/li>\n<li class=\"tw-data-text tw-text-large tw-ta\" dir=\"ltr\" data-placeholder=\"Vertaling\"><span class=\"Y2IQFc\" lang=\"nl\">Assemblage ing\u00e9nieux et facile<\/span><\/li>\n<\/ul>","protected":false},"excerpt":{"rendered":"<p>PROVA TRAPSTIJL WANDBEVESTIGING 1M HOOG ALUMINIUM Aluminium gaat lang mee en is extreem duurzaam in extreme omstandigheden. Ondanks het lage gewicht heeft aluminium een \u200b\u200bzeer hoge sterkte, is het weerbestendig en heeft zelfs extreme UV-straling geen invloed op dit materiaal. Door zijn duurzaamheid heeft aluminium zelden onderhoud nodig. Bij zeer sterke omgevingsinvloeden is echter af [&hellip;]<\/p>\n","protected":false},"featured_media":13086,"template":"","meta":{"_acf_changed":false},"product_brand":[],"product_cat":[6012],"product_tag":[6486],"kleur":[],"productlijn":[],"kastbreedte":[],"kastlengte":[],"vl_pl_hoogte_a":[],"class_list":{"0":"post-7524","1":"product","2":"type-product","3":"status-publish","4":"has-post-thumbnail","6":"product_cat-prova-rvs","7":"product_tag-dolle","8":"pa_beschrijving-31ps02","10":"first","11":"instock","12":"shipping-taxable","13":"purchasable","14":"product-type-simple"},"acf":[],"_links":{"self":[{"href":"https:\/\/trappenstore.be\/fr\/wp-json\/wp\/v2\/product\/7524","targetHints":{"allow":["GET"]}}],"collection":[{"href":"https:\/\/trappenstore.be\/fr\/wp-json\/wp\/v2\/product"}],"about":[{"href":"https:\/\/trappenstore.be\/fr\/wp-json\/wp\/v2\/types\/product"}],"wp:featuredmedia":[{"embeddable":true,"href":"https:\/\/trappenstore.be\/fr\/wp-json\/wp\/v2\/media\/13086"}],"wp:attachment":[{"href":"https:\/\/trappenstore.be\/fr\/wp-json\/wp\/v2\/media?parent=7524"}],"wp:term":[{"taxonomy":"product_brand","embeddable":true,"href":"https:\/\/trappenstore.be\/fr\/wp-json\/wp\/v2\/product_brand?post=7524"},{"taxonomy":"product_cat","embeddable":true,"href":"https:\/\/trappenstore.be\/fr\/wp-json\/wp\/v2\/product_cat?post=7524"},{"taxonomy":"product_tag","embeddable":true,"href":"https:\/\/trappenstore.be\/fr\/wp-json\/wp\/v2\/product_tag?post=7524"},{"taxonomy":"kleur","embeddable":true,"href":"https:\/\/trappenstore.be\/fr\/wp-json\/wp\/v2\/kleur?post=7524"},{"taxonomy":"productlijn","embeddable":true,"href":"https:\/\/trappenstore.be\/fr\/wp-json\/wp\/v2\/productlijn?post=7524"},{"taxonomy":"kastbreedte","embeddable":true,"href":"https:\/\/trappenstore.be\/fr\/wp-json\/wp\/v2\/kastbreedte?post=7524"},{"taxonomy":"kastlengte","embeddable":true,"href":"https:\/\/trappenstore.be\/fr\/wp-json\/wp\/v2\/kastlengte?post=7524"},{"taxonomy":"vl_pl_hoogte_a","embeddable":true,"href":"https:\/\/trappenstore.be\/fr\/wp-json\/wp\/v2\/vl_pl_hoogte_a?post=7524"}],"curies":[{"name":"wp","href":"https:\/\/api.w.org\/{rel}","templated":true}]}}