{"id":6240,"date":"2020-07-16T17:48:00","date_gmt":"2020-07-16T15:48:00","guid":{"rendered":"https:\/\/trappenstore.be\/?post_type=product&#038;p=6240"},"modified":"2026-03-16T14:28:48","modified_gmt":"2026-03-16T13:28:48","slug":"dolle-loft-cf56s","status":"publish","type":"product","link":"https:\/\/trappenstore.be\/fr\/produit\/dolle-loft-cf56s\/","title":{"rendered":"Cliquez sur Dolle Loft FIXER<sup>\u00ae<\/sup>56S"},"content":{"rendered":"<section class=\"description\"><\/section>\n<section class=\"description\"><span style=\"color: #993300;\"><strong>TR\u00c8S FACILE \u00c0 INSTALLER POUR LES PROFESSIONNELS ET LE BRICOLAGE<\/strong><\/span><\/section>\n<section class=\"description\">Gr\u00e2ce \u00e0 son faible poids et \u00e0 la technologie de montage brevet\u00e9e avec modules click, clickFIX\u00ae peut \u00e9galement \u00eatre facilement install\u00e9 par une seule personne. Tr\u00e8s simplement, alignez le caisson de 190 mm de hauteur, vissez-le, encliquetez la trappe et la section \u00e9chelle et ajustez-le \u00e0 la hauteur de la pi\u00e8ce, c&#039;est fait. Il en r\u00e9sulte une installation parfaitement \u00e9tanche.Des escaliers de grenier de haute qualit\u00e9 forment la transition entre le salon et le grenier. En plus d&#039;un processus d&#039;installation simple et s\u00fbr, le clickFIX\u00ae emp\u00eache \u00e9galement la perte d&#039;\u00e9nergie, emp\u00eachant l&#039;\u00e9chappement d&#039;air chaud de l&#039;espace de vie. Le DOLLE clickFIX\u00ae 56S brevet\u00e9 r\u00e9pond \u00e0 toutes les exigences en un seul syst\u00e8me : gr\u00e2ce \u00e0 sa construction modulaire et \u00e0 sa facilit\u00e9 d&#039;installation, ainsi qu&#039;\u00e0 d&#039;excellentes propri\u00e9t\u00e9s d&#039;isolation, cet escalier a une valeur U de composant de 0,64 W\/m\u00b2K.<\/p>\n<p style=\"text-align: left;\"><span style=\"color: #993300;\"><strong>FAIBLE VALEUR U<\/strong><\/span><br \/>\n\u00c9galement sur le clickFIX\u00ae 56S, la valeur u est tr\u00e8s faible par rapport aux autres escaliers du march\u00e9. Certainement parce que tous nos escaliers de grenier clickFIX\u00ae ont \u00e9t\u00e9 test\u00e9s en tant qu&#039;\u00e9l\u00e9ments de construction, tels que les portes et les fen\u00eatres.<\/p>\n<\/section>\n<section class=\"description\">\n<p style=\"text-align: left;\"><span style=\"color: #993300;\"><strong>V\u00c9RIFIEZ LES FUITES D&#039;AIR DANS VOTRE MAISON<\/strong><\/span><br \/>\nLe pare-vapeur avec feuille TwinActive scelle votre produit pour une isolation thermique optimale. Facile \u00e0 r\u00e9parer.<\/p>\n<\/section>\n<section class=\"description\">\n<p style=\"text-align: left;\"><span style=\"color: #993300;\"><strong>ACCESSOIRES OPTIONNELS<\/strong><\/span><br \/>\nLes pieds, les architraves et les mains courantes en plastique ne sont pas inclus en standard.<\/p>\n<section class=\"description\">\n<p style=\"text-align: left;\"><span style=\"color: #993300;\"><strong>AVANTAGES<\/strong><\/span><\/p>\n<ul>\n<li>Processus d&#039;installation facile pour 1 personne<\/li>\n<li>L\u00e9ger et facile \u00e0 utiliser, y compris la main courante<\/li>\n<li>10 ans de garantie<\/li>\n<li>Hauteur maximale du sol au plafond 274 cm<\/li>\n<li>Efficacit\u00e9 \u00e9nerg\u00e9tique avec une valeur U de 0,64 W\/m\u00b2K.<\/li>\n<\/ul>\n<\/section>\n<\/section>","protected":false},"excerpt":{"rendered":"<p>HEEL EENVOUDIG TE INSTALLEREN VOOR PROFESSIONALS EN DIY Dankzij het lage gewicht en de gepatenteerde montagetechniek met klikmodules kan clickFIX\u00ae ook eenvoudig door \u00e9\u00e9n persoon worden ge\u00efnstalleerd. Heel eenvoudig, de 190 mm hoge omkasting uitlijnen, vastschroeven, luik en het ladder gedeelte klikken en aanpassen aan de hoogte van de ruimte, klaar. Dit resulteert in een [&hellip;]<\/p>\n","protected":false},"featured_media":10105,"template":"","meta":{"_acf_changed":false},"product_brand":[],"product_cat":[1745,1744],"product_tag":[6486],"kleur":[],"productlijn":[],"kastbreedte":[6404,6405],"kastlengte":[6402,6408,6403],"vl_pl_hoogte_a":[],"class_list":{"0":"post-6240","1":"product","2":"type-product","3":"status-publish","4":"has-post-thumbnail","6":"product_cat-zoldertrappen","7":"product_cat-hout-trappen","8":"product_tag-dolle","9":"pa_beschrijving-dolle-loft-cf56s-130-x-70","10":"pa_beschrijving-dolle-loft-cf56s-extentionkit","11":"pa_beschrijving-dolle-loft-cf56s-140-x-70","12":"pa_beschrijving-dolle-loft-cf56s-130-x-60","13":"pa_beschrijving-dolle-loft-cf56s-120-x-70","14":"pa_beschrijving-dolle-loft-cf56s-120-x-60","15":"pa_beschrijving-dolle-loft-cf56s-115-x-70","16":"pa_beschrijving-dolle-loft-cf56s-115-x-60","17":"kastbreedte-60-cm","18":"kastbreedte-70-cm","19":"kastlengte-120-cm","20":"kastlengte-130-cm","21":"kastlengte-140-cm","23":"first","24":"instock","25":"purchasable","26":"product-type-variable"},"acf":[],"_links":{"self":[{"href":"https:\/\/trappenstore.be\/fr\/wp-json\/wp\/v2\/product\/6240","targetHints":{"allow":["GET"]}}],"collection":[{"href":"https:\/\/trappenstore.be\/fr\/wp-json\/wp\/v2\/product"}],"about":[{"href":"https:\/\/trappenstore.be\/fr\/wp-json\/wp\/v2\/types\/product"}],"wp:featuredmedia":[{"embeddable":true,"href":"https:\/\/trappenstore.be\/fr\/wp-json\/wp\/v2\/media\/10105"}],"wp:attachment":[{"href":"https:\/\/trappenstore.be\/fr\/wp-json\/wp\/v2\/media?parent=6240"}],"wp:term":[{"taxonomy":"product_brand","embeddable":true,"href":"https:\/\/trappenstore.be\/fr\/wp-json\/wp\/v2\/product_brand?post=6240"},{"taxonomy":"product_cat","embeddable":true,"href":"https:\/\/trappenstore.be\/fr\/wp-json\/wp\/v2\/product_cat?post=6240"},{"taxonomy":"product_tag","embeddable":true,"href":"https:\/\/trappenstore.be\/fr\/wp-json\/wp\/v2\/product_tag?post=6240"},{"taxonomy":"kleur","embeddable":true,"href":"https:\/\/trappenstore.be\/fr\/wp-json\/wp\/v2\/kleur?post=6240"},{"taxonomy":"productlijn","embeddable":true,"href":"https:\/\/trappenstore.be\/fr\/wp-json\/wp\/v2\/productlijn?post=6240"},{"taxonomy":"kastbreedte","embeddable":true,"href":"https:\/\/trappenstore.be\/fr\/wp-json\/wp\/v2\/kastbreedte?post=6240"},{"taxonomy":"kastlengte","embeddable":true,"href":"https:\/\/trappenstore.be\/fr\/wp-json\/wp\/v2\/kastlengte?post=6240"},{"taxonomy":"vl_pl_hoogte_a","embeddable":true,"href":"https:\/\/trappenstore.be\/fr\/wp-json\/wp\/v2\/vl_pl_hoogte_a?post=6240"}],"curies":[{"name":"wp","href":"https:\/\/api.w.org\/{rel}","templated":true}]}}