{"id":6236,"date":"2020-07-16T17:46:58","date_gmt":"2020-07-16T15:46:58","guid":{"rendered":"https:\/\/trappenstore.be\/?post_type=product&#038;p=6236"},"modified":"2026-03-16T14:28:45","modified_gmt":"2026-03-16T13:28:45","slug":"dolle-loft-cf76g-thermo","status":"publish","type":"product","link":"https:\/\/trappenstore.be\/fr\/produit\/dolle-loft-cf76g-thermo\/","title":{"rendered":"Cliquez sur Dolle Loft FIXER<sup>\u00ae<\/sup>Thermo personnalis\u00e9"},"content":{"rendered":"<h4><span style=\"color: #993300;\">ISOLANT POLYUR\u00c9THANE \u00c9PAISSEUR 70mm<\/span><\/h4>\n<p><span class=\"Y2IQFc\" lang=\"nl\">Les escaliers de grenier clickFIX thermo\u00ae contiennent une isolation en polyur\u00e9thane de 70 mm d&#039;\u00e9paisseur dans la trappe compacte de 76 mm. Le polyur\u00e9thane a la meilleure valeur et qualit\u00e9 d&#039;isolation sur le march\u00e9. C&#039;est ainsi que les escaliers de grenier DOLLE atteignent la valeur d&#039;isolation la plus \u00e9lev\u00e9e du march\u00e9. La valeur U est historiquement basse \u00e0 0,38 W\/m2 *K. Chez DOLLE, nous testons notre capacit\u00e9 d&#039;isolation et nous ne nous contentons pas de la calculer. Nos escaliers ont \u00e9t\u00e9 test\u00e9s sur toute la trappe en tant que composant complet. La trappe de 76 mm d&#039;\u00e9paisseur du DOLLE clickFIX\u00ae maintient efficacement la chaleur dans l&#039;espace de vie et est \u00e9galement rev\u00eatue de CPL. Avec ce stratifi\u00e9 particuli\u00e8rement robuste, la trappe est consid\u00e9rablement plus r\u00e9sistante \u00e0 l&#039;usure, aux rayures et aux chocs que les autres surfaces. Une partie du secret r\u00e9side dans la couche sup\u00e9rieure, qui se compose de r\u00e9sine de m\u00e9lamine. Il r\u00e9siste aux rayures l\u00e9g\u00e8res et \u00e0 la salet\u00e9 normale, est r\u00e9sistant aux solvants et \u00e0 la chaleur, aux taches et facile \u00e0 nettoyer. La trappe conserve sa couleur blanche brillante pendant longtemps car les surfaces CPL sont r\u00e9sistantes \u00e0 la couleur et \u00e0 la lumi\u00e8re. La trappe s&#039;ins\u00e8re discr\u00e8tement dans le plafond et reste \u00e9galement en parfait \u00e9tat.<\/span><\/p>\n<h4><span style=\"color: #993300;\">NOUVEAU LEVIER, BO\u00ceTIER SUP\u00c9RIEUR, MARCHES INF\u00c9RIEURES<\/span><\/h4>\n<p><span class=\"Y2IQFc\" lang=\"nl\">Le nouveau levier articul\u00e9 brevet\u00e9 est une autre innovation. Il permet une installation sans outil. Le levier est uniquement pos\u00e9 sur la plaque de culasse, retourn\u00e9 et ne peut alors plus se rel\u00e2cher. La partie \u00e9chelle peut \u00eatre r\u00e9gl\u00e9e jusqu&#039;\u00e0 4 cm de hauteur \u00e0 l&#039;aide des vis de r\u00e9glage sur la plaque \u00e0 montants. Ainsi, une section d&#039;\u00e9chelle qui n&#039;est pas raccourcie en hauteur peut \u00eatre nivel\u00e9e confortablement et facilement. D&#039;une hauteur de 24 cm, le caisson offre de meilleures possibilit\u00e9s d&#039;installation dans des plafonds plus isol\u00e9s. Par exemple, clickFIX\u00ae thermo <strong>aussi dans les plafonds suspendus<\/strong> \u00eatre int\u00e9gr\u00e9. Des marches profondes ont \u00e9t\u00e9 incorpor\u00e9es dans le thermo clickFIX\u00ae pour plus de confort et de s\u00e9curit\u00e9. Avec une profondeur d&#039;entr\u00e9e de 8,3 cm, ils offrent une plus grande surface.<\/span><\/p>\n<h4><span style=\"color: #993300;\">INSTALLATION FACILE<\/span><\/h4>\n<p id=\"tw-target-text\" class=\"tw-data-text tw-text-large tw-ta\" dir=\"ltr\" data-placeholder=\"Vertaling\"><span class=\"Y2IQFc\" lang=\"nl\">Le DOLLE clickFIX\u00ae thermo peut \u00eatre facilement install\u00e9 par une seule personne gr\u00e2ce \u00e0 son faible poids et \u00e0 la technologie de montage brevet\u00e9e avec modules \u00e0 clic : Alignez le bo\u00eetier, vissez, accrochez le panneau de trappe et la section \u00e9chelle et ajustez-le \u00e0 la hauteur de la pi\u00e8ce , c&#039;est \u00e7a. Les doubles joints circonf\u00e9rentiels et les joints d&#039;angle suppl\u00e9mentaires r\u00e9duisent consid\u00e9rablement le risque de condensation et prot\u00e8gent efficacement contre une \u00e9ventuelle croissance de moisissure. Le film Twin-Active fourni en tant que ruban de raccordement au plafond, associ\u00e9 \u00e0 l&#039;isolation, garantit une connexion \u00e9tanche \u00e0 l&#039;air et \u00e0 isolation thermique de l&#039;escalier \u00e0 la construction du plafond. <\/span><\/p>\n<h4><span style=\"color: #993300;\">AVANTAGES :<\/span><\/h4>\n<ul>\n<li>\u00c9chelle de grenier de qualit\u00e9 sup\u00e9rieure<\/li>\n<li>Valeur U tr\u00e8s faible<\/li>\n<li>Marches profondes (bois)<\/li>\n<li>Parfait pour les plafonds suspendus<\/li>\n<\/ul>\n<pre id=\"tw-target-text\" class=\"tw-data-text tw-text-large tw-ta\" dir=\"ltr\" data-placeholder=\"Vertaling\"><\/pre>","protected":false},"excerpt":{"rendered":"<p>70mm DIKKE POLYURETHAANISOLATIE De clickFIX thermo\u00ae zoldertrap bevat een\u00a0 70 mm dikke polyurethaanisolatie in het compacte 76 mm luik. Polyurethaan heeft de beste isolatiewaarde en kwaliteit op de markt. Zo bereikt de DOLLE zoldertrap de hoogste isolatiewaarde op de markt. De U-waarde is met 0,38 W\/m2 *K historisch laag. Bij DOLLE testen we ons isolatievermogen [&hellip;]<\/p>\n","protected":false},"featured_media":12669,"template":"","meta":{"_acf_changed":false},"product_brand":[],"product_cat":[1744,1745],"product_tag":[6486],"kleur":[],"productlijn":[],"kastbreedte":[6996],"kastlengte":[6997],"vl_pl_hoogte_a":[],"class_list":{"0":"post-6236","1":"product","2":"type-product","3":"status-publish","4":"has-post-thumbnail","6":"product_cat-hout-trappen","7":"product_cat-zoldertrappen","8":"product_tag-dolle","9":"pa_beschrijving-dolle-loft-cf76g-thermo","10":"kastbreedte-andere-maat","11":"kastlengte-andere-maat","13":"first","14":"onbackorder","15":"purchasable","16":"product-type-simple"},"acf":[],"_links":{"self":[{"href":"https:\/\/trappenstore.be\/fr\/wp-json\/wp\/v2\/product\/6236","targetHints":{"allow":["GET"]}}],"collection":[{"href":"https:\/\/trappenstore.be\/fr\/wp-json\/wp\/v2\/product"}],"about":[{"href":"https:\/\/trappenstore.be\/fr\/wp-json\/wp\/v2\/types\/product"}],"wp:featuredmedia":[{"embeddable":true,"href":"https:\/\/trappenstore.be\/fr\/wp-json\/wp\/v2\/media\/12669"}],"wp:attachment":[{"href":"https:\/\/trappenstore.be\/fr\/wp-json\/wp\/v2\/media?parent=6236"}],"wp:term":[{"taxonomy":"product_brand","embeddable":true,"href":"https:\/\/trappenstore.be\/fr\/wp-json\/wp\/v2\/product_brand?post=6236"},{"taxonomy":"product_cat","embeddable":true,"href":"https:\/\/trappenstore.be\/fr\/wp-json\/wp\/v2\/product_cat?post=6236"},{"taxonomy":"product_tag","embeddable":true,"href":"https:\/\/trappenstore.be\/fr\/wp-json\/wp\/v2\/product_tag?post=6236"},{"taxonomy":"kleur","embeddable":true,"href":"https:\/\/trappenstore.be\/fr\/wp-json\/wp\/v2\/kleur?post=6236"},{"taxonomy":"productlijn","embeddable":true,"href":"https:\/\/trappenstore.be\/fr\/wp-json\/wp\/v2\/productlijn?post=6236"},{"taxonomy":"kastbreedte","embeddable":true,"href":"https:\/\/trappenstore.be\/fr\/wp-json\/wp\/v2\/kastbreedte?post=6236"},{"taxonomy":"kastlengte","embeddable":true,"href":"https:\/\/trappenstore.be\/fr\/wp-json\/wp\/v2\/kastlengte?post=6236"},{"taxonomy":"vl_pl_hoogte_a","embeddable":true,"href":"https:\/\/trappenstore.be\/fr\/wp-json\/wp\/v2\/vl_pl_hoogte_a?post=6236"}],"curies":[{"name":"wp","href":"https:\/\/api.w.org\/{rel}","templated":true}]}}