{"id":6229,"date":"2020-07-16T17:45:05","date_gmt":"2020-07-16T15:45:05","guid":{"rendered":"https:\/\/trappenstore.be\/?post_type=product&#038;p=6229"},"modified":"2026-03-16T14:28:49","modified_gmt":"2026-03-16T13:28:49","slug":"dolle-loft-cf76g-2-delig","status":"publish","type":"product","link":"https:\/\/trappenstore.be\/fr\/produit\/dolle-loft-cf76g-2-delig\/","title":{"rendered":"Cliquez sur Dolle Loft FIXER<sup>\u00ae<\/sup>76 Personnalisation 2 pi\u00e8ces"},"content":{"rendered":"<section>\n<section class=\"description\"><span style=\"color: #993300;\"><strong>LA MEILLEURE \u00c9CHELLE ISOL\u00c9E DU MARCH\u00c9<\/strong><\/span><\/section>\n<section>Le clickFIX\u00ae 76G a une valeur u tr\u00e8s faible par rapport aux autres escaliers du march\u00e9. Certainement parce que tous nos escaliers de grenier clickFIX\u00ae ont \u00e9t\u00e9 test\u00e9s en tant qu&#039;\u00e9l\u00e9ments de construction, tels que les portes et les fen\u00eatres.<\/section>\n<section><\/section>\n<section class=\"description\"><\/section>\n<\/section>\n<section class=\"description\"><span style=\"color: #993300;\"><strong><br \/>\nTR\u00c8S FACILE \u00c0 INSTALLER POUR LES PROFESSIONNELS ET LE BRICOLAGE<\/strong><\/span><\/section>\n<section class=\"description\">Gr\u00e2ce \u00e0 son faible poids et \u00e0 la technologie de montage brevet\u00e9e avec modules click, clickFIX\u00ae peut \u00e9galement \u00eatre facilement install\u00e9 par une seule personne. Tr\u00e8s simplement, alignez le bo\u00eetier de 240 mm de hauteur, vissez-le, cliquez sur la partie trappe et \u00e9chelle et ajustez-le \u00e0 la hauteur de la pi\u00e8ce, c&#039;est fait. Il en r\u00e9sulte une installation parfaitement \u00e9tanche.Des escaliers de grenier de haute qualit\u00e9 forment la transition entre le salon et le grenier. En plus d&#039;un processus d&#039;installation simple et s\u00fbr, le clickFIX\u00ae emp\u00eache \u00e9galement la perte d&#039;\u00e9nergie, emp\u00eachant l&#039;\u00e9chappement d&#039;air chaud de l&#039;espace de vie. Le DOLLE clickFIX\u00ae 76G brevet\u00e9 r\u00e9pond \u00e0 toutes les exigences en un seul syst\u00e8me : gr\u00e2ce \u00e0 sa construction modulaire et \u00e0 sa facilit\u00e9 d&#039;installation, ainsi qu&#039;\u00e0 d&#039;excellentes propri\u00e9t\u00e9s d&#039;isolation, cet escalier a une valeur U de composant de 0,49 W\/m\u00b2K.<\/p>\n<p style=\"text-align: left;\"><span style=\"color: #993300;\"><strong>REV\u00caTEMENT CPL POUR UNE TR\u00c8S LONGUE DUR\u00c9E DE VIE<\/strong><\/span><span class=\"Y2IQFc\" lang=\"nl\"><br \/>\nLa trappe de 76 mm d&#039;\u00e9paisseur du DOLLE clickFIX\u00ae 76G maintient efficacement la chaleur dans l&#039;espace de vie et est \u00e9galement rev\u00eatue de CPL. Avec ce stratifi\u00e9 particuli\u00e8rement robuste, la trappe est consid\u00e9rablement plus r\u00e9sistante \u00e0 l&#039;usure, aux rayures et aux chocs que les autres surfaces. Le secret r\u00e9side dans la couche sup\u00e9rieure, qui se compose de r\u00e9sine de m\u00e9lamine. Il est r\u00e9sistant aux rayures l\u00e9g\u00e8res et \u00e0 la salet\u00e9 normale, il est r\u00e9sistant aux solvants et \u00e0 la chaleur, aux taches et facile \u00e0 nettoyer. La trappe le garde d&#039;un blanc \u00e9clatant pendant longtemps car les impuret\u00e9s peuvent \u00eatre facilement \u00e9limin\u00e9es. De plus, les surfaces CPL sont r\u00e9sistantes \u00e0 la couleur et \u00e0 la lumi\u00e8re et ne s&#039;assombrissent donc pas avec le temps, de sorte que l&#039;obturateur s&#039;int\u00e8gre non seulement discr\u00e8tement dans le plafond, mais reste \u00e9galement en parfait \u00e9tat.<\/span><\/p>\n<\/section>\n<section class=\"description\">\n<p style=\"text-align: left;\"><span style=\"color: #993300;\"><strong>V\u00c9RIFIEZ LES FUITES D&#039;AIR DANS VOTRE MAISON<\/strong><\/span><br \/>\nLe pare-vapeur avec feuille TwinActive scelle votre produit pour une isolation thermique optimale. Facile \u00e0 r\u00e9parer.<\/p>\n<\/section>\n<section class=\"description\">\n<p style=\"text-align: left;\"><span style=\"color: #993300;\"><strong>ACCESSOIRES OPTIONNELS<\/strong><\/span><br \/>\nLes pieds, les architraves et les mains courantes en plastique ne sont pas inclus en standard.<\/p>\n<section class=\"description\">\n<p style=\"text-align: left;\"><span style=\"color: #993300;\"><strong>AVANTAGES<\/strong><\/span><\/p>\n<ul>\n<li>Processus d&#039;installation facile pour 1 personne<\/li>\n<li>L\u00e9ger et facile \u00e0 utiliser, y compris la main courante<\/li>\n<li>10 ans de garantie<\/li>\n<li><strong>La meilleure \u00e9chelle disponible sur le march\u00e9<\/strong><\/li>\n<li>Efficacit\u00e9 \u00e9nerg\u00e9tique avec une valeur U de 0,49 W\/m\u00b2K.<\/li>\n<\/ul>\n<\/section>\n<\/section>","protected":false},"excerpt":{"rendered":"<p>DE BEST GEISOLEERDE LADDER OP DE MARKT De clickFIX\u00ae 76G heeft een zeer lage u-waarde in vergelijking met andere trappen op de markt. Zeker omdat al onze clickFIX\u00ae zoldertrappen getest zijn als bouwdeel, zoals deuren en ramen. HEEL EENVOUDIG TE INSTALLEREN VOOR PROFESSIONALS EN DIY Dankzij het lage gewicht en de gepatenteerde montagetechniek met klikmodules [&hellip;]<\/p>\n","protected":false},"featured_media":10084,"template":"","meta":{"_acf_changed":false},"product_brand":[],"product_cat":[1744,1745],"product_tag":[6486],"kleur":[],"productlijn":[],"kastbreedte":[6996],"kastlengte":[6997],"vl_pl_hoogte_a":[],"class_list":{"0":"post-6229","1":"product","2":"type-product","3":"status-publish","4":"has-post-thumbnail","6":"product_cat-hout-trappen","7":"product_cat-zoldertrappen","8":"product_tag-dolle","9":"pa_beschrijving-dolle-loft-cf76g-2-delig","10":"pa_beschrijving-dolle-loft-cf76g-2-delig-kasthoogte-24cm-315cm","11":"kastbreedte-andere-maat","12":"kastlengte-andere-maat","14":"first","15":"onbackorder","16":"purchasable","17":"product-type-variable"},"acf":[],"_links":{"self":[{"href":"https:\/\/trappenstore.be\/fr\/wp-json\/wp\/v2\/product\/6229","targetHints":{"allow":["GET"]}}],"collection":[{"href":"https:\/\/trappenstore.be\/fr\/wp-json\/wp\/v2\/product"}],"about":[{"href":"https:\/\/trappenstore.be\/fr\/wp-json\/wp\/v2\/types\/product"}],"wp:featuredmedia":[{"embeddable":true,"href":"https:\/\/trappenstore.be\/fr\/wp-json\/wp\/v2\/media\/10084"}],"wp:attachment":[{"href":"https:\/\/trappenstore.be\/fr\/wp-json\/wp\/v2\/media?parent=6229"}],"wp:term":[{"taxonomy":"product_brand","embeddable":true,"href":"https:\/\/trappenstore.be\/fr\/wp-json\/wp\/v2\/product_brand?post=6229"},{"taxonomy":"product_cat","embeddable":true,"href":"https:\/\/trappenstore.be\/fr\/wp-json\/wp\/v2\/product_cat?post=6229"},{"taxonomy":"product_tag","embeddable":true,"href":"https:\/\/trappenstore.be\/fr\/wp-json\/wp\/v2\/product_tag?post=6229"},{"taxonomy":"kleur","embeddable":true,"href":"https:\/\/trappenstore.be\/fr\/wp-json\/wp\/v2\/kleur?post=6229"},{"taxonomy":"productlijn","embeddable":true,"href":"https:\/\/trappenstore.be\/fr\/wp-json\/wp\/v2\/productlijn?post=6229"},{"taxonomy":"kastbreedte","embeddable":true,"href":"https:\/\/trappenstore.be\/fr\/wp-json\/wp\/v2\/kastbreedte?post=6229"},{"taxonomy":"kastlengte","embeddable":true,"href":"https:\/\/trappenstore.be\/fr\/wp-json\/wp\/v2\/kastlengte?post=6229"},{"taxonomy":"vl_pl_hoogte_a","embeddable":true,"href":"https:\/\/trappenstore.be\/fr\/wp-json\/wp\/v2\/vl_pl_hoogte_a?post=6229"}],"curies":[{"name":"wp","href":"https:\/\/api.w.org\/{rel}","templated":true}]}}