{"id":6227,"date":"2020-07-16T17:44:39","date_gmt":"2020-07-16T15:44:39","guid":{"rendered":"https:\/\/trappenstore.be\/?post_type=product&#038;p=6227"},"modified":"2026-03-16T14:28:49","modified_gmt":"2026-03-16T13:28:49","slug":"dolle-loft-rf90-maatwerk","status":"publish","type":"product","link":"https:\/\/trappenstore.be\/fr\/produit\/dolle-loft-rf90-maatwerk\/","title":{"rendered":"Personnalisation du loft fou RF90"},"content":{"rendered":"<h3>R\u00c9SISTANT AU FEU JUSQU&#039;\u00c0 90 MINUTES<\/h3>\n<h4><span style=\"color: #993300;\">DOLLE \u00c9CHELLE DE GRENIER R\u00c9SISTANTE AU FEU<\/span><\/h4>\n<p>DOLLE RF90 r\u00e9siste au feu pendant 90 minutes et est conforme \u00e0 la norme EN 4102-2. La trappe est isol\u00e9e avec 50 mm de laine de roche + 10 cm de pl\u00e2tre. La trappe a une belle finition en plaque HDF blanche avec des charni\u00e8res cach\u00e9es et une serrure de haute qualit\u00e9. L&#039;\u00e9chelle DOLLE RF90 Loft est faite d&#039;un pin de qualit\u00e9 robuste avec 12 marches en h\u00eatre antid\u00e9rapantes avec des pieds en plastique antid\u00e9rapants noirs pour prot\u00e9ger le sol. Le bo\u00eetier de 19 cm de haut est \u00e9quip\u00e9 de bandes d&#039;\u00e9tanch\u00e9it\u00e9 pour \u00e9viter les d\u00e9perditions de chaleur. L&#039;\u00e9chelle en bois est facile \u00e0 utiliser, de haute qualit\u00e9, stable et facile \u00e0 utiliser.<\/p>\n<h4><span style=\"color: #993300;\">L&#039;\u00c9CHELLE LOFT COMME \u00c9L\u00c9MENT IGNIFUGE<\/span><\/h4>\n<p>Il est important qu&#039;une maison soit construite de mani\u00e8re \u00e0 ce que la structure soit prot\u00e9g\u00e9e pendant une courte p\u00e9riode en cas d&#039;incendie. Les r\u00e9glementations en mati\u00e8re de construction fixent donc des exigences diff\u00e9rentes pour la r\u00e9sistance au feu des \u00e9l\u00e9ments de construction dans un b\u00e2timent ou une maison. C&#039;est pourquoi nous testons nos escaliers coupe-feu selon les plus hautes exigences europ\u00e9ennes et ils sont conformes \u00e0 la norme EN 4102-2. DOLLE RF90 a une r\u00e9sistance au feu de 90 minutes.<\/p>\n<p>Un escalier r\u00e9sistant au feu est test\u00e9 dans un essai au feu dans lequel l&#039;escalier est int\u00e9gr\u00e9 dans une chambre de combustion et expos\u00e9 \u00e0 une situation d&#039;incendie r\u00e9elle. Les \u00e9chelles coupe-feu DOLLE ont \u00e9t\u00e9 test\u00e9es selon la nouvelle m\u00e9thode europ\u00e9enne commune pour tester la r\u00e9sistance au feu des \u00e9l\u00e9ments de construction. L&#039;escalier coupe-feu DOLLE a \u00e9t\u00e9 test\u00e9 au MPA Braunschweig Institute en Allemagne.<\/p>\n<h4><span style=\"color: #993300;\">\u00c9CHELLE LOFT R\u00c9SISTANTE AU FEU DOLLE \u2013 NOUVELLE CLASSE DE FEU EUROP\u00c9ENNE EN 4102-2<\/span><\/h4>\n<p>Les nouvelles exigences europ\u00e9ennes en mati\u00e8re d&#039;incendie sont d\u00e9crites pour les escaliers de grenier r\u00e9sistants au feu\u00a0:<\/p>\n<p>R (r\u00e9sistance) capacit\u00e9 de charge lors d&#039;un incendie.<\/p>\n<p>E (int\u00e9grit\u00e9) capacit\u00e9 d&#039;emp\u00eacher les flammes et les gaz d&#039;entrer.<\/p>\n<p>I (isolation) capacit\u00e9 \u00e0 rester au chaud \u00e0 l&#039;ext\u00e9rieur.<\/p>\n<p>Apr\u00e8s le classement, la DOLLE RF90 indique la p\u00e9riode pendant laquelle l&#039;\u00e9chelle de grenier est r\u00e9sistante au feu, de sorte que les escaliers r\u00e9sistants au feu sont r\u00e9sistants au feu pendant 90 minutes.<\/p>\n<h4><span style=\"color: #993300;\">Avantages :<\/span><\/h4>\n<ul>\n<li>\u00c9chelle de grenier de qualit\u00e9 sup\u00e9rieure<\/li>\n<li>Peut r\u00e9sister au feu pendant 90 minutes (d&#039;en haut et d&#039;en bas)<\/li>\n<li>Belle finition en blanc avec charni\u00e8res cach\u00e9es<\/li>\n<\/ul>","protected":false},"excerpt":{"rendered":"<p>TOT 90 MINUTEN BRANDWEREND BRANDBESTENDIGE ZOLDERLADDER VAN DOLLE DOLLE RF90 is 90 minuten\u00a0 brandwerend en voldoet aan EN 4102-2. Het luik is ge\u00efsoleerd met 50 mm rockwool + 10cm gypsum. Het luik heeft een mooie afwerking in witte HDF plaat met verborgen scharnieren en heeft een hoogwaardig slot. De DOLLE RF90 Loft ladder is gemaakt [&hellip;]<\/p>\n","protected":false},"featured_media":12781,"template":"","meta":{"_acf_changed":false},"product_brand":[],"product_cat":[1744,1745],"product_tag":[6486],"kleur":[],"productlijn":[],"kastbreedte":[6996],"kastlengte":[6997],"vl_pl_hoogte_a":[],"class_list":{"0":"post-6227","1":"product","2":"type-product","3":"status-publish","4":"has-post-thumbnail","6":"product_cat-hout-trappen","7":"product_cat-zoldertrappen","8":"product_tag-dolle","9":"pa_beschrijving-dolle-rf-90-3-delig-maatwerk","10":"pa_beschrijving-dolle-rf-90-3-delig-maatwerk-kasthoogte-19cm-80cm","11":"pa_beschrijving-dolle-rf-90-3-delig-maatwerk-extra-trede","12":"pa_beschrijving-dolle-rf-90-3-delig-maatwerk-standaardhoogte","13":"kastbreedte-andere-maat","14":"kastlengte-andere-maat","16":"first","17":"instock","18":"purchasable","19":"product-type-variable"},"acf":[],"_links":{"self":[{"href":"https:\/\/trappenstore.be\/fr\/wp-json\/wp\/v2\/product\/6227","targetHints":{"allow":["GET"]}}],"collection":[{"href":"https:\/\/trappenstore.be\/fr\/wp-json\/wp\/v2\/product"}],"about":[{"href":"https:\/\/trappenstore.be\/fr\/wp-json\/wp\/v2\/types\/product"}],"wp:featuredmedia":[{"embeddable":true,"href":"https:\/\/trappenstore.be\/fr\/wp-json\/wp\/v2\/media\/12781"}],"wp:attachment":[{"href":"https:\/\/trappenstore.be\/fr\/wp-json\/wp\/v2\/media?parent=6227"}],"wp:term":[{"taxonomy":"product_brand","embeddable":true,"href":"https:\/\/trappenstore.be\/fr\/wp-json\/wp\/v2\/product_brand?post=6227"},{"taxonomy":"product_cat","embeddable":true,"href":"https:\/\/trappenstore.be\/fr\/wp-json\/wp\/v2\/product_cat?post=6227"},{"taxonomy":"product_tag","embeddable":true,"href":"https:\/\/trappenstore.be\/fr\/wp-json\/wp\/v2\/product_tag?post=6227"},{"taxonomy":"kleur","embeddable":true,"href":"https:\/\/trappenstore.be\/fr\/wp-json\/wp\/v2\/kleur?post=6227"},{"taxonomy":"productlijn","embeddable":true,"href":"https:\/\/trappenstore.be\/fr\/wp-json\/wp\/v2\/productlijn?post=6227"},{"taxonomy":"kastbreedte","embeddable":true,"href":"https:\/\/trappenstore.be\/fr\/wp-json\/wp\/v2\/kastbreedte?post=6227"},{"taxonomy":"kastlengte","embeddable":true,"href":"https:\/\/trappenstore.be\/fr\/wp-json\/wp\/v2\/kastlengte?post=6227"},{"taxonomy":"vl_pl_hoogte_a","embeddable":true,"href":"https:\/\/trappenstore.be\/fr\/wp-json\/wp\/v2\/vl_pl_hoogte_a?post=6227"}],"curies":[{"name":"wp","href":"https:\/\/api.w.org\/{rel}","templated":true}]}}