{"id":6224,"date":"2020-07-16T17:43:12","date_gmt":"2020-07-16T15:43:12","guid":{"rendered":"https:\/\/trappenstore.be\/?post_type=product&#038;p=6224"},"modified":"2026-03-16T14:28:38","modified_gmt":"2026-03-16T13:28:38","slug":"dolle-mini-4-delig-maatwerk","status":"publish","type":"product","link":"https:\/\/trappenstore.be\/fr\/produit\/dolle-mini-4-delig-maatwerk\/","title":{"rendered":"Dolle Mini Personnalisation 4 pi\u00e8ces"},"content":{"rendered":"<h4><span style=\"color: #993300;\">UNE \u00c9CHELLE LOFT CON\u00c7UE POUR LE PLUS PETIT ESPACE<\/span><\/h4>\n<p>Cet escalier est la solution id\u00e9ale pour les petites ouvertures de plafond ! L&#039;escalier de grenier en bois 4 pi\u00e8ces est fourni complet avec trappe d&#039;isolation thermique et joint de tension et a \u00e9t\u00e9 sp\u00e9cialement d\u00e9velopp\u00e9 pour la construction de plafonds sans dimensions standard, de sorte qu&#039;il s&#039;int\u00e8gre parfaitement dans les ouvertures qui ne sont pas conformes aux dimensions standard. L&#039;\u00e9chelle est confortable \u00e0 utiliser avec des marches nervur\u00e9es et antid\u00e9rapantes qui offrent la s\u00e9curit\u00e9 n\u00e9cessaire.<\/p>\n<h4><span style=\"color: #993300;\">PETITE \u00c9CHELLE DE GRENIER<\/span><\/h4>\n<p>La trappe \u00e0 isolation thermique est l\u00e9g\u00e8re gr\u00e2ce \u00e0 sa construction en sandwich. Le joint de traction est \u00e9tanche \u00e0 l&#039;air conform\u00e9ment \u00e0 la norme DIN EN 12207 classe 4 et r\u00e9pond aux exigences d&#039;excellentes propri\u00e9t\u00e9s d&#039;isolation thermique. La partie \u00e9chelle se replie en 4 parties pour gagner de la place et ne prend donc pratiquement pas de place. Les bandes de v\u00eatements blanches forment une finition discr\u00e8te \u00e0 la transition du plafond.<\/p>\n<h4><span style=\"color: #993300;\">CE MINI ESCALIER GRENIER TOUJOURS CONFORTABLE<\/span><\/h4>\n<p>Marches antid\u00e9rapantes pour plus de s\u00e9curit\u00e9 ! Le Mini est livr\u00e9 avec un syst\u00e8me d&#039;\u00e9quilibrage \u00e0 ressort stable pour un fonctionnement fluide et sans effort.<br \/>\nUn bras \u00e9tendu est inclus avec la barre de commande, ce qui facilite l&#039;utilisation de la fermeture \u00e0 clic.<\/p>\n<p>&nbsp;<\/p>","protected":false},"excerpt":{"rendered":"<p>EEN LOFT LADDER ONTWORPEN VOOR DE KLEINSTE RUIMTE Deze trap is de ideale oplossing voor kleine plafondopeningen! De 4-delige houten zoldertrap wordt compleet met warmte-isolerend luik en spanningafdichting geleverd en speciaal ontwikkeld voor plafondconstructie zonder standaard afmetingen, waardoor deze perfect past in openingen die niet voldoen aan de standaard afmetingen. De ladder is comfortabel in [&hellip;]<\/p>\n","protected":false},"featured_media":5734,"template":"","meta":{"_acf_changed":false},"product_brand":[],"product_cat":[1744,1745],"product_tag":[6486],"kleur":[],"productlijn":[],"kastbreedte":[6996],"kastlengte":[6997],"vl_pl_hoogte_a":[],"class_list":{"0":"post-6224","1":"product","2":"type-product","3":"status-publish","4":"has-post-thumbnail","6":"product_cat-hout-trappen","7":"product_cat-zoldertrappen","8":"product_tag-dolle","9":"kastbreedte-andere-maat","10":"kastlengte-andere-maat","12":"first","13":"onbackorder","14":"purchasable","15":"product-type-simple"},"acf":[],"_links":{"self":[{"href":"https:\/\/trappenstore.be\/fr\/wp-json\/wp\/v2\/product\/6224","targetHints":{"allow":["GET"]}}],"collection":[{"href":"https:\/\/trappenstore.be\/fr\/wp-json\/wp\/v2\/product"}],"about":[{"href":"https:\/\/trappenstore.be\/fr\/wp-json\/wp\/v2\/types\/product"}],"wp:featuredmedia":[{"embeddable":true,"href":"https:\/\/trappenstore.be\/fr\/wp-json\/wp\/v2\/media\/5734"}],"wp:attachment":[{"href":"https:\/\/trappenstore.be\/fr\/wp-json\/wp\/v2\/media?parent=6224"}],"wp:term":[{"taxonomy":"product_brand","embeddable":true,"href":"https:\/\/trappenstore.be\/fr\/wp-json\/wp\/v2\/product_brand?post=6224"},{"taxonomy":"product_cat","embeddable":true,"href":"https:\/\/trappenstore.be\/fr\/wp-json\/wp\/v2\/product_cat?post=6224"},{"taxonomy":"product_tag","embeddable":true,"href":"https:\/\/trappenstore.be\/fr\/wp-json\/wp\/v2\/product_tag?post=6224"},{"taxonomy":"kleur","embeddable":true,"href":"https:\/\/trappenstore.be\/fr\/wp-json\/wp\/v2\/kleur?post=6224"},{"taxonomy":"productlijn","embeddable":true,"href":"https:\/\/trappenstore.be\/fr\/wp-json\/wp\/v2\/productlijn?post=6224"},{"taxonomy":"kastbreedte","embeddable":true,"href":"https:\/\/trappenstore.be\/fr\/wp-json\/wp\/v2\/kastbreedte?post=6224"},{"taxonomy":"kastlengte","embeddable":true,"href":"https:\/\/trappenstore.be\/fr\/wp-json\/wp\/v2\/kastlengte?post=6224"},{"taxonomy":"vl_pl_hoogte_a","embeddable":true,"href":"https:\/\/trappenstore.be\/fr\/wp-json\/wp\/v2\/vl_pl_hoogte_a?post=6224"}],"curies":[{"name":"wp","href":"https:\/\/api.w.org\/{rel}","templated":true}]}}