{"id":6223,"date":"2020-07-16T17:42:30","date_gmt":"2020-07-16T15:42:30","guid":{"rendered":"https:\/\/trappenstore.be\/?post_type=product&#038;p=6223"},"modified":"2026-03-16T14:28:38","modified_gmt":"2026-03-16T13:28:38","slug":"dolle-miniflex-maatwerk","status":"publish","type":"product","link":"https:\/\/trappenstore.be\/fr\/produit\/dolle-miniflex-maatwerk\/","title":{"rendered":"Personnalisation Mad Miniflex"},"content":{"rendered":"<pre id=\"tw-target-text\" class=\"tw-data-text tw-text-large tw-ta\" dir=\"ltr\" data-placeholder=\"Vertaling\"><span class=\"Y2IQFc\" lang=\"nl\"><span style=\"color: #993300;\"><strong>UNE SOLUTION D&#039;ACC\u00c8S ID\u00c9ALE GAIN DE PLACE<\/strong><\/span>\r\nCet escalier ne prend pas de place et est id\u00e9al pour les espaces restreints. Cette \u00e9chelle \u00e0 ciseaux peu encombrante est un rap en aluminium avec trappe et bo\u00eetier. La surface de marche profonde des marches larges antid\u00e9rapantes offre confort et s\u00e9curit\u00e9 et n&#039;est qu&#039;un d\u00e9tail qui distingue ce DOLLE Miniflex des autres marches. Le support est en bois d&#039;\u00e9pic\u00e9a et peut \u00eatre d\u00e9plac\u00e9 avec peu d&#039;effort. La partie \u00e9chelle en aluminium est tr\u00e8s facile \u00e0 utiliser et ne prend pas de place une fois pli\u00e9e. Le pi\u00e8ge \u00e0 courants d&#039;air dans le bo\u00eetier et la trappe avec une isolation de 50 mm emp\u00eache les pertes de chaleur. Le bo\u00eetier du et la trappe sont munis d&#039;une feuillure pour une fermeture extra \u00e9tanche et sont bien finis avec une trappe blanche.\r\n<span style=\"color: #993300;\"><strong>CARACT\u00c9RISTIQUES<\/strong><\/span>\r\n\r\nTaille de l&#039;ouverture : 57,5-70 x 70-88,5 cm Taille de la gaine ext\u00e9rieure : 55 - 67,6 x 67,5 - 85 cm Hauteur minimale du sol au plafond - 218 cm Hauteur maximale du sol au plafond - 286 cm Hauteur du sol au plafond au-dessus de 260 cm - longueur du bo\u00eetier doit \u00eatre de 77,5 cm ou plus Mat\u00e9riau de l&#039;\u00e9chelle : aluminium Mat\u00e9riau du bo\u00eetier : \u00e9pic\u00e9a Hauteur maximale de l&#039;armoire : 14 cm \u00c9paisseur du bo\u00eetier : 1,8 cm \u00c9paisseur de la trappe : 5,6 cm Isolation : 5 cm \u00c9paisseur du profil : 2,9 cm<\/span><\/pre>","protected":false},"excerpt":{"rendered":"<p>EEN IDEALE RUIMTEBESPARENDE TOEGANGSOPLOSSING Deze trap neemt geen ruimte in beslag en is ideaal voor krappe openingen. Deze ruimtebesparende schaarladder is een aluminium rap met luik en omkasting. Het diepe opstapoppervlak van de brede antislip treden geeft comfort en veiligheid en is slechts \u00e9\u00e9n detail dat deze DOLLE Miniflex onderscheidt van andere trapjes. De bevestiging [&hellip;]<\/p>\n","protected":false},"featured_media":5737,"template":"","meta":{"_acf_changed":false},"product_brand":[],"product_cat":[1744,1745],"product_tag":[6486],"kleur":[],"productlijn":[],"kastbreedte":[6996],"kastlengte":[6997],"vl_pl_hoogte_a":[],"class_list":{"0":"post-6223","1":"product","2":"type-product","3":"status-publish","4":"has-post-thumbnail","6":"product_cat-hout-trappen","7":"product_cat-zoldertrappen","8":"product_tag-dolle","9":"kastbreedte-andere-maat","10":"kastlengte-andere-maat","12":"first","13":"onbackorder","14":"purchasable","15":"product-type-simple"},"acf":[],"_links":{"self":[{"href":"https:\/\/trappenstore.be\/fr\/wp-json\/wp\/v2\/product\/6223","targetHints":{"allow":["GET"]}}],"collection":[{"href":"https:\/\/trappenstore.be\/fr\/wp-json\/wp\/v2\/product"}],"about":[{"href":"https:\/\/trappenstore.be\/fr\/wp-json\/wp\/v2\/types\/product"}],"wp:featuredmedia":[{"embeddable":true,"href":"https:\/\/trappenstore.be\/fr\/wp-json\/wp\/v2\/media\/5737"}],"wp:attachment":[{"href":"https:\/\/trappenstore.be\/fr\/wp-json\/wp\/v2\/media?parent=6223"}],"wp:term":[{"taxonomy":"product_brand","embeddable":true,"href":"https:\/\/trappenstore.be\/fr\/wp-json\/wp\/v2\/product_brand?post=6223"},{"taxonomy":"product_cat","embeddable":true,"href":"https:\/\/trappenstore.be\/fr\/wp-json\/wp\/v2\/product_cat?post=6223"},{"taxonomy":"product_tag","embeddable":true,"href":"https:\/\/trappenstore.be\/fr\/wp-json\/wp\/v2\/product_tag?post=6223"},{"taxonomy":"kleur","embeddable":true,"href":"https:\/\/trappenstore.be\/fr\/wp-json\/wp\/v2\/kleur?post=6223"},{"taxonomy":"productlijn","embeddable":true,"href":"https:\/\/trappenstore.be\/fr\/wp-json\/wp\/v2\/productlijn?post=6223"},{"taxonomy":"kastbreedte","embeddable":true,"href":"https:\/\/trappenstore.be\/fr\/wp-json\/wp\/v2\/kastbreedte?post=6223"},{"taxonomy":"kastlengte","embeddable":true,"href":"https:\/\/trappenstore.be\/fr\/wp-json\/wp\/v2\/kastlengte?post=6223"},{"taxonomy":"vl_pl_hoogte_a","embeddable":true,"href":"https:\/\/trappenstore.be\/fr\/wp-json\/wp\/v2\/vl_pl_hoogte_a?post=6223"}],"curies":[{"name":"wp","href":"https:\/\/api.w.org\/{rel}","templated":true}]}}