{"id":6220,"date":"2020-07-16T17:41:00","date_gmt":"2020-07-16T15:41:00","guid":{"rendered":"https:\/\/trappenstore.be\/?post_type=product&#038;p=6220"},"modified":"2026-04-09T17:02:59","modified_gmt":"2026-04-09T15:02:59","slug":"garage","status":"publish","type":"product","link":"https:\/\/trappenstore.be\/fr\/produit\/garage\/","title":{"rendered":"Garage"},"content":{"rendered":"<p id=\"tw-target-text\" class=\"tw-data-text tw-text-large tw-ta\" dir=\"ltr\" data-placeholder=\"Vertaling\"><span class=\"Y2IQFc\" lang=\"nl\"><strong>L&#039;option id\u00e9ale lorsqu&#039;un acc\u00e8s r\u00e9gulier et facile est requis tout en maximisant l&#039;espace.<\/strong> <\/span><\/p>\n<p class=\"tw-data-text tw-text-large tw-ta\" dir=\"ltr\" data-placeholder=\"Vertaling\"><span class=\"Y2IQFc\" lang=\"nl\">Le Garage DOLLE est un escalier droit confortable et \u00e9l\u00e9gant en \u00e9pic\u00e9a scandinave. C&#039;est l&#039;option id\u00e9ale lorsqu&#039;un acc\u00e8s r\u00e9gulier et facile est requis tout en maximisant l&#039;espace. R\u00e9duit aux \u00e9l\u00e9ments essentiels d&#039;un escalier fonctionnel, ce gain de place confortable est la solution id\u00e9ale pour relier les \u00e9tages dans les pi\u00e8ces \u00e0 vivre avec une surface au sol relativement r\u00e9duite. La finition en bois rustique convient \u00e0 de nombreux styles d&#039;ameublement, mais vous pouvez \u00e9galement lui donner une touche personnelle. <\/span><\/p>\n<p class=\"tw-data-text tw-text-large tw-ta\" dir=\"ltr\" data-placeholder=\"Vertaling\"><span class=\"Y2IQFc\" lang=\"nl\">Les escaliers ne sont pas trait\u00e9s - pr\u00eats pour votre style personnel. Vernissez, teignez ou peignez dans des couleurs assorties \u00e0 votre int\u00e9rieur.<\/span><\/p>\n<p><span class=\"Y2IQFc\" lang=\"nl\"><strong>PR\u00caT \u00c0 VERNIS OU \u00c0 PEINDRE DANS LA COULEUR QUE VOUS VOULEZ.<\/strong> <\/span><\/p>\n<p><span class=\"Y2IQFc\" lang=\"nl\">Pour une construction s\u00fbre, les marches sont log\u00e9es dans les parois lat\u00e9rales. Pour une mont\u00e9e confortable et s\u00fbre, les escaliers sont fournis avec une double rampe s\u00e9curis\u00e9e. Une deuxi\u00e8me main courante assortie facultative est disponible \u00e0 un co\u00fbt suppl\u00e9mentaire si n\u00e9cessaire. Installation simple et rapide sans l&#039;utilisation d&#039;outils sp\u00e9ciaux. Escalier droit plat en \u00e9pic\u00e9a avec 12 marches. <\/span><\/p>\n<p><strong><span class=\"Y2IQFc\" lang=\"nl\">AVANTAGES<\/span><\/strong><\/p>\n<ul>\n<li><span class=\"Y2IQFc\" lang=\"nl\">Escaliers tr\u00e8s confortables pour monter et descendre<\/span><\/li>\n<li><span class=\"Y2IQFc\" lang=\"nl\">Solution id\u00e9ale pour les petites pi\u00e8ces et mezzanines <\/span><\/li>\n<li><span class=\"Y2IQFc\" lang=\"nl\">Installation simple et rapide sans l&#039;utilisation d&#039;outils sp\u00e9ciaux.<\/span><\/li>\n<\/ul>","protected":false},"excerpt":{"rendered":"<p>De ideale optie wanneer een regelmatige, gemakkelijke toegang vereist is en toch de ruimte moet worden gemaximaliseerd. De DOLLE Garage is een comfortabele en elegante rechte trap van Scandinavisch sparrenhout. Het is de ideale optie wanneer een regelmatige, gemakkelijke toegang vereist is en toch de ruimte moet worden gemaximaliseerd. Gereduceerd tot de essenti\u00eble elementen van [&hellip;]<\/p>\n","protected":false},"featured_media":5607,"template":"","meta":{"_acf_changed":false},"product_brand":[],"product_cat":[1744,1809],"product_tag":[6486],"kleur":[],"productlijn":[],"kastbreedte":[],"kastlengte":[],"vl_pl_hoogte_a":[],"class_list":{"0":"post-6220","1":"product","2":"type-product","3":"status-publish","4":"has-post-thumbnail","6":"product_cat-hout-trappen","7":"product_cat-molenaarstrappen","8":"product_tag-dolle","10":"first","11":"instock","12":"purchasable","13":"product-type-simple"},"acf":[],"_links":{"self":[{"href":"https:\/\/trappenstore.be\/fr\/wp-json\/wp\/v2\/product\/6220","targetHints":{"allow":["GET"]}}],"collection":[{"href":"https:\/\/trappenstore.be\/fr\/wp-json\/wp\/v2\/product"}],"about":[{"href":"https:\/\/trappenstore.be\/fr\/wp-json\/wp\/v2\/types\/product"}],"wp:featuredmedia":[{"embeddable":true,"href":"https:\/\/trappenstore.be\/fr\/wp-json\/wp\/v2\/media\/5607"}],"wp:attachment":[{"href":"https:\/\/trappenstore.be\/fr\/wp-json\/wp\/v2\/media?parent=6220"}],"wp:term":[{"taxonomy":"product_brand","embeddable":true,"href":"https:\/\/trappenstore.be\/fr\/wp-json\/wp\/v2\/product_brand?post=6220"},{"taxonomy":"product_cat","embeddable":true,"href":"https:\/\/trappenstore.be\/fr\/wp-json\/wp\/v2\/product_cat?post=6220"},{"taxonomy":"product_tag","embeddable":true,"href":"https:\/\/trappenstore.be\/fr\/wp-json\/wp\/v2\/product_tag?post=6220"},{"taxonomy":"kleur","embeddable":true,"href":"https:\/\/trappenstore.be\/fr\/wp-json\/wp\/v2\/kleur?post=6220"},{"taxonomy":"productlijn","embeddable":true,"href":"https:\/\/trappenstore.be\/fr\/wp-json\/wp\/v2\/productlijn?post=6220"},{"taxonomy":"kastbreedte","embeddable":true,"href":"https:\/\/trappenstore.be\/fr\/wp-json\/wp\/v2\/kastbreedte?post=6220"},{"taxonomy":"kastlengte","embeddable":true,"href":"https:\/\/trappenstore.be\/fr\/wp-json\/wp\/v2\/kastlengte?post=6220"},{"taxonomy":"vl_pl_hoogte_a","embeddable":true,"href":"https:\/\/trappenstore.be\/fr\/wp-json\/wp\/v2\/vl_pl_hoogte_a?post=6220"}],"curies":[{"name":"wp","href":"https:\/\/api.w.org\/{rel}","templated":true}]}}