{"id":6219,"date":"2020-07-16T17:40:33","date_gmt":"2020-07-16T15:40:33","guid":{"rendered":"https:\/\/trappenstore.be\/?post_type=product&#038;p=6219"},"modified":"2026-03-16T14:28:38","modified_gmt":"2026-03-16T13:28:38","slug":"amsterdam","status":"publish","type":"product","link":"https:\/\/trappenstore.be\/fr\/produit\/amsterdam\/","title":{"rendered":"Amsterdam"},"content":{"rendered":"<p id=\"tw-target-text\" class=\"tw-data-text tw-text-large tw-ta\" dir=\"ltr\" data-placeholder=\"Vertaling\"><strong><span class=\"Y2IQFc\" lang=\"nl\">S\u00c9CURIT\u00c9 ET FLEXIBILIT\u00c9 <\/span><\/strong><\/p>\n<p class=\"tw-data-text tw-text-large tw-ta\" dir=\"ltr\" data-placeholder=\"Vertaling\"><span class=\"Y2IQFc\" lang=\"nl\">L&#039;escalier d&#039;Amsterdam peu encombrant a des marches de 57 cm de large con\u00e7ues de mani\u00e8re unique, id\u00e9ales pour les petits espaces et moins de circulation dans la maison. La finition en bois de pin rustique convient \u00e0 de nombreux styles d&#039;ameublement. Les marches delta au design unique mesurent 14 cm au point le plus large de la bande de roulement. R\u00e9duit aux \u00e9l\u00e9ments essentiels d&#039;un escalier fonctionnel, l&#039;escalier gain de place DOLLE Amsterdam cr\u00e9e agr\u00e9ablement un vide solide. Fini en pin, il est particuli\u00e8rement adapt\u00e9 aux pi\u00e8ces chaleureuses et confortables, ainsi qu&#039;aux environnements rustiques. C&#039;est un compagnon fiable - de la cr\u00e8che \u00e0 la chambre des jeunes ou comme escalier au grenier. L&#039;escalier rectiligne peu encombrant a des marches log\u00e9es dans les joues et dispose d&#039;une double main courante, de sorte que la main courante offre une mont\u00e9e confortable et s\u00fbre - une v\u00e9ritable mont\u00e9e en toute s\u00e9curit\u00e9<\/span><\/p>\n<p id=\"tw-target-text\" class=\"tw-data-text tw-text-large tw-ta\" dir=\"ltr\" data-placeholder=\"Vertaling\"><strong><span class=\"Y2IQFc\" lang=\"nl\">CONSEILS D&#039;INSTALLATION <\/span><\/strong><\/p>\n<p class=\"tw-data-text tw-text-large tw-ta\" dir=\"ltr\" data-placeholder=\"Vertaling\"><span class=\"Y2IQFc\" lang=\"nl\">DOLLE Amsterdam est livr\u00e9 avec un ensemble d&#039;escaliers droits emball\u00e9s \u00e0 plat en bois de pin avec 12 marches et une main courante. L&#039;escalier peu encombrant est fourni avec des supports de montage \u00e0 fixer au sommet du vide. Tr\u00e8s facile \u00e0 installer pour le bricoleur sans outils sp\u00e9cialis\u00e9s. Si votre hauteur de sol \u00e0 sol est inf\u00e9rieure \u00e0 2980 mm, vous devrez couper sur place pour r\u00e9pondre \u00e0 votre mesure de hauteur. La mezzanine Amsterdam peu encombrante n\u00e9cessite une ouverture vid\u00e9o minimale de 1200 mm x 600 mm. Les escaliers sont livr\u00e9s non trait\u00e9s. Il est possible de vernir ou de peindre.<\/span><\/p>\n<p class=\"tw-data-text tw-text-large tw-ta\" dir=\"ltr\" data-placeholder=\"Vertaling\"><strong><span class=\"Y2IQFc\" lang=\"nl\">FOR\u00caTS CERTIFI\u00c9ES FSC\u00ae <\/span><\/strong><\/p>\n<p class=\"tw-data-text tw-text-large tw-ta\" dir=\"ltr\" data-placeholder=\"Vertaling\"><span class=\"Y2IQFc\" lang=\"nl\">L&#039;escalier de grenier peu encombrant DOLLE Amsterdam est un design et un savoir-faire scandinaves combin\u00e9s \u00e0 des mat\u00e9riaux traditionnels. Les escaliers peu encombrants sont fabriqu\u00e9s chez DOLLE au Danemark selon des syst\u00e8mes certifi\u00e9s ISO, notre bois provient de for\u00eats renouvelables certifi\u00e9es FSC\u00ae. Deuxi\u00e8me main courante assortie en option disponible si n\u00e9cessaire. Ensemble de crochets et de tiges en option, qui permet de retirer l&#039;\u00e9chelle de grenier et de la ranger dans un endroit diff\u00e9rent lorsqu&#039;elle n&#039;est pas utilis\u00e9e Le syst\u00e8me coulissant d&#039;\u00e9chelle en option permet de pousser l&#039;escalier DOLLE Amsterdam contre le mur lorsqu&#039;il n&#039;est pas utilis\u00e9<\/span><\/p>\n<p><strong><span class=\"Y2IQFc\" lang=\"nl\">AVANTAGES<\/span><\/strong><\/p>\n<ul>\n<li><span class=\"Y2IQFc\" lang=\"nl\">Escalier gain de place de haute qualit\u00e9 <\/span><\/li>\n<li><span class=\"Y2IQFc\" lang=\"nl\">Bandes de roulement delta de conception unique pour \u00e9conomiser de l&#039;espace<\/span><\/li>\n<li><span class=\"Y2IQFc\" lang=\"nl\">Installation simple et rapide sans l&#039;utilisation d&#039;outils sp\u00e9ciaux<\/span><\/li>\n<li><span class=\"Y2IQFc\" lang=\"nl\"> Fabriqu\u00e9 au Danemark (FSC)<\/span><\/li>\n<\/ul>","protected":false},"excerpt":{"rendered":"<p>VEILIGHEID EN FLEXIBILITEIT De ruimtebesparende trap Amsterdam heeft uniek ontworpen 57 cm brede treden die ideaal zijn voor kleine ruimtes en minder verkeer in huis. De rustieke houtafwerking in dennenhout past bij veel inrichtingsstijlen. De uniek ontworpen delta-treden zijn 14 cm op het breedste punt van het loopvlak. Gereduceerd tot de essenti\u00eble elementen van een [&hellip;]<\/p>\n","protected":false},"featured_media":5613,"template":"","meta":{"_acf_changed":false},"product_brand":[],"product_cat":[1744,1809],"product_tag":[6486],"kleur":[],"productlijn":[],"kastbreedte":[],"kastlengte":[],"vl_pl_hoogte_a":[],"class_list":{"0":"post-6219","1":"product","2":"type-product","3":"status-publish","4":"has-post-thumbnail","6":"product_cat-hout-trappen","7":"product_cat-molenaarstrappen","8":"product_tag-dolle","9":"product_shipping_class-extra-lang","11":"first","12":"instock","13":"purchasable","14":"product-type-simple"},"acf":[],"_links":{"self":[{"href":"https:\/\/trappenstore.be\/fr\/wp-json\/wp\/v2\/product\/6219","targetHints":{"allow":["GET"]}}],"collection":[{"href":"https:\/\/trappenstore.be\/fr\/wp-json\/wp\/v2\/product"}],"about":[{"href":"https:\/\/trappenstore.be\/fr\/wp-json\/wp\/v2\/types\/product"}],"wp:featuredmedia":[{"embeddable":true,"href":"https:\/\/trappenstore.be\/fr\/wp-json\/wp\/v2\/media\/5613"}],"wp:attachment":[{"href":"https:\/\/trappenstore.be\/fr\/wp-json\/wp\/v2\/media?parent=6219"}],"wp:term":[{"taxonomy":"product_brand","embeddable":true,"href":"https:\/\/trappenstore.be\/fr\/wp-json\/wp\/v2\/product_brand?post=6219"},{"taxonomy":"product_cat","embeddable":true,"href":"https:\/\/trappenstore.be\/fr\/wp-json\/wp\/v2\/product_cat?post=6219"},{"taxonomy":"product_tag","embeddable":true,"href":"https:\/\/trappenstore.be\/fr\/wp-json\/wp\/v2\/product_tag?post=6219"},{"taxonomy":"kleur","embeddable":true,"href":"https:\/\/trappenstore.be\/fr\/wp-json\/wp\/v2\/kleur?post=6219"},{"taxonomy":"productlijn","embeddable":true,"href":"https:\/\/trappenstore.be\/fr\/wp-json\/wp\/v2\/productlijn?post=6219"},{"taxonomy":"kastbreedte","embeddable":true,"href":"https:\/\/trappenstore.be\/fr\/wp-json\/wp\/v2\/kastbreedte?post=6219"},{"taxonomy":"kastlengte","embeddable":true,"href":"https:\/\/trappenstore.be\/fr\/wp-json\/wp\/v2\/kastlengte?post=6219"},{"taxonomy":"vl_pl_hoogte_a","embeddable":true,"href":"https:\/\/trappenstore.be\/fr\/wp-json\/wp\/v2\/vl_pl_hoogte_a?post=6219"}],"curies":[{"name":"wp","href":"https:\/\/api.w.org\/{rel}","templated":true}]}}