{"id":6215,"date":"2020-07-16T17:38:01","date_gmt":"2020-07-16T15:38:01","guid":{"rendered":"https:\/\/trappenstore.be\/?post_type=product&#038;p=6215"},"modified":"2026-03-16T14:28:50","modified_gmt":"2026-03-16T13:28:50","slug":"paris-den","status":"publish","type":"product","link":"https:\/\/trappenstore.be\/fr\/produit\/paris-den\/","title":{"rendered":"Paris (Borne)"},"content":{"rendered":"<p id=\"tw-target-text\" class=\"tw-data-text tw-text-large tw-ta\" dir=\"ltr\" data-placeholder=\"Vertaling\"><strong><span class=\"Y2IQFc\" lang=\"nl\">ESCALIER \u00c9L\u00c9GANT GAIN DE PLACE<\/span><\/strong><\/p>\n<p class=\"tw-data-text tw-text-large tw-ta\" dir=\"ltr\" data-placeholder=\"Vertaling\"><span class=\"Y2IQFc\" lang=\"nl\">Le PARIS est un \u00e9l\u00e9gant escalier intemporel au design clair et clair qui convient \u00e0 la plupart des maisons. PARIS est disponible en vol rectiligne ou en quart de tour \u00e0 gauche ou \u00e0 droite. Choisissez entre une main courante en bois avec des balustres carr\u00e9s ou des remplissages en acier inoxydable de \u00d816 mm pour ajouter un look \u00e9l\u00e9gant et maximiser le confort et la s\u00e9curit\u00e9 lors de l&#039;utilisation des escaliers. L&#039;escalier droit est \u00e9galement disponible sans main courante. Les escaliers PARIS sont con\u00e7us avec une largeur de 83,5 cm et des marches de 21 cm de profondeur pour assurer un haut niveau de confort. Les escaliers prennent peu de place dans la maison et sont donc id\u00e9aux pour les petits espaces. <\/span><\/p>\n<p class=\"tw-data-text tw-text-large tw-ta\" dir=\"ltr\" data-placeholder=\"Vertaling\"><span class=\"Y2IQFc\" lang=\"nl\">La version droite a 14 marches et une hauteur maximale de sol \u00e0 sol de 280,5 cm. <\/span><\/p>\n<p class=\"tw-data-text tw-text-large tw-ta\" dir=\"ltr\" data-placeholder=\"Vertaling\"><span class=\"Y2IQFc\" lang=\"nl\">Un format quart de tour comporte 16 marches et atteint une hauteur sol \u00e0 sol maximale de 318 cm. Les deux escaliers peuvent \u00eatre raccourcis en coupant les ficelles. <\/span><\/p>\n<p class=\"tw-data-text tw-text-large tw-ta\" dir=\"ltr\" data-placeholder=\"Vertaling\"><span class=\"Y2IQFc\" lang=\"nl\">DOLLE PARIS est con\u00e7u pour r\u00e9pondre aux besoins d&#039;un usage quotidien et test\u00e9 jusqu&#039;\u00e0 une charge totale maximale de 150 kg. Les escaliers sont pr\u00e9par\u00e9s pour une installation facile des contremarches.<\/span><\/p>\n<p class=\"tw-data-text tw-text-large tw-ta\" dir=\"ltr\" data-placeholder=\"Vertaling\"><span class=\"Y2IQFc\" lang=\"nl\">Les escaliers sont disponibles en plusieurs variantes comme un quart tournant et un escalier droit. <\/span><\/p>\n<p class=\"tw-data-text tw-text-large tw-ta\" dir=\"ltr\" data-placeholder=\"Vertaling\"><strong><span class=\"Y2IQFc\" lang=\"nl\">AVANTAGES<\/span><\/strong><\/p>\n<ul>\n<li class=\"tw-data-text tw-text-large tw-ta\" dir=\"ltr\" data-placeholder=\"Vertaling\"><span class=\"Y2IQFc\" lang=\"nl\">L\u00e9ger et \u00e9l\u00e9gant<\/span><\/li>\n<li class=\"tw-data-text tw-text-large tw-ta\" dir=\"ltr\" data-placeholder=\"Vertaling\"><span class=\"Y2IQFc\" lang=\"nl\">Conception intemporelle <\/span><\/li>\n<li class=\"tw-data-text tw-text-large tw-ta\" dir=\"ltr\" data-placeholder=\"Vertaling\"><span class=\"Y2IQFc\" lang=\"nl\">Solution d&#039;escalier peu encombrante <\/span><\/li>\n<li class=\"tw-data-text tw-text-large tw-ta\" dir=\"ltr\" data-placeholder=\"Vertaling\"><span class=\"Y2IQFc\" lang=\"nl\">De nombreuses possibilit\u00e9s <\/span><\/li>\n<li class=\"tw-data-text tw-text-large tw-ta\" dir=\"ltr\" data-placeholder=\"Vertaling\"><span class=\"Y2IQFc\" lang=\"nl\">Disponible dans divers mod\u00e8les d&#039;\u00e9pic\u00e9a et de ch\u00eane<\/span><\/li>\n<\/ul>","protected":false},"excerpt":{"rendered":"<p>ELEGANTE RUIMTEBESPARENDE TRAP De PARIS\u00a0 is een elegante tijdloze trap in een licht en helder design dat bij de meeste woningen past. PARIS is verkrijgbaar als rechte vlucht of kwartslag naar links of rechts. Kies tussen een houten leuning met vierkante balusters of \u00d816mm roestvrijstalen vullingen om een \u200b\u200belegante look toe te voegen en het [&hellip;]<\/p>\n","protected":false},"featured_media":5634,"template":"","meta":{"_acf_changed":false},"product_brand":[],"product_cat":[1744,1809],"product_tag":[6486],"kleur":[],"productlijn":[],"kastbreedte":[],"kastlengte":[],"vl_pl_hoogte_a":[],"class_list":{"0":"post-6215","1":"product","2":"type-product","3":"status-publish","4":"has-post-thumbnail","6":"product_cat-hout-trappen","7":"product_cat-molenaarstrappen","8":"product_tag-dolle","9":"product_shipping_class-extra-lang","10":"pa_beschrijving-paris-den-rechte-trap","11":"pa_beschrijving-paris-den-leuning-rechte-balusters","12":"pa_beschrijving-paris-den-leuning-gedraaide-balusters","13":"pa_beschrijving-paris-den-1-4-draai-links","14":"pa_beschrijving-paris-den-1-4-draai-rechts","15":"pa_beschrijving-paris-den-tegentreden-rechte-trap","16":"pa_beschrijving-paris-den-tegentreden-1-4-draai","18":"first","19":"instock","20":"purchasable","21":"product-type-variable"},"acf":[],"_links":{"self":[{"href":"https:\/\/trappenstore.be\/fr\/wp-json\/wp\/v2\/product\/6215","targetHints":{"allow":["GET"]}}],"collection":[{"href":"https:\/\/trappenstore.be\/fr\/wp-json\/wp\/v2\/product"}],"about":[{"href":"https:\/\/trappenstore.be\/fr\/wp-json\/wp\/v2\/types\/product"}],"wp:featuredmedia":[{"embeddable":true,"href":"https:\/\/trappenstore.be\/fr\/wp-json\/wp\/v2\/media\/5634"}],"wp:attachment":[{"href":"https:\/\/trappenstore.be\/fr\/wp-json\/wp\/v2\/media?parent=6215"}],"wp:term":[{"taxonomy":"product_brand","embeddable":true,"href":"https:\/\/trappenstore.be\/fr\/wp-json\/wp\/v2\/product_brand?post=6215"},{"taxonomy":"product_cat","embeddable":true,"href":"https:\/\/trappenstore.be\/fr\/wp-json\/wp\/v2\/product_cat?post=6215"},{"taxonomy":"product_tag","embeddable":true,"href":"https:\/\/trappenstore.be\/fr\/wp-json\/wp\/v2\/product_tag?post=6215"},{"taxonomy":"kleur","embeddable":true,"href":"https:\/\/trappenstore.be\/fr\/wp-json\/wp\/v2\/kleur?post=6215"},{"taxonomy":"productlijn","embeddable":true,"href":"https:\/\/trappenstore.be\/fr\/wp-json\/wp\/v2\/productlijn?post=6215"},{"taxonomy":"kastbreedte","embeddable":true,"href":"https:\/\/trappenstore.be\/fr\/wp-json\/wp\/v2\/kastbreedte?post=6215"},{"taxonomy":"kastlengte","embeddable":true,"href":"https:\/\/trappenstore.be\/fr\/wp-json\/wp\/v2\/kastlengte?post=6215"},{"taxonomy":"vl_pl_hoogte_a","embeddable":true,"href":"https:\/\/trappenstore.be\/fr\/wp-json\/wp\/v2\/vl_pl_hoogte_a?post=6215"}],"curies":[{"name":"wp","href":"https:\/\/api.w.org\/{rel}","templated":true}]}}