{"id":6201,"date":"2020-07-16T17:24:01","date_gmt":"2020-07-16T15:24:01","guid":{"rendered":"https:\/\/trappenstore.be\/?post_type=product&#038;p=6201"},"modified":"2026-03-16T14:28:52","modified_gmt":"2026-03-16T13:28:52","slug":"calgary-grey","status":"publish","type":"product","link":"https:\/\/trappenstore.be\/fr\/produit\/calgary-grey\/","title":{"rendered":"Gris Calgary"},"content":{"rendered":"<p dir=\"ltr\" data-placeholder=\"Vertaling\"><strong>ESCALIER \u00c9L\u00c9GANT GAIN DE PLACE<\/strong><\/p>\n<p id=\"tw-target-text\" class=\"tw-data-text tw-text-large tw-ta\" dir=\"ltr\" data-placeholder=\"Vertaling\"><span class=\"Y2IQFc\" lang=\"nl\">L&#039;escalier Calgary de DOLLE est un escalier en colima\u00e7on caract\u00e9ristique. Il r\u00e9sout l&#039;exigence d&#039;une connexion entre les \u00e9tages avec tr\u00e8s peu d&#039;espace, vous permettant d&#039;utiliser une zone \u00e0 l&#039;\u00e9tage suivant qui prend un minimum d&#039;espace au sol. L&#039;escalier est gris et comprend 11 marches et une plate-forme en contreplaqu\u00e9 de h\u00eatre. La hauteur de point peut \u00eatre ajust\u00e9e avec des entretoises de 20,4 \u00e0 23,4 cm, en fonction de la hauteur du sol. DOLLE s&#039;adapte directement au plafond et il est \u00e9galement possible d&#039;adapter la plateforme sur place \u00e0 des ouvertures rondes au plafond. <\/span><\/p>\n<p class=\"tw-data-text tw-text-large tw-ta\" dir=\"ltr\" data-placeholder=\"Vertaling\"><strong><span class=\"Y2IQFc\" lang=\"nl\">DISPONIBLE EN DEUX DIAM\u00c8TRES <\/span><\/strong><\/p>\n<p class=\"tw-data-text tw-text-large tw-ta\" dir=\"ltr\" data-placeholder=\"Vertaling\"><span class=\"Y2IQFc\" lang=\"nl\">Les diam\u00e8tres sont de 120 cm et 140 cm. Il atteint une hauteur au sol minimale de 244,8 cm \u00e0 280,8 cm maximum. L&#039;escalier en colima\u00e7on est d&#039;un excellent rapport qualit\u00e9-prix et reste \u00e0 la fois moderne et \u00e9l\u00e9gant. Pour les escaliers d&#039;un diam\u00e8tre de 120 cm, l&#039;ouverture au plafond doit \u00eatre d&#039;au moins 130 cm. Des didacticiels vid\u00e9o sont disponibles pour faciliter l&#039;installation en toute s\u00e9curit\u00e9.\u00a0<\/span><\/p>\n<p class=\"tw-data-text tw-text-large tw-ta\" dir=\"ltr\" data-placeholder=\"Vertaling\"><span class=\"Y2IQFc\" lang=\"nl\"> Les escaliers sont conformes aux normes de construction europ\u00e9ennes en vigueur d\u00e9finies dans les normes EN 1991 et EN 1993. Les escaliers de Calgary sont certifi\u00e9s pour une charge ponctuelle maximale de 200 kg et une charge totale maximale de 620 kg. La rampe est homologu\u00e9e pour une charge horizontale de 50 kg\/m\u00e8tre. <\/span><\/p>\n<p class=\"tw-data-text tw-text-large tw-ta\" dir=\"ltr\" data-placeholder=\"Vertaling\"><strong><span class=\"Y2IQFc\" lang=\"nl\">AVANTAGES<\/span><\/strong><\/p>\n<ul>\n<li class=\"tw-data-text tw-text-large tw-ta\" dir=\"ltr\" data-placeholder=\"Vertaling\"><span class=\"Y2IQFc\" lang=\"nl\"> Tendance dans le design scandinave. <\/span><\/li>\n<li class=\"tw-data-text tw-text-large tw-ta\" dir=\"ltr\" data-placeholder=\"Vertaling\"><span class=\"Y2IQFc\" lang=\"nl\">Design et fonctionnalit\u00e9 vont de pair <\/span><\/li>\n<li class=\"tw-data-text tw-text-large tw-ta\" dir=\"ltr\" data-placeholder=\"Vertaling\"><span class=\"Y2IQFc\" lang=\"nl\">Disponible dans les deux diam\u00e8tres 120 cm et 140 cm <\/span><\/li>\n<li class=\"tw-data-text tw-text-large tw-ta\" dir=\"ltr\" data-placeholder=\"Vertaling\"><span class=\"Y2IQFc\" lang=\"nl\">Excellent rapport qualit\u00e9\/prix<\/span><\/li>\n<\/ul>","protected":false},"excerpt":{"rendered":"<p>ELEGANTE RUIMTEBESPARENDE TRAP De Calgary trap van DOLLE is een karakteristieke wenteltrap. Het lost de vereiste voor een verbinding tussen verdiepingen met zeer weinig ruimte op, zodat u een gebied op de volgende verdieping kunt gebruiken dat een minimaal vloeroppervlak in beslag neemt. De trap is grijs en wordt compleet geleverd met 11 treden en [&hellip;]<\/p>\n","protected":false},"featured_media":5683,"template":"","meta":{"_acf_changed":false},"product_brand":[],"product_cat":[1744,1851],"product_tag":[6486],"kleur":[],"productlijn":[],"kastbreedte":[],"kastlengte":[],"vl_pl_hoogte_a":[],"class_list":{"0":"post-6201","1":"product","2":"type-product","3":"status-publish","4":"has-post-thumbnail","6":"product_cat-hout-trappen","7":"product_cat-spiltrappen","8":"product_tag-dolle","9":"pa_beschrijving-calgary-grey-120cm-doorsnede","10":"pa_beschrijving-calgary-grey-140cm-doorsnede","12":"first","13":"instock","14":"purchasable","15":"product-type-variable"},"acf":[],"_links":{"self":[{"href":"https:\/\/trappenstore.be\/fr\/wp-json\/wp\/v2\/product\/6201","targetHints":{"allow":["GET"]}}],"collection":[{"href":"https:\/\/trappenstore.be\/fr\/wp-json\/wp\/v2\/product"}],"about":[{"href":"https:\/\/trappenstore.be\/fr\/wp-json\/wp\/v2\/types\/product"}],"wp:featuredmedia":[{"embeddable":true,"href":"https:\/\/trappenstore.be\/fr\/wp-json\/wp\/v2\/media\/5683"}],"wp:attachment":[{"href":"https:\/\/trappenstore.be\/fr\/wp-json\/wp\/v2\/media?parent=6201"}],"wp:term":[{"taxonomy":"product_brand","embeddable":true,"href":"https:\/\/trappenstore.be\/fr\/wp-json\/wp\/v2\/product_brand?post=6201"},{"taxonomy":"product_cat","embeddable":true,"href":"https:\/\/trappenstore.be\/fr\/wp-json\/wp\/v2\/product_cat?post=6201"},{"taxonomy":"product_tag","embeddable":true,"href":"https:\/\/trappenstore.be\/fr\/wp-json\/wp\/v2\/product_tag?post=6201"},{"taxonomy":"kleur","embeddable":true,"href":"https:\/\/trappenstore.be\/fr\/wp-json\/wp\/v2\/kleur?post=6201"},{"taxonomy":"productlijn","embeddable":true,"href":"https:\/\/trappenstore.be\/fr\/wp-json\/wp\/v2\/productlijn?post=6201"},{"taxonomy":"kastbreedte","embeddable":true,"href":"https:\/\/trappenstore.be\/fr\/wp-json\/wp\/v2\/kastbreedte?post=6201"},{"taxonomy":"kastlengte","embeddable":true,"href":"https:\/\/trappenstore.be\/fr\/wp-json\/wp\/v2\/kastlengte?post=6201"},{"taxonomy":"vl_pl_hoogte_a","embeddable":true,"href":"https:\/\/trappenstore.be\/fr\/wp-json\/wp\/v2\/vl_pl_hoogte_a?post=6201"}],"curies":[{"name":"wp","href":"https:\/\/api.w.org\/{rel}","templated":true}]}}