{"id":6198,"date":"2020-07-16T17:23:14","date_gmt":"2020-07-16T15:23:14","guid":{"rendered":"https:\/\/trappenstore.be\/?post_type=product&#038;p=6198"},"modified":"2026-03-16T14:28:51","modified_gmt":"2026-03-16T13:28:51","slug":"toronto-2","status":"publish","type":"product","link":"https:\/\/trappenstore.be\/fr\/produit\/toronto-2\/","title":{"rendered":"Toronto"},"content":{"rendered":"<p id=\"tw-target-text\" class=\"tw-data-text tw-text-large tw-ta\" dir=\"ltr\" data-placeholder=\"Vertaling\"><strong><span class=\"Y2IQFc\" lang=\"nl\">ESCALIER \u00c9TANCHE FACILE \u00c0 INSTALLER<\/span><\/strong><\/p>\n<p class=\"tw-data-text tw-text-large tw-ta\" dir=\"ltr\" data-placeholder=\"Vertaling\"><span class=\"Y2IQFc\" lang=\"nl\">TORONTO Escalier en colima\u00e7on de DOLLE en m\u00e9tal et adapt\u00e9 \u00e0 une utilisation int\u00e9rieure et ext\u00e9rieure. Con\u00e7u pour le confort, du balcon au jardin en prenant le moins de place ! Le DOLLE Toronto est la solution id\u00e9ale ! Disponible en 3 diam\u00e8tres : \u00d8125 et \u00d8155 pour une hauteur sol \u00e0 sol jusqu&#039;\u00e0 399,5 cm et \u00d8185 pour une hauteur jusqu&#039;\u00e0 352,5 cm. Choisissez votre longueur dans le menu d\u00e9roulant. Il est livr\u00e9 avec une main courante flexible continue. La rampe avec barres rondes est galvanis\u00e9e \u00e0 chaud et finie avec une main courante arrondie en plastique gris (PE). L&#039;escalier est con\u00e7u avec des marches en acier perfor\u00e9 qui assurent un haut niveau de s\u00e9curit\u00e9 et de confort. Les marches sont en t\u00f4le d&#039;acier perfor\u00e9e galvanis\u00e9e \u00e0 chaud et sont tr\u00e8s durables, faciles \u00e0 entretenir et \u00e0 nettoyer. La perforation sur la bande de roulement sup\u00e9rieure est antid\u00e9rapante et assure un drainage efficace de l&#039;eau pour un acc\u00e8s s\u00fbr. Les options suppl\u00e9mentaires incluent un parapet. <\/span><\/p>\n<p class=\"tw-data-text tw-text-large tw-ta\" dir=\"ltr\" data-placeholder=\"Vertaling\"><span class=\"Y2IQFc\" lang=\"nl\"><strong>RESTEZ EN S\u00c9CURIT\u00c9 ET N&#039;OUBLIEZ PAS LES FONDAMENTS\u00a0!<\/strong> <\/span><\/p>\n<p class=\"tw-data-text tw-text-large tw-ta\" dir=\"ltr\" data-placeholder=\"Vertaling\"><span class=\"Y2IQFc\" lang=\"nl\">Une fondation est n\u00e9cessaire pour le DOLLE Toronto comme base s\u00fbre. Pr\u00e9voyez la fondation d&#039;au moins 40 cm x 40 cm x 80 cm (L x l x P). Cette information correspond \u00e0 des conditions de sol normales avec un sol cultiv\u00e9. L&#039;escalier peut \u00eatre utilis\u00e9 comme charni\u00e8re \u00e0 gauche ou \u00e0 droite et peut \u00eatre utilis\u00e9 pour des ouvertures rondes ou carr\u00e9es.\u00a0<\/span><\/p>\n<p class=\"tw-data-text tw-text-large tw-ta\" dir=\"ltr\" data-placeholder=\"Vertaling\"><strong><span class=\"Y2IQFc\" lang=\"nl\">AVANTAGES<\/span><\/strong><\/p>\n<ul>\n<li class=\"tw-data-text tw-text-large tw-ta\" dir=\"ltr\" data-placeholder=\"Vertaling\"><span class=\"Y2IQFc\" lang=\"nl\">Prend tr\u00e8s peu de place en bas <\/span><\/li>\n<li class=\"tw-data-text tw-text-large tw-ta\" dir=\"ltr\" data-placeholder=\"Vertaling\"><span class=\"Y2IQFc\" lang=\"nl\">R\u00e9sistant aux intemp\u00e9ries pour une utilisation en ext\u00e9rieur<\/span><\/li>\n<li class=\"tw-data-text tw-text-large tw-ta\" dir=\"ltr\" data-placeholder=\"Vertaling\"><span class=\"Y2IQFc\" lang=\"nl\">Pas d&#039;entretien <\/span><\/li>\n<li class=\"tw-data-text tw-text-large tw-ta\" dir=\"ltr\" data-placeholder=\"Vertaling\"><span class=\"Y2IQFc\" lang=\"nl\">Marches de qualit\u00e9 sup\u00e9rieure en t\u00f4le d&#039;acier perfor\u00e9e galvanis\u00e9e \u00e0 chaud<\/span><\/li>\n<\/ul>","protected":false},"excerpt":{"rendered":"<p>WEERBESTENDIGE TRAP EENVOUDIG TE INSTALEREN TORONTO Wenteltrap van DOLLE uitgevoerd in metaal en geschikt voor zowel binnen- als buitengebruik. Ontworpen voor gemak, van het balkon tot de tuin die de kleinste ruimte in beslag neemt! De DOLLE Toronto is de ideale oplossing! Verkrijgbaar in 3 diameters: \u00d8125 en \u00d8155 voor een vloer tot vloer hoogte [&hellip;]<\/p>\n","protected":false},"featured_media":5759,"template":"","meta":{"_acf_changed":false},"product_brand":[],"product_cat":[1744,1851],"product_tag":[6486],"kleur":[],"productlijn":[],"kastbreedte":[],"kastlengte":[],"vl_pl_hoogte_a":[],"class_list":{"0":"post-6198","1":"product","2":"type-product","3":"status-publish","4":"has-post-thumbnail","6":"product_cat-hout-trappen","7":"product_cat-spiltrappen","8":"product_tag-dolle","9":"pa_beschrijving-toronto-trap-125-doorsnede","10":"pa_beschrijving-toronto-trap-155-doorsnede","11":"pa_beschrijving-toronto-trap-125-1-trede","12":"pa_beschrijving-toronto-trap-155-1-trede","13":"pa_beschrijving-toronto-trap-125-extra-balluster","14":"pa_beschrijving-toronto-trap-155-extra-balluster","15":"pa_beschrijving-toronto-trap-center-kolom","16":"pa_beschrijving-toronto-trap-balustrade-1m","17":"pa_beschrijving-toronto-trap-balustrade-1m-extentionkit","19":"first","20":"instock","21":"purchasable","22":"product-type-variable"},"acf":[],"_links":{"self":[{"href":"https:\/\/trappenstore.be\/fr\/wp-json\/wp\/v2\/product\/6198","targetHints":{"allow":["GET"]}}],"collection":[{"href":"https:\/\/trappenstore.be\/fr\/wp-json\/wp\/v2\/product"}],"about":[{"href":"https:\/\/trappenstore.be\/fr\/wp-json\/wp\/v2\/types\/product"}],"wp:featuredmedia":[{"embeddable":true,"href":"https:\/\/trappenstore.be\/fr\/wp-json\/wp\/v2\/media\/5759"}],"wp:attachment":[{"href":"https:\/\/trappenstore.be\/fr\/wp-json\/wp\/v2\/media?parent=6198"}],"wp:term":[{"taxonomy":"product_brand","embeddable":true,"href":"https:\/\/trappenstore.be\/fr\/wp-json\/wp\/v2\/product_brand?post=6198"},{"taxonomy":"product_cat","embeddable":true,"href":"https:\/\/trappenstore.be\/fr\/wp-json\/wp\/v2\/product_cat?post=6198"},{"taxonomy":"product_tag","embeddable":true,"href":"https:\/\/trappenstore.be\/fr\/wp-json\/wp\/v2\/product_tag?post=6198"},{"taxonomy":"kleur","embeddable":true,"href":"https:\/\/trappenstore.be\/fr\/wp-json\/wp\/v2\/kleur?post=6198"},{"taxonomy":"productlijn","embeddable":true,"href":"https:\/\/trappenstore.be\/fr\/wp-json\/wp\/v2\/productlijn?post=6198"},{"taxonomy":"kastbreedte","embeddable":true,"href":"https:\/\/trappenstore.be\/fr\/wp-json\/wp\/v2\/kastbreedte?post=6198"},{"taxonomy":"kastlengte","embeddable":true,"href":"https:\/\/trappenstore.be\/fr\/wp-json\/wp\/v2\/kastlengte?post=6198"},{"taxonomy":"vl_pl_hoogte_a","embeddable":true,"href":"https:\/\/trappenstore.be\/fr\/wp-json\/wp\/v2\/vl_pl_hoogte_a?post=6198"}],"curies":[{"name":"wp","href":"https:\/\/api.w.org\/{rel}","templated":true}]}}