{"id":5519,"date":"2020-06-19T13:50:01","date_gmt":"2020-06-19T11:50:01","guid":{"rendered":"https:\/\/trappenstore.be\/product\/dolle-loft-sw26-4\/"},"modified":"2026-03-16T14:28:52","modified_gmt":"2026-03-16T13:28:52","slug":"dolle-loft-sw26-4","status":"publish","type":"product","link":"https:\/\/trappenstore.be\/fr\/produit\/dolle-loft-sw26-4\/","title":{"rendered":"Loft Dolle SW26-4"},"content":{"rendered":"<p style=\"text-align: left;\"><span style=\"color: #993300;\"><strong>ACCESSOIRES OPTIONNELS<\/strong><\/span><br \/>\nLes pieds, les architraves et les mains courantes en plastique ne sont pas inclus en standard.<\/p>\n<section class=\"description\">\n<p style=\"text-align: left;\"><span style=\"color: #993300;\"><strong>AVANTAGES<\/strong><\/span><\/p>\n<ul>\n<li>Haute stabilit\u00e9<\/li>\n<li>Construction solide<\/li>\n<li>Facile \u00e0 installer et \u00e0 utiliser<\/li>\n<li>Classe d&#039;\u00e9tanch\u00e9it\u00e9 4 selon DIN EN 12207<\/li>\n<li>Fabriqu\u00e9 selon DIN EN 149<\/li>\n<\/ul>\n<\/section>","protected":false},"excerpt":{"rendered":"<p>ACCESSOIRES OPTIONNELS Les pieds, architraves et garde-corps en plastique ne sont pas fournis en standard. AVANTAGES Haute stabilit\u00e9 Construction solide Facile \u00e0 installer et \u00e0 utiliser Classe d&#039;\u00e9tanch\u00e9it\u00e9 4 selon DIN EN 12207 Produit selon DIN EN 149<\/p>","protected":false},"featured_media":5516,"template":"","meta":{"_acf_changed":false},"product_brand":[],"product_cat":[1744,1745],"product_tag":[6486],"kleur":[],"productlijn":[7006],"kastbreedte":[6404,6405],"kastlengte":[6402],"vl_pl_hoogte_a":[],"class_list":{"0":"post-5519","1":"product","2":"type-product","3":"status-publish","4":"has-post-thumbnail","6":"product_cat-hout-trappen","7":"product_cat-zoldertrappen","8":"product_tag-dolle","9":"pa_beschrijving-dolle-loft-sw26-4-120-x-60","10":"pa_beschrijving-dolle-loft-sw26-4-120-x-70","11":"productlijn-traditioneel-houten-trap","12":"kastbreedte-60-cm","13":"kastbreedte-70-cm","14":"kastlengte-120-cm","16":"first","17":"instock","18":"purchasable","19":"product-type-variable"},"acf":[],"_links":{"self":[{"href":"https:\/\/trappenstore.be\/fr\/wp-json\/wp\/v2\/product\/5519","targetHints":{"allow":["GET"]}}],"collection":[{"href":"https:\/\/trappenstore.be\/fr\/wp-json\/wp\/v2\/product"}],"about":[{"href":"https:\/\/trappenstore.be\/fr\/wp-json\/wp\/v2\/types\/product"}],"wp:featuredmedia":[{"embeddable":true,"href":"https:\/\/trappenstore.be\/fr\/wp-json\/wp\/v2\/media\/5516"}],"wp:attachment":[{"href":"https:\/\/trappenstore.be\/fr\/wp-json\/wp\/v2\/media?parent=5519"}],"wp:term":[{"taxonomy":"product_brand","embeddable":true,"href":"https:\/\/trappenstore.be\/fr\/wp-json\/wp\/v2\/product_brand?post=5519"},{"taxonomy":"product_cat","embeddable":true,"href":"https:\/\/trappenstore.be\/fr\/wp-json\/wp\/v2\/product_cat?post=5519"},{"taxonomy":"product_tag","embeddable":true,"href":"https:\/\/trappenstore.be\/fr\/wp-json\/wp\/v2\/product_tag?post=5519"},{"taxonomy":"kleur","embeddable":true,"href":"https:\/\/trappenstore.be\/fr\/wp-json\/wp\/v2\/kleur?post=5519"},{"taxonomy":"productlijn","embeddable":true,"href":"https:\/\/trappenstore.be\/fr\/wp-json\/wp\/v2\/productlijn?post=5519"},{"taxonomy":"kastbreedte","embeddable":true,"href":"https:\/\/trappenstore.be\/fr\/wp-json\/wp\/v2\/kastbreedte?post=5519"},{"taxonomy":"kastlengte","embeddable":true,"href":"https:\/\/trappenstore.be\/fr\/wp-json\/wp\/v2\/kastlengte?post=5519"},{"taxonomy":"vl_pl_hoogte_a","embeddable":true,"href":"https:\/\/trappenstore.be\/fr\/wp-json\/wp\/v2\/vl_pl_hoogte_a?post=5519"}],"curies":[{"name":"wp","href":"https:\/\/api.w.org\/{rel}","templated":true}]}}