{"id":13635,"date":"2024-01-26T14:11:47","date_gmt":"2024-01-26T13:11:47","guid":{"rendered":"https:\/\/trappenstore.be\/?post_type=product&#038;p=13635"},"modified":"2024-01-26T14:22:52","modified_gmt":"2024-01-26T13:22:52","slug":"dolle-rei-60-brandwerend-3-delig-maatwerk","status":"publish","type":"product","link":"https:\/\/trappenstore.be\/fr\/produit\/dolle-rei-60-brandwerend-3-delig-maatwerk\/","title":{"rendered":"Dolle Rei 60 R\u00e9sistant au feu 3 pi\u00e8ces Sur mesure"},"content":{"rendered":"<h4><span style=\"color: #993300;\">DOLLE \u00c9CHELLE DE GRENIER R\u00c9SISTANTE AU FEU<\/span><\/h4>\n<p>DOLLE REI 60 est r\u00e9sistant au feu pendant 60 minutes et est conforme \u00e0 la norme EN 13501-2. La trappe est isol\u00e9e avec un panneau de laine de roche de 50 mm, compos\u00e9 de laine de roche Rockwool ininflammable, hydrofuge et hydrofuge. La trappe a une belle finition en plaque HDF blanche avec charni\u00e8res cach\u00e9es et dispose d&#039;une serrure de haute qualit\u00e9. L&#039;\u00e9chelle Loft DOLLE REI 60 est en pin robuste de qualit\u00e9 avec 12 marches en h\u00eatre antid\u00e9rapantes avec pieds en plastique antid\u00e9rapant noir pour prot\u00e9ger le sol. Le bo\u00eetier de 19 cm de haut est \u00e9quip\u00e9 de bandes d&#039;\u00e9tanch\u00e9it\u00e9 pour \u00e9viter les pertes de chaleur. L&#039;\u00e9chelle en bois est facile \u00e0 utiliser, de haute qualit\u00e9, stable et facile \u00e0 utiliser.<\/p>\n<h4><span style=\"color: #993300;\">L&#039;\u00c9CHELLE DE GRENIER COMME PI\u00c8CE R\u00c9SISTANTE AU FEU \u2013 DOLLE REI 60<\/span><\/h4>\n<p>Il est important qu&#039;une maison soit construite de mani\u00e8re \u00e0 ce que la structure soit prot\u00e9g\u00e9e pendant une courte p\u00e9riode en cas d&#039;incendie. Les r\u00e9glementations en mati\u00e8re de construction imposent donc diverses exigences concernant la r\u00e9sistance au feu des \u00e9l\u00e9ments de construction d&#039;un b\u00e2timent ou d&#039;une habitation. C&#039;est pourquoi nous testons nos escaliers coupe-feu selon les normes les plus \u00e9lev\u00e9es d&#039;Europe et ils sont conformes \u00e0 la norme EN 13501-2. DOLLE REI 45 a une r\u00e9sistance au feu de 60 minutes.<\/p>\n<p>Un escalier r\u00e9sistant au feu est test\u00e9 lors d&#039;un essai au feu dans lequel l&#039;escalier est int\u00e9gr\u00e9 dans une chambre de combustion et expos\u00e9 \u00e0 une situation d&#039;incendie r\u00e9elle. Les \u00e9chelles coupe-feu DOLLE ont \u00e9t\u00e9 test\u00e9es selon la nouvelle m\u00e9thode europ\u00e9enne commune pour tester la r\u00e9sistance au feu des \u00e9l\u00e9ments de construction REI. Les escaliers coupe-feu DOLLE REI 60 ont \u00e9t\u00e9 test\u00e9s \u00e0 l&#039;institut MPA Braunschweig en Allemagne.<\/p>\n<h4><span style=\"color: #993300;\">\u00c9CHELLE DE GRENIER R\u00c9SISTANTE AU FEU DE DOLLE REI 60 \u2013 NOUVELLE CLASSE FEU EUROP\u00c9ENNE EN 13501-2<\/span><\/h4>\n<p>Les nouvelles exigences europ\u00e9ennes en mati\u00e8re d&#039;incendie sont d\u00e9crites pour les escaliers de grenier r\u00e9sistants au feu\u00a0:<\/p>\n<p>R (r\u00e9sistance) capacit\u00e9 de charge lors d&#039;un incendie.<\/p>\n<p>E (int\u00e9grit\u00e9) capacit\u00e9 d&#039;emp\u00eacher les flammes et les gaz d&#039;entrer.<\/p>\n<p>I (isolation) capacit\u00e9 \u00e0 rester au chaud \u00e0 l&#039;ext\u00e9rieur.<\/p>\n<p>Apr\u00e8s la classification, le DOLLE REI 60 indique pendant quelle dur\u00e9e les escaliers de grenier sont r\u00e9sistants au feu, de sorte que les escaliers de grenier r\u00e9sistants au feu soient coupe-feu pendant 60 minutes.<\/p>\n<p>Tous les escaliers de grenier DOLLE sont test\u00e9s conform\u00e9ment \u00e0 la norme EN 14975.<\/p>\n<h4><span style=\"color: #993300;\">Avantages :<\/span><\/h4>\n<ul>\n<li>\u00c9chelle de grenier de qualit\u00e9 sup\u00e9rieure<\/li>\n<li>Peut r\u00e9sister au feu pendant 60 minutes<\/li>\n<li>Conforme \u00e0 la norme EN 13501-2 Homologation pour les \u00e9chelles de grenier r\u00e9sistantes au feu<\/li>\n<li>Belle finition en blanc avec charni\u00e8res cach\u00e9es<\/li>\n<\/ul>","protected":false},"excerpt":{"rendered":"<p>BRANDBESTENDIGE ZOLDERLADDER VAN DOLLE DOLLE REI 60 is 60 minuten\u00a0 brandwerend en voldoet aan EN 13501-2. Het luik is ge\u00efsoleerd met 50 mm steenwolplaat, die is gemaakt van onbrandbare, vocht- en waterafstotende Rockwool steenwol. Het luik heeft een mooie afwerking in witte HDF plaat met verborgen scharnieren en heeft een hoogwaardig slot. De DOLLE REI [&hellip;]<\/p>\n","protected":false},"featured_media":12516,"template":"","meta":{"_acf_changed":false},"product_brand":[],"product_cat":[1744,1745],"product_tag":[6486],"kleur":[],"productlijn":[],"kastbreedte":[6996],"kastlengte":[6997],"vl_pl_hoogte_a":[],"class_list":{"0":"post-13635","1":"product","2":"type-product","3":"status-publish","4":"has-post-thumbnail","6":"product_cat-hout-trappen","7":"product_cat-zoldertrappen","8":"product_tag-dolle","9":"pa_beschrijving-dolle-rei-45-brandwerend-3-delig-mw","10":"pa_beschrijving-dolle-rei-45-brandwerend-3-delig-mw-kasthoogte-19","11":"pa_beschrijving-dolle-rei-45-brandwerend-3-delig-mw-extentionkit","12":"pa_beschrijving-dolle-rei-45-brandwerend-3-delig-mw-voorboring-cilinderslot","13":"kastbreedte-andere-maat","14":"kastlengte-andere-maat","16":"first","17":"onbackorder","18":"purchasable","19":"product-type-simple"},"acf":[],"_links":{"self":[{"href":"https:\/\/trappenstore.be\/fr\/wp-json\/wp\/v2\/product\/13635","targetHints":{"allow":["GET"]}}],"collection":[{"href":"https:\/\/trappenstore.be\/fr\/wp-json\/wp\/v2\/product"}],"about":[{"href":"https:\/\/trappenstore.be\/fr\/wp-json\/wp\/v2\/types\/product"}],"wp:featuredmedia":[{"embeddable":true,"href":"https:\/\/trappenstore.be\/fr\/wp-json\/wp\/v2\/media\/12516"}],"wp:attachment":[{"href":"https:\/\/trappenstore.be\/fr\/wp-json\/wp\/v2\/media?parent=13635"}],"wp:term":[{"taxonomy":"product_brand","embeddable":true,"href":"https:\/\/trappenstore.be\/fr\/wp-json\/wp\/v2\/product_brand?post=13635"},{"taxonomy":"product_cat","embeddable":true,"href":"https:\/\/trappenstore.be\/fr\/wp-json\/wp\/v2\/product_cat?post=13635"},{"taxonomy":"product_tag","embeddable":true,"href":"https:\/\/trappenstore.be\/fr\/wp-json\/wp\/v2\/product_tag?post=13635"},{"taxonomy":"kleur","embeddable":true,"href":"https:\/\/trappenstore.be\/fr\/wp-json\/wp\/v2\/kleur?post=13635"},{"taxonomy":"productlijn","embeddable":true,"href":"https:\/\/trappenstore.be\/fr\/wp-json\/wp\/v2\/productlijn?post=13635"},{"taxonomy":"kastbreedte","embeddable":true,"href":"https:\/\/trappenstore.be\/fr\/wp-json\/wp\/v2\/kastbreedte?post=13635"},{"taxonomy":"kastlengte","embeddable":true,"href":"https:\/\/trappenstore.be\/fr\/wp-json\/wp\/v2\/kastlengte?post=13635"},{"taxonomy":"vl_pl_hoogte_a","embeddable":true,"href":"https:\/\/trappenstore.be\/fr\/wp-json\/wp\/v2\/vl_pl_hoogte_a?post=13635"}],"curies":[{"name":"wp","href":"https:\/\/api.w.org\/{rel}","templated":true}]}}