{"id":12813,"date":"2021-11-23T10:46:23","date_gmt":"2021-11-23T09:46:23","guid":{"rendered":"https:\/\/trappenstore.be\/?post_type=product&#038;p=12813"},"modified":"2025-08-04T14:40:26","modified_gmt":"2025-08-04T12:40:26","slug":"dolle-loft-clickfixthermo-comfort-maatwerk","status":"publish","type":"product","link":"https:\/\/trappenstore.be\/fr\/produit\/dolle-loft-clickfixthermo-comfort-maatwerk\/","title":{"rendered":"Cliquez sur Dolle Loft FIXER<sup>\u00ae<\/sup>Confort Personnalisation"},"content":{"rendered":"<h4><span style=\"color: #993300;\">MARCHE INFERIEURE, MAIN COURANTE T\u00c9LESCOPIQUE ET M\u00c9CANISME \u00c0 RESSORT<\/span><\/h4>\n<p id=\"tw-target-text\" class=\"tw-data-text tw-text-large tw-ta\" dir=\"ltr\" data-placeholder=\"Vertaling\"><span class=\"Y2IQFc\" lang=\"nl\">Pour plus de confort et de s\u00e9curit\u00e9, les marches du DOLLE clickFIX\u00ae comfort sont con\u00e7ues pour \u00eatre particuli\u00e8rement profondes. Ils ont une profondeur de 13 cm et offrent ainsi une surface tr\u00e8s s\u00fbre. La main courante t\u00e9lescopique offre une prise s\u00fbre lors de la mont\u00e9e et de la descente. Sur demande, une deuxi\u00e8me main courante peut \u00eatre command\u00e9e en accessoire. Le DOLLE clickFIX\u00ae comfort est simple et confortable \u00e0 utiliser. Un m\u00e9canisme \u00e0 ressort rend le pliage et le d\u00e9pliage litt\u00e9ralement l\u00e9gers.<\/span><\/p>\n<h4><span style=\"color: #993300;\">\u00c9CHELLE LOFT HAUTEMENT ISOL\u00c9E AVEC \u00c9CHELLE M\u00c9TALLIQUE<\/span><\/h4>\n<p id=\"tw-target-text\" class=\"tw-data-text tw-text-large tw-ta\" dir=\"ltr\" data-placeholder=\"Vertaling\"><span class=\"Y2IQFc\" lang=\"nl\">La gamme brevet\u00e9e DOLLE clickFIX\u00ae est isol\u00e9e de mani\u00e8re optimale et facile \u00e0 installer pour la transition entre le salon chaleureux et le loft souvent plus frais. Il \u00e9vite les d\u00e9perditions d&#039;\u00e9nergie dues \u00e0 l&#039;\u00e9tanch\u00e9it\u00e9 \u00e0 l&#039;air obtenue par la bande de tirage. Les doubles joints circonf\u00e9rentiels et les joints d&#039;angle r\u00e9duisent consid\u00e9rablement le risque de condensation et prot\u00e8gent efficacement contre une \u00e9ventuelle croissance de moisissure. DOLLE clickFIX\u00ae comfort a une valeur U de 0,49 W\/m\u00b2 K test\u00e9e par ift Rosenheim.<\/span><\/p>\n<h4><span style=\"color: #993300;\">INSTALLATION FACILE<\/span><\/h4>\n<p id=\"tw-target-text\" class=\"tw-data-text tw-text-large tw-ta\" dir=\"ltr\" data-placeholder=\"Vertaling\"><span class=\"Y2IQFc\" lang=\"nl\">Le DOLLE clickFIX\u00ae comfort dispose d&#039;une \u00e9chelle en acier en 3 parties avec 11 marches pour une hauteur du sol au plafond allant jusqu&#039;\u00e0 264 cm. Les pieds de l&#039;\u00e9chelle sont r\u00e9glables de mani\u00e8re t\u00e9lescopique. Cela permet \u00e0 l&#039;\u00e9chelle d&#039;\u00eatre ajust\u00e9e facilement et avec pr\u00e9cision \u00e0 la hauteur du plafond. Le nouveau levier articul\u00e9 brevet\u00e9 est une autre am\u00e9lioration. Il permet un montage sans outil et convainc par un r\u00e9glage am\u00e9lior\u00e9 entre le levier et le plateau tournant. Le levier est uniquement ins\u00e9r\u00e9 sur le plateau tournant, retourn\u00e9 et ne peut plus \u00eatre rel\u00e2ch\u00e9 par lui-m\u00eame. Le bo\u00eetier de 24 cm de hauteur offre de meilleures options pour une installation dans des plafonds plus isol\u00e9s. Par exemple, il peut \u00e9galement \u00eatre install\u00e9 dans des plafonds suspendus. Gr\u00e2ce \u00e0 son faible poids et \u00e0 la technologie de montage brevet\u00e9e avec modules Click, le DOLLE clickFIX\u00ae comfort peut \u00eatre facilement mont\u00e9 par une seule personne : aligner le bo\u00eetier, le visser, accrocher la trappe et la section \u00e9chelle et l&#039;ajuster \u00e0 la hauteur du chambre, et c&#039;est tout.<\/span><\/p>\n<h4><span style=\"color: #993300;\">AVANTAGES :<\/span><\/h4>\n<ul>\n<li>\u00c9chelle de grenier de qualit\u00e9 sup\u00e9rieure<\/li>\n<li>faible valeur U<\/li>\n<li>Marches profondes (acier)<\/li>\n<li>Op\u00e9ration simple et presque sans poids \u2013 comme une plume !<\/li>\n<li>Main courante t\u00e9lescopique<\/li>\n<\/ul>\n<pre id=\"tw-target-text\" class=\"tw-data-text tw-text-large tw-ta\" dir=\"ltr\" data-placeholder=\"Vertaling\"><\/pre>","protected":false},"excerpt":{"rendered":"<p>LAGERE TREDEN, TELESCOPISCHE LEUNING EN VEERMECHANISME Voor meer comfort en veiligheid zijn de treden van de DOLLE clickFIX\u00ae comfort ontworpen om bijzonder diep te zijn. Ze zijn 13 cm diep en bieden dus een zeer veilig oppervlak. De telescopische leuning zorgt voor een veilige grip bij het op en neer gaan. Op aanvraag kan een [&hellip;]<\/p>\n","protected":false},"featured_media":12825,"template":"","meta":{"_acf_changed":false},"product_brand":[],"product_cat":[1744,1745],"product_tag":[6486],"kleur":[],"productlijn":[],"kastbreedte":[6996],"kastlengte":[6997],"vl_pl_hoogte_a":[],"class_list":{"0":"post-12813","1":"product","2":"type-product","3":"status-publish","4":"has-post-thumbnail","6":"product_cat-hout-trappen","7":"product_cat-zoldertrappen","8":"product_tag-dolle","9":"kastbreedte-andere-maat","10":"kastlengte-andere-maat","12":"first","13":"onbackorder","14":"purchasable","15":"product-type-simple"},"acf":[],"_links":{"self":[{"href":"https:\/\/trappenstore.be\/fr\/wp-json\/wp\/v2\/product\/12813","targetHints":{"allow":["GET"]}}],"collection":[{"href":"https:\/\/trappenstore.be\/fr\/wp-json\/wp\/v2\/product"}],"about":[{"href":"https:\/\/trappenstore.be\/fr\/wp-json\/wp\/v2\/types\/product"}],"wp:featuredmedia":[{"embeddable":true,"href":"https:\/\/trappenstore.be\/fr\/wp-json\/wp\/v2\/media\/12825"}],"wp:attachment":[{"href":"https:\/\/trappenstore.be\/fr\/wp-json\/wp\/v2\/media?parent=12813"}],"wp:term":[{"taxonomy":"product_brand","embeddable":true,"href":"https:\/\/trappenstore.be\/fr\/wp-json\/wp\/v2\/product_brand?post=12813"},{"taxonomy":"product_cat","embeddable":true,"href":"https:\/\/trappenstore.be\/fr\/wp-json\/wp\/v2\/product_cat?post=12813"},{"taxonomy":"product_tag","embeddable":true,"href":"https:\/\/trappenstore.be\/fr\/wp-json\/wp\/v2\/product_tag?post=12813"},{"taxonomy":"kleur","embeddable":true,"href":"https:\/\/trappenstore.be\/fr\/wp-json\/wp\/v2\/kleur?post=12813"},{"taxonomy":"productlijn","embeddable":true,"href":"https:\/\/trappenstore.be\/fr\/wp-json\/wp\/v2\/productlijn?post=12813"},{"taxonomy":"kastbreedte","embeddable":true,"href":"https:\/\/trappenstore.be\/fr\/wp-json\/wp\/v2\/kastbreedte?post=12813"},{"taxonomy":"kastlengte","embeddable":true,"href":"https:\/\/trappenstore.be\/fr\/wp-json\/wp\/v2\/kastlengte?post=12813"},{"taxonomy":"vl_pl_hoogte_a","embeddable":true,"href":"https:\/\/trappenstore.be\/fr\/wp-json\/wp\/v2\/vl_pl_hoogte_a?post=12813"}],"curies":[{"name":"wp","href":"https:\/\/api.w.org\/{rel}","templated":true}]}}