{"id":12761,"date":"2021-11-22T15:04:06","date_gmt":"2021-11-22T14:04:06","guid":{"rendered":"https:\/\/trappenstore.be\/?post_type=product&#038;p=12761"},"modified":"2025-05-10T02:00:22","modified_gmt":"2025-05-10T00:00:22","slug":"veren-voor-cf76g-opening-120cm","status":"publish","type":"product","link":"https:\/\/trappenstore.be\/fr\/produit\/veren-voor-cf76g-opening-120cm\/","title":{"rendered":"RESSORT pour CF76G ouverture &gt; 120cm"},"content":{"rendered":"<pre id=\"tw-target-text\" class=\"tw-data-text tw-text-large tw-ta\" dir=\"ltr\" data-placeholder=\"Vertaling\"><span class=\"Y2IQFc\" lang=\"nl\">Jeu de ressorts pour clickFIX\u00ae 76G - thermo, confort et confort clickFIX\u00ae thermo avec ouverture jusqu&#039;\u00e0 120 cm inclus. Tous clickFIX\u00ae 76. Gr\u00e2ce \u00e0 ce m\u00e9canisme \u00e0 ressort de tension, la trappe peut \u00eatre d\u00e9plac\u00e9e sans trop d&#039;effort.<\/span><\/pre>\n<p>&nbsp;<\/p>","protected":false},"excerpt":{"rendered":"<p>Jeu de ressorts pour clickFIX\u00ae 76G \u2013 thermo, clickFIX\u00ae thermo confort et confort avec ouverture jusqu&#039;\u00e0 120 cm inclus. Tous les clickFIX\u00ae 76. Gr\u00e2ce \u00e0 ce m\u00e9canisme \u00e0 ressort de tension, la trappe peut \u00eatre d\u00e9plac\u00e9e sans trop d&#039;effort. &nbsp;<\/p>","protected":false},"featured_media":12762,"template":"","meta":{"_acf_changed":false},"product_brand":[],"product_cat":[1744,6981],"product_tag":[],"kleur":[],"productlijn":[],"kastbreedte":[],"kastlengte":[],"vl_pl_hoogte_a":[],"class_list":{"0":"post-12761","1":"product","2":"type-product","3":"status-publish","4":"has-post-thumbnail","6":"product_cat-hout-trappen","7":"product_cat-onderdelen","8":"product_shipping_class-onderdelen","10":"first","11":"instock","12":"purchasable","13":"product-type-simple"},"acf":[],"_links":{"self":[{"href":"https:\/\/trappenstore.be\/fr\/wp-json\/wp\/v2\/product\/12761","targetHints":{"allow":["GET"]}}],"collection":[{"href":"https:\/\/trappenstore.be\/fr\/wp-json\/wp\/v2\/product"}],"about":[{"href":"https:\/\/trappenstore.be\/fr\/wp-json\/wp\/v2\/types\/product"}],"wp:featuredmedia":[{"embeddable":true,"href":"https:\/\/trappenstore.be\/fr\/wp-json\/wp\/v2\/media\/12762"}],"wp:attachment":[{"href":"https:\/\/trappenstore.be\/fr\/wp-json\/wp\/v2\/media?parent=12761"}],"wp:term":[{"taxonomy":"product_brand","embeddable":true,"href":"https:\/\/trappenstore.be\/fr\/wp-json\/wp\/v2\/product_brand?post=12761"},{"taxonomy":"product_cat","embeddable":true,"href":"https:\/\/trappenstore.be\/fr\/wp-json\/wp\/v2\/product_cat?post=12761"},{"taxonomy":"product_tag","embeddable":true,"href":"https:\/\/trappenstore.be\/fr\/wp-json\/wp\/v2\/product_tag?post=12761"},{"taxonomy":"kleur","embeddable":true,"href":"https:\/\/trappenstore.be\/fr\/wp-json\/wp\/v2\/kleur?post=12761"},{"taxonomy":"productlijn","embeddable":true,"href":"https:\/\/trappenstore.be\/fr\/wp-json\/wp\/v2\/productlijn?post=12761"},{"taxonomy":"kastbreedte","embeddable":true,"href":"https:\/\/trappenstore.be\/fr\/wp-json\/wp\/v2\/kastbreedte?post=12761"},{"taxonomy":"kastlengte","embeddable":true,"href":"https:\/\/trappenstore.be\/fr\/wp-json\/wp\/v2\/kastlengte?post=12761"},{"taxonomy":"vl_pl_hoogte_a","embeddable":true,"href":"https:\/\/trappenstore.be\/fr\/wp-json\/wp\/v2\/vl_pl_hoogte_a?post=12761"}],"curies":[{"name":"wp","href":"https:\/\/api.w.org\/{rel}","templated":true}]}}