{"id":12757,"date":"2021-11-22T14:47:45","date_gmt":"2021-11-22T13:47:45","guid":{"rendered":"https:\/\/trappenstore.be\/?post_type=product&#038;p=12757"},"modified":"2026-03-16T14:28:45","modified_gmt":"2026-03-16T13:28:45","slug":"pivot-plaat-voor-cf76g","status":"publish","type":"product","link":"https:\/\/trappenstore.be\/fr\/produit\/pivot-plaat-voor-cf76g\/","title":{"rendered":"PLAQUE PIVOT POUR CF76G"},"content":{"rendered":"<pre id=\"tw-target-text\" class=\"tw-data-text tw-text-large tw-ta\" dir=\"ltr\" data-placeholder=\"Vertaling\"><span class=\"Y2IQFc\" lang=\"nl\">Les plaques de charni\u00e8re s&#039;adaptent au syst\u00e8me de bras pour toutes les \u00e9chelles de grenier clickFIX\u00ae 76. Avec les syst\u00e8mes de bras, les plaques de charni\u00e8re maintiennent la trappe au bo\u00eetier. Les pi\u00e8ces mobiles doivent \u00eatre huil\u00e9es une fois par an.<\/span><\/pre>\n<p>&nbsp;<\/p>","protected":false},"excerpt":{"rendered":"<p>Les plaques de charni\u00e8re s&#039;adaptent au syst\u00e8me de bras pour toutes les \u00e9chelles de grenier clickFIX\u00ae 76. Avec les syst\u00e8mes de bras, les plaques de charni\u00e8re maintiennent la trappe au bo\u00eetier. Les pi\u00e8ces mobiles doivent \u00eatre huil\u00e9es une fois par an. &nbsp;<\/p>","protected":false},"featured_media":12758,"template":"","meta":{"_acf_changed":false},"product_brand":[],"product_cat":[1744,6981],"product_tag":[],"kleur":[],"productlijn":[],"kastbreedte":[],"kastlengte":[],"vl_pl_hoogte_a":[],"class_list":{"0":"post-12757","1":"product","2":"type-product","3":"status-publish","4":"has-post-thumbnail","6":"product_cat-hout-trappen","7":"product_cat-onderdelen","8":"product_shipping_class-onderdelen","10":"first","11":"onbackorder","12":"purchasable","13":"product-type-simple"},"acf":[],"_links":{"self":[{"href":"https:\/\/trappenstore.be\/fr\/wp-json\/wp\/v2\/product\/12757","targetHints":{"allow":["GET"]}}],"collection":[{"href":"https:\/\/trappenstore.be\/fr\/wp-json\/wp\/v2\/product"}],"about":[{"href":"https:\/\/trappenstore.be\/fr\/wp-json\/wp\/v2\/types\/product"}],"wp:featuredmedia":[{"embeddable":true,"href":"https:\/\/trappenstore.be\/fr\/wp-json\/wp\/v2\/media\/12758"}],"wp:attachment":[{"href":"https:\/\/trappenstore.be\/fr\/wp-json\/wp\/v2\/media?parent=12757"}],"wp:term":[{"taxonomy":"product_brand","embeddable":true,"href":"https:\/\/trappenstore.be\/fr\/wp-json\/wp\/v2\/product_brand?post=12757"},{"taxonomy":"product_cat","embeddable":true,"href":"https:\/\/trappenstore.be\/fr\/wp-json\/wp\/v2\/product_cat?post=12757"},{"taxonomy":"product_tag","embeddable":true,"href":"https:\/\/trappenstore.be\/fr\/wp-json\/wp\/v2\/product_tag?post=12757"},{"taxonomy":"kleur","embeddable":true,"href":"https:\/\/trappenstore.be\/fr\/wp-json\/wp\/v2\/kleur?post=12757"},{"taxonomy":"productlijn","embeddable":true,"href":"https:\/\/trappenstore.be\/fr\/wp-json\/wp\/v2\/productlijn?post=12757"},{"taxonomy":"kastbreedte","embeddable":true,"href":"https:\/\/trappenstore.be\/fr\/wp-json\/wp\/v2\/kastbreedte?post=12757"},{"taxonomy":"kastlengte","embeddable":true,"href":"https:\/\/trappenstore.be\/fr\/wp-json\/wp\/v2\/kastlengte?post=12757"},{"taxonomy":"vl_pl_hoogte_a","embeddable":true,"href":"https:\/\/trappenstore.be\/fr\/wp-json\/wp\/v2\/vl_pl_hoogte_a?post=12757"}],"curies":[{"name":"wp","href":"https:\/\/api.w.org\/{rel}","templated":true}]}}