{"id":12722,"date":"2021-11-22T10:56:12","date_gmt":"2021-11-22T09:56:12","guid":{"rendered":"https:\/\/trappenstore.be\/?post_type=product&#038;p=12722"},"modified":"2025-05-10T02:00:24","modified_gmt":"2025-05-10T00:00:24","slug":"dolle-plastic-voetjes-per-paar-wit","status":"publish","type":"product","link":"https:\/\/trappenstore.be\/fr\/produit\/dolle-plastic-voetjes-per-paar-wit\/","title":{"rendered":"PIEDS PLASTIQUE DE DOLLE PAR PAIRE blanc"},"content":{"rendered":"<pre id=\"tw-target-text\" class=\"tw-data-text tw-text-large tw-ta\" dir=\"ltr\" data-placeholder=\"Vertaling\"><span class=\"Y2IQFc\" lang=\"nl\">Les pieds d&#039;\u00e9chelle en plastique pour l&#039;\u00e9chelle facilitent le raccourcissement de la section d&#039;\u00e9chelle et prot\u00e8gent le sol sous l&#039;escalier Dimensions : 69x20mm<\/span><\/pre>","protected":false},"excerpt":{"rendered":"<p>Les pieds d&#039;\u00e9chelle en plastique pour l&#039;\u00e9chelle permettent de raccourcir plus facilement la section de l&#039;\u00e9chelle et de prot\u00e9ger le sol sous l&#039;escalier Dimensions : 69x20mm<\/p>","protected":false},"featured_media":12723,"template":"","meta":{"_acf_changed":false},"product_brand":[],"product_cat":[1744,6981],"product_tag":[],"kleur":[],"productlijn":[],"kastbreedte":[],"kastlengte":[],"vl_pl_hoogte_a":[],"class_list":{"0":"post-12722","1":"product","2":"type-product","3":"status-publish","4":"has-post-thumbnail","6":"product_cat-hout-trappen","7":"product_cat-onderdelen","8":"product_shipping_class-onderdelen","10":"first","11":"onbackorder","12":"purchasable","13":"product-type-simple"},"acf":[],"_links":{"self":[{"href":"https:\/\/trappenstore.be\/fr\/wp-json\/wp\/v2\/product\/12722","targetHints":{"allow":["GET"]}}],"collection":[{"href":"https:\/\/trappenstore.be\/fr\/wp-json\/wp\/v2\/product"}],"about":[{"href":"https:\/\/trappenstore.be\/fr\/wp-json\/wp\/v2\/types\/product"}],"wp:featuredmedia":[{"embeddable":true,"href":"https:\/\/trappenstore.be\/fr\/wp-json\/wp\/v2\/media\/12723"}],"wp:attachment":[{"href":"https:\/\/trappenstore.be\/fr\/wp-json\/wp\/v2\/media?parent=12722"}],"wp:term":[{"taxonomy":"product_brand","embeddable":true,"href":"https:\/\/trappenstore.be\/fr\/wp-json\/wp\/v2\/product_brand?post=12722"},{"taxonomy":"product_cat","embeddable":true,"href":"https:\/\/trappenstore.be\/fr\/wp-json\/wp\/v2\/product_cat?post=12722"},{"taxonomy":"product_tag","embeddable":true,"href":"https:\/\/trappenstore.be\/fr\/wp-json\/wp\/v2\/product_tag?post=12722"},{"taxonomy":"kleur","embeddable":true,"href":"https:\/\/trappenstore.be\/fr\/wp-json\/wp\/v2\/kleur?post=12722"},{"taxonomy":"productlijn","embeddable":true,"href":"https:\/\/trappenstore.be\/fr\/wp-json\/wp\/v2\/productlijn?post=12722"},{"taxonomy":"kastbreedte","embeddable":true,"href":"https:\/\/trappenstore.be\/fr\/wp-json\/wp\/v2\/kastbreedte?post=12722"},{"taxonomy":"kastlengte","embeddable":true,"href":"https:\/\/trappenstore.be\/fr\/wp-json\/wp\/v2\/kastlengte?post=12722"},{"taxonomy":"vl_pl_hoogte_a","embeddable":true,"href":"https:\/\/trappenstore.be\/fr\/wp-json\/wp\/v2\/vl_pl_hoogte_a?post=12722"}],"curies":[{"name":"wp","href":"https:\/\/api.w.org\/{rel}","templated":true}]}}