{"id":12706,"date":"2021-11-22T09:51:08","date_gmt":"2021-11-22T08:51:08","guid":{"rendered":"https:\/\/trappenstore.be\/?post_type=product&#038;p=12706"},"modified":"2026-03-16T14:28:43","modified_gmt":"2026-03-16T13:28:43","slug":"dolle-architraven-sw-120x70","status":"publish","type":"product","link":"https:\/\/trappenstore.be\/fr\/produit\/dolle-architraven-sw-120x70\/","title":{"rendered":"LAMES DE FINITION DOLLE SW 120X70"},"content":{"rendered":"<p>Ces lames de finition s&#039;adaptent \u00e0 tous les mod\u00e8les d&#039;\u00e9chelles de grenier DOLLE SW et donnent une belle finition aux escaliers. Tr\u00e8s facile \u00e0 installer en quelques clics - aucun clou ni vis requis. Facile \u00e0 nettoyer.<\/p>","protected":false},"excerpt":{"rendered":"<p>Ces lames de finition s&#039;adaptent \u00e0 tous les mod\u00e8les d&#039;\u00e9chelles de grenier DOLLE SW et donnent une belle finition aux escaliers. Tr\u00e8s facile \u00e0 installer en quelques clics - aucun clou ni vis requis. Facile \u00e0 nettoyer.<\/p>","protected":false},"featured_media":12708,"template":"","meta":{"_acf_changed":false},"product_brand":[],"product_cat":[1744,6981],"product_tag":[],"kleur":[],"productlijn":[],"kastbreedte":[],"kastlengte":[],"vl_pl_hoogte_a":[],"class_list":{"0":"post-12706","1":"product","2":"type-product","3":"status-publish","4":"has-post-thumbnail","6":"product_cat-hout-trappen","7":"product_cat-onderdelen","8":"product_shipping_class-onderdelen","10":"first","11":"onbackorder","12":"purchasable","13":"product-type-simple"},"acf":[],"_links":{"self":[{"href":"https:\/\/trappenstore.be\/fr\/wp-json\/wp\/v2\/product\/12706","targetHints":{"allow":["GET"]}}],"collection":[{"href":"https:\/\/trappenstore.be\/fr\/wp-json\/wp\/v2\/product"}],"about":[{"href":"https:\/\/trappenstore.be\/fr\/wp-json\/wp\/v2\/types\/product"}],"wp:featuredmedia":[{"embeddable":true,"href":"https:\/\/trappenstore.be\/fr\/wp-json\/wp\/v2\/media\/12708"}],"wp:attachment":[{"href":"https:\/\/trappenstore.be\/fr\/wp-json\/wp\/v2\/media?parent=12706"}],"wp:term":[{"taxonomy":"product_brand","embeddable":true,"href":"https:\/\/trappenstore.be\/fr\/wp-json\/wp\/v2\/product_brand?post=12706"},{"taxonomy":"product_cat","embeddable":true,"href":"https:\/\/trappenstore.be\/fr\/wp-json\/wp\/v2\/product_cat?post=12706"},{"taxonomy":"product_tag","embeddable":true,"href":"https:\/\/trappenstore.be\/fr\/wp-json\/wp\/v2\/product_tag?post=12706"},{"taxonomy":"kleur","embeddable":true,"href":"https:\/\/trappenstore.be\/fr\/wp-json\/wp\/v2\/kleur?post=12706"},{"taxonomy":"productlijn","embeddable":true,"href":"https:\/\/trappenstore.be\/fr\/wp-json\/wp\/v2\/productlijn?post=12706"},{"taxonomy":"kastbreedte","embeddable":true,"href":"https:\/\/trappenstore.be\/fr\/wp-json\/wp\/v2\/kastbreedte?post=12706"},{"taxonomy":"kastlengte","embeddable":true,"href":"https:\/\/trappenstore.be\/fr\/wp-json\/wp\/v2\/kastlengte?post=12706"},{"taxonomy":"vl_pl_hoogte_a","embeddable":true,"href":"https:\/\/trappenstore.be\/fr\/wp-json\/wp\/v2\/vl_pl_hoogte_a?post=12706"}],"curies":[{"name":"wp","href":"https:\/\/api.w.org\/{rel}","templated":true}]}}