{"id":12615,"date":"2021-11-15T16:05:07","date_gmt":"2021-11-15T15:05:07","guid":{"rendered":"https:\/\/trappenstore.be\/product\/dolle-leuning-metaal-voor-zoldertrappen\/"},"modified":"2026-03-16T14:28:42","modified_gmt":"2026-03-16T13:28:42","slug":"dolle-leuning-metaal-voor-zoldertrappen","status":"publish","type":"product","link":"https:\/\/trappenstore.be\/fr\/produit\/dolle-leuning-metaal-voor-zoldertrappen\/","title":{"rendered":"CRAZY MAIN COURANTE M\u00c9TAL POUR ESCALIERS DE GRENIER"},"content":{"rendered":"<div class=\"product-info-main disable-cart-elements initial\" data-was-processed=\"true\">\n<div class=\"shortdescription-wrapper initial\" data-was-processed=\"true\"><\/div>\n<\/div>\n<div class=\"product media initial\" data-was-processed=\"true\">\n<div>Cette main courante est fix\u00e9e directement \u00e0 l&#039;\u00e9chelle pour assurer un maximum de s\u00e9curit\u00e9 et de confort. Peut \u00eatre utilis\u00e9 pour tous les mod\u00e8les Dolle SW et clickFIX\u00ae avec une \u00e9chelle \u00e0 3 sections.<\/div>\n<div class=\"fotorama--hidden\"><\/div>\n<div class=\"gallery-placeholder initial\" data-gallery-role=\"gallery-placeholder\" data-was-processed=\"true\">\n<div class=\"fotorama-item fotorama fotorama1636989985667\" data-gallery-role=\"gallery\">\n<div tabindex=\"-1\" data-gallery-role=\"fotorama__focusable-start\"><\/div>\n<div class=\"fotorama__wrap fotorama__wrap--css3 fotorama__wrap--slide fotorama__wrap--toggle-arrows fotorama__wrap--no-controls\">\n<div class=\"fotorama__stage\" data-fotorama-stage=\"fotorama__stage\">\n<div class=\"fotorama__stage__shaft\" tabindex=\"0\" data-gallery-role=\"stage-shaft\">\n<div class=\"fotorama__stage__frame fotorama__active fotorama_vertical_ratio fotorama__loaded fotorama__loaded--img\" aria-hidden=\"false\" data-active=\"true\"><\/div>\n<\/div>\n<\/div>\n<\/div>\n<div tabindex=\"-1\" data-gallery-role=\"fotorama__focusable-end\"><\/div>\n<\/div>\n<\/div>\n<div class=\"action-skip-wrapper initial\" data-was-processed=\"true\"><\/div>\n<\/div>","protected":false},"excerpt":{"rendered":"<p>Cette main courante est fix\u00e9e directement \u00e0 l&#039;\u00e9chelle pour assurer un maximum de s\u00e9curit\u00e9 et de confort. Peut \u00eatre utilis\u00e9 pour tous les mod\u00e8les Dolle SW et clickFIX\u00ae avec une \u00e9chelle \u00e0 3 sections.<\/p>","protected":false},"featured_media":12579,"template":"","meta":{"_acf_changed":false},"product_brand":[],"product_cat":[1744,6981],"product_tag":[],"kleur":[],"productlijn":[],"kastbreedte":[],"kastlengte":[],"vl_pl_hoogte_a":[],"class_list":{"0":"post-12615","1":"product","2":"type-product","3":"status-publish","4":"has-post-thumbnail","6":"product_cat-hout-trappen","7":"product_cat-onderdelen","8":"product_shipping_class-onderdelen","10":"first","11":"instock","12":"purchasable","13":"product-type-simple"},"acf":[],"_links":{"self":[{"href":"https:\/\/trappenstore.be\/fr\/wp-json\/wp\/v2\/product\/12615","targetHints":{"allow":["GET"]}}],"collection":[{"href":"https:\/\/trappenstore.be\/fr\/wp-json\/wp\/v2\/product"}],"about":[{"href":"https:\/\/trappenstore.be\/fr\/wp-json\/wp\/v2\/types\/product"}],"wp:featuredmedia":[{"embeddable":true,"href":"https:\/\/trappenstore.be\/fr\/wp-json\/wp\/v2\/media\/12579"}],"wp:attachment":[{"href":"https:\/\/trappenstore.be\/fr\/wp-json\/wp\/v2\/media?parent=12615"}],"wp:term":[{"taxonomy":"product_brand","embeddable":true,"href":"https:\/\/trappenstore.be\/fr\/wp-json\/wp\/v2\/product_brand?post=12615"},{"taxonomy":"product_cat","embeddable":true,"href":"https:\/\/trappenstore.be\/fr\/wp-json\/wp\/v2\/product_cat?post=12615"},{"taxonomy":"product_tag","embeddable":true,"href":"https:\/\/trappenstore.be\/fr\/wp-json\/wp\/v2\/product_tag?post=12615"},{"taxonomy":"kleur","embeddable":true,"href":"https:\/\/trappenstore.be\/fr\/wp-json\/wp\/v2\/kleur?post=12615"},{"taxonomy":"productlijn","embeddable":true,"href":"https:\/\/trappenstore.be\/fr\/wp-json\/wp\/v2\/productlijn?post=12615"},{"taxonomy":"kastbreedte","embeddable":true,"href":"https:\/\/trappenstore.be\/fr\/wp-json\/wp\/v2\/kastbreedte?post=12615"},{"taxonomy":"kastlengte","embeddable":true,"href":"https:\/\/trappenstore.be\/fr\/wp-json\/wp\/v2\/kastlengte?post=12615"},{"taxonomy":"vl_pl_hoogte_a","embeddable":true,"href":"https:\/\/trappenstore.be\/fr\/wp-json\/wp\/v2\/vl_pl_hoogte_a?post=12615"}],"curies":[{"name":"wp","href":"https:\/\/api.w.org\/{rel}","templated":true}]}}