{"id":12608,"date":"2021-11-15T16:05:07","date_gmt":"2021-11-15T15:05:07","guid":{"rendered":"https:\/\/trappenstore.be\/product\/dolle-slot-voor-zoldertrappen\/"},"modified":"2026-04-12T09:40:22","modified_gmt":"2026-04-12T07:40:22","slug":"dolle-slot-voor-zoldertrappen","status":"publish","type":"product","link":"https:\/\/trappenstore.be\/fr\/produit\/dolle-slot-voor-zoldertrappen\/","title":{"rendered":"Serrure DOLLE pour toutes les \u00e9chelles de loft SW"},"content":{"rendered":"<p>Cette serrure peut \u00eatre utilis\u00e9e pour toutes les \u00e9chelles de loft SW. Le kit est en plastique noir. D\u00e9velopp\u00e9 uniquement pour \u00eatre utilis\u00e9 avec les \u00e9chelles Dolle Loft.<\/p>\n<p>&nbsp;<\/p>","protected":false},"excerpt":{"rendered":"<p>Cette serrure peut \u00eatre utilis\u00e9e pour toutes les \u00e9chelles de loft SW. Le kit est en plastique noir. D\u00e9velopp\u00e9 uniquement pour \u00eatre utilis\u00e9 avec les \u00e9chelles Dolle Loft. &nbsp;<\/p>","protected":false},"featured_media":12578,"template":"","meta":{"_acf_changed":false},"product_brand":[],"product_cat":[1744,6981],"product_tag":[],"kleur":[],"productlijn":[],"kastbreedte":[],"kastlengte":[],"vl_pl_hoogte_a":[],"class_list":{"0":"post-12608","1":"product","2":"type-product","3":"status-publish","4":"has-post-thumbnail","6":"product_cat-hout-trappen","7":"product_cat-onderdelen","8":"product_shipping_class-onderdelen","10":"first","11":"onbackorder","12":"purchasable","13":"product-type-simple"},"acf":[],"_links":{"self":[{"href":"https:\/\/trappenstore.be\/fr\/wp-json\/wp\/v2\/product\/12608","targetHints":{"allow":["GET"]}}],"collection":[{"href":"https:\/\/trappenstore.be\/fr\/wp-json\/wp\/v2\/product"}],"about":[{"href":"https:\/\/trappenstore.be\/fr\/wp-json\/wp\/v2\/types\/product"}],"wp:featuredmedia":[{"embeddable":true,"href":"https:\/\/trappenstore.be\/fr\/wp-json\/wp\/v2\/media\/12578"}],"wp:attachment":[{"href":"https:\/\/trappenstore.be\/fr\/wp-json\/wp\/v2\/media?parent=12608"}],"wp:term":[{"taxonomy":"product_brand","embeddable":true,"href":"https:\/\/trappenstore.be\/fr\/wp-json\/wp\/v2\/product_brand?post=12608"},{"taxonomy":"product_cat","embeddable":true,"href":"https:\/\/trappenstore.be\/fr\/wp-json\/wp\/v2\/product_cat?post=12608"},{"taxonomy":"product_tag","embeddable":true,"href":"https:\/\/trappenstore.be\/fr\/wp-json\/wp\/v2\/product_tag?post=12608"},{"taxonomy":"kleur","embeddable":true,"href":"https:\/\/trappenstore.be\/fr\/wp-json\/wp\/v2\/kleur?post=12608"},{"taxonomy":"productlijn","embeddable":true,"href":"https:\/\/trappenstore.be\/fr\/wp-json\/wp\/v2\/productlijn?post=12608"},{"taxonomy":"kastbreedte","embeddable":true,"href":"https:\/\/trappenstore.be\/fr\/wp-json\/wp\/v2\/kastbreedte?post=12608"},{"taxonomy":"kastlengte","embeddable":true,"href":"https:\/\/trappenstore.be\/fr\/wp-json\/wp\/v2\/kastlengte?post=12608"},{"taxonomy":"vl_pl_hoogte_a","embeddable":true,"href":"https:\/\/trappenstore.be\/fr\/wp-json\/wp\/v2\/vl_pl_hoogte_a?post=12608"}],"curies":[{"name":"wp","href":"https:\/\/api.w.org\/{rel}","templated":true}]}}