{"id":9939,"date":"2021-04-20T15:43:27","date_gmt":"2021-04-20T13:43:27","guid":{"rendered":"https:\/\/trappenstore.be\/?page_id=9939"},"modified":"2022-01-10T16:19:34","modified_gmt":"2022-01-10T15:19:34","slug":"de-clickfix-technologie","status":"publish","type":"page","link":"https:\/\/trappenstore.be\/fr\/de-clickfix-technologie\/","title":{"rendered":"La technologie clickFIX\u00ae"},"content":{"rendered":"<p><img loading=\"lazy\" decoding=\"async\" width=\"220\" height=\"85\" src=\"https:\/\/trappenstore.be\/wp-content\/uploads\/2021\/04\/dolle-logo.png\" alt=\"\">\t\t\t\t\t\t\t\t\t\t\t\t\t\t<\/p>\n<h2>La technologie clickFIX\u00ae<\/h2>\n<p><\/p>\n\n\n<\/p>\n<p><strong style=\"color: var( --e-global-color-text ); font-family: var( --e-global-typography-text-font-family ), Sans-serif; font-size: var( --e-global-typography-text-font-size ); letter-spacing: var( --e-global-typography-text-letter-spacing );\">UNE EXCELLENTE ISOLATION R\u00c9DUIT LA CHALEUR<\/strong><strong style=\"color: var( --e-global-color-text ); font-family: var( --e-global-typography-text-font-family ), Sans-serif; font-size: var( --e-global-typography-text-font-size ); letter-spacing: var( --e-global-typography-text-letter-spacing );\">RELIES ET PONT THERMIQUE<\/strong><strong style=\"color: var( --e-global-color-text ); font-family: var( --e-global-typography-text-font-family ), Sans-serif; font-size: var( --e-global-typography-text-font-size ); letter-spacing: var( --e-global-typography-text-letter-spacing );\">G\u00c8NE<\/strong><\/p>\n<p>Le design et l&#039;artisanat scandinaves se combinent pour offrir une efficacit\u00e9 \u00e9nerg\u00e9tique de premier ordre. La technologie brevet\u00e9e clickFIX\u00ae garantit l&#039;absence de ponts thermiques. C&#039;est principalement parce que la trappe est constitu\u00e9e exclusivement d&#039;un mat\u00e9riau hautement isolant et non d&#039;une construction en bois. Le joint unique assure \u00e9galement l&#039;\u00e9tanch\u00e9it\u00e9 \u00e0 l&#039;air. Tout cela nous permet de r\u00e9aliser une excellente isolation thermique pour votre maison. Dolle a les meilleures valeurs U du march\u00e9, plus la valeur U est faible, meilleure est l&#039;isolation. La valeur U obtenue est le r\u00e9sultat d&#039;un test de l&#039;escalier du grenier en tant que composant de construction et non bas\u00e9e sur une valeur mesur\u00e9e. .<\/p>\n<p>La trappe clickFIX\u00ae est enti\u00e8rement isol\u00e9e avec une \u00e9paisse couche de polystyr\u00e8ne avec un rev\u00eatement blanc. Cela garantit une faible valeur U. :<\/p>\n<p><img fetchpriority=\"high\" decoding=\"async\" src=\"https:\/\/trappenstore.be\/wp-content\/uploads\/2021\/04\/Dolle-6.gif\" alt=\"\" width=\"248\" height=\"208\" \/><\/p>\n<p>Ces \u00e9chelles de grenier sont fabriqu\u00e9es au Danemark et la plupart du bois provient de for\u00eats renouvelables certifi\u00e9es FSC\u00ae<\/p>\n<p><img decoding=\"async\" src=\"https:\/\/trappenstore.be\/wp-content\/uploads\/2021\/04\/Dolle-5.gif\" alt=\"\" width=\"261\" height=\"213\" \/><\/p>\n<p>Parce que la trappe clickFIX\u00ae se compose uniquement d&#039;un mat\u00e9riau isolant de haute qualit\u00e9 sans aucune construction en bois, il n&#039;y a pas de ponts thermiques. Ceci, combin\u00e9 \u00e0 un joint unique, permet d&#039;obtenir une isolation maximale\u00a0:<\/p>\n<p>\u00a0<img decoding=\"async\" style=\"color: var( --e-global-color-text ); font-family: var( --e-global-typography-text-font-family ), Sans-serif; font-size: var( --e-global-typography-text-font-size ); font-weight: var( --e-global-typography-text-font-weight ); letter-spacing: var( --e-global-typography-text-letter-spacing );\" src=\"https:\/\/trappenstore.be\/wp-content\/uploads\/2021\/04\/Dolle-1-150x150.gif\" alt=\"\" width=\"150\" height=\"150\" \/><img loading=\"lazy\" decoding=\"async\" src=\"https:\/\/trappenstore.be\/wp-content\/uploads\/2021\/04\/Dolle-3-1024x131.gif\" alt=\"\" width=\"800\" height=\"102\" \/><\/p>\n<p>\u00a0<\/p>\n<p><strong>FOCUS<\/strong><strong style=\"color: var( --e-global-color-text ); font-family: var( --e-global-typography-text-font-family ), Sans-serif; font-size: var( --e-global-typography-text-font-size ); letter-spacing: var( --e-global-typography-text-letter-spacing );\">S SUR L&#039;INSTALLATION FACILE D&#039;UNE \u00c9CHELLE LOFT<\/strong><\/p>\n<p>Les \u00e9chelles de grenier ClickFIX\u00ae se composent de trois composants distincts, le bo\u00eetier, l&#039;\u00e9chelle et la trappe, qui sont mont\u00e9s \u00e0 l&#039;aide d&#039;un syst\u00e8me de clic brevet\u00e9. Les professionnels comme les bricoleurs trouveront les escaliers de grenier clickFIX\u00ae faciles \u00e0 installer, m\u00eame seuls.<\/p>\n<p>Gr\u00e2ce \u00e0 son faible poids et \u00e0 la technologie d&#039;assemblage brevet\u00e9e avec modules &#039;clic&#039;, une \u00e9chelle de grenier ClickFIX\u00ae peut \u00eatre facilement install\u00e9e par 1 personne :<\/p>\n<p>\u00a0\u00a0<img loading=\"lazy\" decoding=\"async\" style=\"color: var( --e-global-color-text ); font-family: var( --e-global-typography-text-font-family ), Sans-serif; font-size: var( --e-global-typography-text-font-size ); font-weight: var( --e-global-typography-text-font-weight ); letter-spacing: var( --e-global-typography-text-letter-spacing );\" src=\"https:\/\/trappenstore.be\/wp-content\/uploads\/2021\/04\/Dolle-2-150x150.gif\" alt=\"\" width=\"150\" height=\"150\" \/><img loading=\"lazy\" decoding=\"async\" src=\"https:\/\/trappenstore.be\/wp-content\/uploads\/2021\/04\/Dolle-4.gif\" alt=\"\" width=\"962\" height=\"133\" \/><\/p>\n<h1>\u00a0<a href=\"https:\/\/www.youtube.com\/watch?v=LyjVqLCF_mw\" target=\"_blank\" rel=\"noopener\"><strong>Vid\u00e9o d&#039;installation<\/strong><\/a><\/h1>\n<p>\n\n\n<p><\/p>\n<p>\t\t\t\t\t\t\t\t\t\t\t\t<img loading=\"lazy\" decoding=\"async\" width=\"2560\" height=\"1440\" src=\"https:\/\/trappenstore.be\/wp-content\/uploads\/2020\/07\/CF56_miljo-scaled.jpg\" alt=\"\" srcset=\"https:\/\/trappenstore.be\/wp-content\/uploads\/2020\/07\/CF56_miljo-scaled.jpg 2560w, https:\/\/trappenstore.be\/wp-content\/uploads\/2020\/07\/CF56_miljo-300x169.jpg 300w, https:\/\/trappenstore.be\/wp-content\/uploads\/2020\/07\/CF56_miljo-1024x576.jpg 1024w, https:\/\/trappenstore.be\/wp-content\/uploads\/2020\/07\/CF56_miljo-768x432.jpg 768w, https:\/\/trappenstore.be\/wp-content\/uploads\/2020\/07\/CF56_miljo-1536x864.jpg 1536w, https:\/\/trappenstore.be\/wp-content\/uploads\/2020\/07\/CF56_miljo-2048x1152.jpg 2048w, https:\/\/trappenstore.be\/wp-content\/uploads\/2020\/07\/CF56_miljo-600x338.jpg 600w\" sizes=\"auto, (max-width: 2560px) 100vw, 2560px\"><\/p>","protected":false},"excerpt":{"rendered":"<p>De clickFIX\u00ae-technologie UITSTEKENDE ISOLATIE VERMINDERT WARMTEVERLIES EN THERMISCHE BRUGGEN Het Scandinavisch design en vakmanschap worden gecombineerd om toonaangevende energie-effici\u00ebntie te leveren. De gepatenteerde clickFIX\u00ae-technologie zorgt ervoor dat er geen koudebruggen ontstaan. Dit is voornamelijk omdat het luik uitsluitend uit hoog isolerend materiaal bestaat en niet uit een houten constructie. De unieke afdichting zorgt tevens voor [&hellip;]<\/p>\n","protected":false},"author":1,"featured_media":0,"parent":0,"menu_order":0,"comment_status":"closed","ping_status":"closed","template":"elementor_header_footer","meta":{"_acf_changed":false,"footnotes":""},"class_list":["post-9939","page","type-page","status-publish","hentry"],"acf":[],"_links":{"self":[{"href":"https:\/\/trappenstore.be\/fr\/wp-json\/wp\/v2\/pages\/9939","targetHints":{"allow":["GET"]}}],"collection":[{"href":"https:\/\/trappenstore.be\/fr\/wp-json\/wp\/v2\/pages"}],"about":[{"href":"https:\/\/trappenstore.be\/fr\/wp-json\/wp\/v2\/types\/page"}],"author":[{"embeddable":true,"href":"https:\/\/trappenstore.be\/fr\/wp-json\/wp\/v2\/users\/1"}],"replies":[{"embeddable":true,"href":"https:\/\/trappenstore.be\/fr\/wp-json\/wp\/v2\/comments?post=9939"}],"version-history":[{"count":1,"href":"https:\/\/trappenstore.be\/fr\/wp-json\/wp\/v2\/pages\/9939\/revisions"}],"predecessor-version":[{"id":13290,"href":"https:\/\/trappenstore.be\/fr\/wp-json\/wp\/v2\/pages\/9939\/revisions\/13290"}],"wp:attachment":[{"href":"https:\/\/trappenstore.be\/fr\/wp-json\/wp\/v2\/media?parent=9939"}],"curies":[{"name":"wp","href":"https:\/\/api.w.org\/{rel}","templated":true}]}}