{"id":5507,"date":"2020-06-17T17:35:11","date_gmt":"2020-06-17T15:35:11","guid":{"rendered":"https:\/\/trappenstore.be\/?page_id=5507"},"modified":"2020-06-17T17:35:35","modified_gmt":"2020-06-17T15:35:35","slug":"balustrade-systemen","status":"publish","type":"page","link":"https:\/\/trappenstore.be\/fr\/balustrade-systemen\/","title":{"rendered":"Syst\u00e8mes de balustrade"},"content":{"rendered":"<p>PROVA ALU a un design minimaliste et simple qui permet d&#039;int\u00e9grer facilement le syst\u00e8me de garde-corps dans le style existant de votre maison.<\/p>\n\n\n\n<p>Les composants sp\u00e9cialement con\u00e7us font de Prova alu une solution flexible avec de nombreuses options de montage.<\/p>\n\n\n\n<p>Prova alu convient aussi bien \u00e0 l&#039;int\u00e9rieur qu&#039;\u00e0 l&#039;ext\u00e9rieur comme garde-corps pour la terrasse, le balcon et le couloir ou comme solution de garde-corps pour les escaliers.<\/p>\n\n\n\n<p>Prova alu se compose d&#039;un nombre limit\u00e9 de composants et est extr\u00eamement facile \u00e0 assembler.<\/p>\n\n\n\n<p>La grande adaptabilit\u00e9 du syst\u00e8me permet de mettre les poteaux de garde-corps compl\u00e8tement \u00e0 niveau, quelle que soit l&#039;irr\u00e9gularit\u00e9 de la surface.<\/p>\n\n\n\n<p>Concevez votre syst\u00e8me de balustrade : Ici, vous pouvez calculer un syst\u00e8me de rampe d&#039;escalier pour r\u00e9pondre \u00e0 vos besoins et souhaits.<\/p>","protected":false},"excerpt":{"rendered":"<p>PROVA ALU heeft een minimalistisch en eenvoudig ontwerp dat het gemakkelijk maakt om het trapleuningsysteem in de bestaande stijl van uw huis te integreren. De speciaal ontworpen onderdelen maken van Prova alu een flexibele oplossing met talrijke montagemogelijkheden. Prova alu is geschikt voor zowel binnen- als buitengebruik als leuning voor het terras, balkon en hal [&hellip;]<\/p>\n","protected":false},"author":1,"featured_media":0,"parent":0,"menu_order":0,"comment_status":"closed","ping_status":"closed","template":"","meta":{"_acf_changed":false,"footnotes":""},"class_list":["post-5507","page","type-page","status-publish","hentry"],"acf":[],"_links":{"self":[{"href":"https:\/\/trappenstore.be\/fr\/wp-json\/wp\/v2\/pages\/5507","targetHints":{"allow":["GET"]}}],"collection":[{"href":"https:\/\/trappenstore.be\/fr\/wp-json\/wp\/v2\/pages"}],"about":[{"href":"https:\/\/trappenstore.be\/fr\/wp-json\/wp\/v2\/types\/page"}],"author":[{"embeddable":true,"href":"https:\/\/trappenstore.be\/fr\/wp-json\/wp\/v2\/users\/1"}],"replies":[{"embeddable":true,"href":"https:\/\/trappenstore.be\/fr\/wp-json\/wp\/v2\/comments?post=5507"}],"version-history":[{"count":0,"href":"https:\/\/trappenstore.be\/fr\/wp-json\/wp\/v2\/pages\/5507\/revisions"}],"wp:attachment":[{"href":"https:\/\/trappenstore.be\/fr\/wp-json\/wp\/v2\/media?parent=5507"}],"curies":[{"name":"wp","href":"https:\/\/api.w.org\/{rel}","templated":true}]}}