{"id":3851,"date":"2020-05-26T15:53:38","date_gmt":"2020-05-26T13:53:38","guid":{"rendered":"https:\/\/trappenstore.be\/?page_id=3851"},"modified":"2020-10-19T15:19:20","modified_gmt":"2020-10-19T13:19:20","slug":"orooro","status":"publish","type":"page","link":"https:\/\/trappenstore.be\/fr\/orooro\/","title":{"rendered":"Oro&amp;oro"},"content":{"rendered":"<div data-elementor-type=\"wp-page\" data-elementor-id=\"3851\" class=\"elementor elementor-3851\" data-elementor-post-type=\"page\">\n\t\t\t\t\t\t<section class=\"elementor-section elementor-top-section elementor-element elementor-element-69bd0d7 elementor-section-boxed elementor-section-height-default elementor-section-height-default\" data-id=\"69bd0d7\" data-element_type=\"section\" data-e-type=\"section\">\n\t\t\t\t\t\t<div class=\"elementor-container elementor-column-gap-default\">\n\t\t\t\t\t<div class=\"elementor-column elementor-col-50 elementor-top-column elementor-element elementor-element-d4fe697\" data-id=\"d4fe697\" data-element_type=\"column\" data-e-type=\"column\">\n\t\t\t<div class=\"elementor-widget-wrap elementor-element-populated\">\n\t\t\t\t\t\t<div class=\"elementor-element elementor-element-8bd561e elementor-widget elementor-widget-video\" data-id=\"8bd561e\" data-element_type=\"widget\" data-e-type=\"widget\" data-settings=\"{&quot;video_type&quot;:&quot;hosted&quot;,&quot;autoplay&quot;:&quot;yes&quot;,&quot;loop&quot;:&quot;yes&quot;,&quot;play_on_mobile&quot;:&quot;yes&quot;,&quot;controls&quot;:&quot;yes&quot;}\" data-widget_type=\"video.default\">\n\t\t\t\t<div class=\"elementor-widget-container\">\n\t\t\t\t\t\t\t<div class=\"e-hosted-video elementor-wrapper elementor-open-inline\">\n\t\t\t\t\t<video class=\"elementor-video\" src=\"https:\/\/trappenstore.be\/wp-content\/uploads\/2020\/05\/VIDEO-2020-04-20-16-21-46-3-1.mp4\" autoplay=\"\" loop=\"\" controls=\"\" playsinline=\"\" controlslist=\"nodownload\"><\/video>\n\t\t\t\t<\/div>\n\t\t\t\t\t\t<\/div>\n\t\t\t\t<\/div>\n\t\t\t\t\t<\/div>\n\t\t<\/div>\n\t\t\t\t<div class=\"elementor-column elementor-col-50 elementor-top-column elementor-element elementor-element-0565ecb\" data-id=\"0565ecb\" data-element_type=\"column\" data-e-type=\"column\">\n\t\t\t<div class=\"elementor-widget-wrap elementor-element-populated\">\n\t\t\t\t\t\t<div class=\"elementor-element elementor-element-a7a038d elementor-widget elementor-widget-text-editor\" data-id=\"a7a038d\" data-element_type=\"widget\" data-e-type=\"widget\" data-widget_type=\"text-editor.default\">\n\t\t\t\t<div class=\"elementor-widget-container\">\n\t\t\t\t\t\t\t\t\t<h5><img decoding=\"async\" class=\"aligncenter wp-image-6655\" src=\"https:\/\/deurklinkenstore.be\/wp-content\/uploads\/2020\/04\/ORO-ORO-Logo-2--300x120.png\" alt=\"\" width=\"246\" height=\"99\" \/>Oro&amp;Oro est une marque italienne qui est synonyme de design fantastique, de haute qualit\u00e9 et de long\u00e9vit\u00e9, en bref <span style=\"text-decoration: underline;\">pure classe d&#039;italien.<\/span><\/h5><h5>Chaque produit est fait de m\u00e9tal en couches et trait\u00e9 avec un rev\u00eatement sup\u00e9rieur. Cela donne non seulement une sensation agr\u00e9able dans la main, mais aussi une garantie de plus de 200 000 mouvements.<\/h5><h5>En plus, avec une garantie de 5 ans !<\/h5>\t\t\t\t\t\t\t\t<\/div>\n\t\t\t\t<\/div>\n\t\t\t\t<div class=\"elementor-element elementor-element-353c13b elementor-widget elementor-widget-button\" data-id=\"353c13b\" data-element_type=\"widget\" data-e-type=\"widget\" data-widget_type=\"button.default\">\n\t\t\t\t<div class=\"elementor-widget-container\">\n\t\t\t\t\t\t\t\t\t<div class=\"elementor-button-wrapper\">\n\t\t\t\t\t<a class=\"elementor-button elementor-button-link elementor-size-sm\" href=\"https:\/\/apps.apple.com\/us\/app\/oroandoro\/id1529413431\" target=\"_blank\">\n\t\t\t\t\t\t<span class=\"elementor-button-content-wrapper\">\n\t\t\t\t\t\t\t\t\t<span class=\"elementor-button-text\">Essayez un loquet sur votre porte - application virtuelle !<\/span>\n\t\t\t\t\t<\/span>\n\t\t\t\t\t<\/a>\n\t\t\t\t<\/div>\n\t\t\t\t\t\t\t\t<\/div>\n\t\t\t\t<\/div>\n\t\t\t\t\t<\/div>\n\t\t<\/div>\n\t\t\t\t\t<\/div>\n\t\t<\/section>\n\t\t\t\t<section class=\"elementor-section elementor-top-section elementor-element elementor-element-b55984c elementor-section-boxed elementor-section-height-default elementor-section-height-default\" data-id=\"b55984c\" data-element_type=\"section\" data-e-type=\"section\">\n\t\t\t\t\t\t<div class=\"elementor-container elementor-column-gap-default\">\n\t\t\t\t\t<div class=\"elementor-column elementor-col-50 elementor-top-column elementor-element elementor-element-1d5cbc5\" data-id=\"1d5cbc5\" data-element_type=\"column\" data-e-type=\"column\">\n\t\t\t<div class=\"elementor-widget-wrap elementor-element-populated\">\n\t\t\t\t\t\t<div class=\"elementor-element elementor-element-dd838bf elementor-align-center elementor-widget elementor-widget-button\" data-id=\"dd838bf\" data-element_type=\"widget\" data-e-type=\"widget\" data-widget_type=\"button.default\">\n\t\t\t\t<div class=\"elementor-widget-container\">\n\t\t\t\t\t\t\t\t\t<div class=\"elementor-button-wrapper\">\n\t\t\t\t\t<a class=\"elementor-button elementor-button-link elementor-size-lg\" href=\"https:\/\/trappenstore.be\/fr\/producten\/?_lijn=orooro\">\n\t\t\t\t\t\t<span class=\"elementor-button-content-wrapper\">\n\t\t\t\t\t\t\t\t\t<span class=\"elementor-button-text\">Aller \u00e0 la gamme<\/span>\n\t\t\t\t\t<\/span>\n\t\t\t\t\t<\/a>\n\t\t\t\t<\/div>\n\t\t\t\t\t\t\t\t<\/div>\n\t\t\t\t<\/div>\n\t\t\t\t<div class=\"elementor-element elementor-element-17c6035 elementor-widget elementor-widget-image\" data-id=\"17c6035\" data-element_type=\"widget\" data-e-type=\"widget\" data-widget_type=\"image.default\">\n\t\t\t\t<div class=\"elementor-widget-container\">\n\t\t\t\t\t\t\t\t\t\t\t\t\t\t\t<img fetchpriority=\"high\" decoding=\"async\" width=\"800\" height=\"480\" src=\"https:\/\/trappenstore.be\/wp-content\/uploads\/2020\/05\/Belgium-Poster-42-1-1024x614.jpg\" class=\"attachment-large size-large wp-image-3881\" alt=\"\" srcset=\"https:\/\/trappenstore.be\/wp-content\/uploads\/2020\/05\/Belgium-Poster-42-1-1024x614.jpg 1024w, https:\/\/trappenstore.be\/wp-content\/uploads\/2020\/05\/Belgium-Poster-42-1-scaled-600x360.jpg 600w, https:\/\/trappenstore.be\/wp-content\/uploads\/2020\/05\/Belgium-Poster-42-1-scaled-300x180.jpg 300w, https:\/\/trappenstore.be\/wp-content\/uploads\/2020\/05\/Belgium-Poster-42-1-768x461.jpg 768w, https:\/\/trappenstore.be\/wp-content\/uploads\/2020\/05\/Belgium-Poster-42-1-1536x921.jpg 1536w, https:\/\/trappenstore.be\/wp-content\/uploads\/2020\/05\/Belgium-Poster-42-1-2048x1229.jpg 2048w\" sizes=\"(max-width: 800px) 100vw, 800px\" \/>\t\t\t\t\t\t\t\t\t\t\t\t\t\t\t<\/div>\n\t\t\t\t<\/div>\n\t\t\t\t\t<\/div>\n\t\t<\/div>\n\t\t\t\t<div class=\"elementor-column elementor-col-50 elementor-top-column elementor-element elementor-element-e787349\" data-id=\"e787349\" data-element_type=\"column\" data-e-type=\"column\">\n\t\t\t<div class=\"elementor-widget-wrap elementor-element-populated\">\n\t\t\t\t\t\t<div class=\"elementor-element elementor-element-bb6404b elementor-align-center elementor-widget elementor-widget-button\" data-id=\"bb6404b\" data-element_type=\"widget\" data-e-type=\"widget\" data-widget_type=\"button.default\">\n\t\t\t\t<div class=\"elementor-widget-container\">\n\t\t\t\t\t\t\t\t\t<div class=\"elementor-button-wrapper\">\n\t\t\t\t\t<a class=\"elementor-button elementor-button-link elementor-size-lg\" href=\"https:\/\/trappenstore.be\/fr\/kwaliteit\/\">\n\t\t\t\t\t\t<span class=\"elementor-button-content-wrapper\">\n\t\t\t\t\t\t\t\t\t<span class=\"elementor-button-text\">Qualit\u00e9 garantie<\/span>\n\t\t\t\t\t<\/span>\n\t\t\t\t\t<\/a>\n\t\t\t\t<\/div>\n\t\t\t\t\t\t\t\t<\/div>\n\t\t\t\t<\/div>\n\t\t\t\t<div class=\"elementor-element elementor-element-e3cb316 elementor-widget elementor-widget-image\" data-id=\"e3cb316\" data-element_type=\"widget\" data-e-type=\"widget\" data-widget_type=\"image.default\">\n\t\t\t\t<div class=\"elementor-widget-container\">\n\t\t\t\t\t\t\t\t\t\t\t\t\t\t\t\t<a href=\"https:\/\/trappenstore.be\/fr\/kwaliteit\/\">\n\t\t\t\t\t\t\t<img decoding=\"async\" width=\"743\" height=\"467\" src=\"https:\/\/trappenstore.be\/wp-content\/uploads\/2020\/05\/OROORO-kwaliteitscertificate.jpg\" class=\"attachment-large size-large wp-image-3947\" alt=\"\" srcset=\"https:\/\/trappenstore.be\/wp-content\/uploads\/2020\/05\/OROORO-kwaliteitscertificate.jpg 743w, https:\/\/trappenstore.be\/wp-content\/uploads\/2020\/05\/OROORO-kwaliteitscertificate-600x377.jpg 600w, https:\/\/trappenstore.be\/wp-content\/uploads\/2020\/05\/OROORO-kwaliteitscertificate-300x189.jpg 300w\" sizes=\"(max-width: 743px) 100vw, 743px\" \/>\t\t\t\t\t\t\t\t<\/a>\n\t\t\t\t\t\t\t\t\t\t\t\t\t\t\t<\/div>\n\t\t\t\t<\/div>\n\t\t\t\t\t<\/div>\n\t\t<\/div>\n\t\t\t\t\t<\/div>\n\t\t<\/section>\n\t\t\t\t<\/div>","protected":false},"excerpt":{"rendered":"<p>https:\/\/trappenstore.be\/wp-content\/uploads\/2020\/05\/VIDEO-2020-04-20-16-21-46-3-1.mp4 Oro&amp;Oro is een Italiaans merk dat staat voor een fantastische design, hoge kwaliteit en lange levensduur, kortom pure Italiaanse klasse. Elk product is gemaakt van gelagerd metaal en behandeld met een top coating. Dit geeft niet alleen een super gevoel in de hand maar tevens een garantie op meer dan 200.000 bewegingen. Bovendien met [&hellip;]<\/p>\n","protected":false},"author":1,"featured_media":0,"parent":0,"menu_order":0,"comment_status":"closed","ping_status":"closed","template":"elementor_header_footer","meta":{"_acf_changed":false,"footnotes":""},"class_list":["post-3851","page","type-page","status-publish","hentry"],"acf":[],"_links":{"self":[{"href":"https:\/\/trappenstore.be\/fr\/wp-json\/wp\/v2\/pages\/3851","targetHints":{"allow":["GET"]}}],"collection":[{"href":"https:\/\/trappenstore.be\/fr\/wp-json\/wp\/v2\/pages"}],"about":[{"href":"https:\/\/trappenstore.be\/fr\/wp-json\/wp\/v2\/types\/page"}],"author":[{"embeddable":true,"href":"https:\/\/trappenstore.be\/fr\/wp-json\/wp\/v2\/users\/1"}],"replies":[{"embeddable":true,"href":"https:\/\/trappenstore.be\/fr\/wp-json\/wp\/v2\/comments?post=3851"}],"version-history":[{"count":0,"href":"https:\/\/trappenstore.be\/fr\/wp-json\/wp\/v2\/pages\/3851\/revisions"}],"wp:attachment":[{"href":"https:\/\/trappenstore.be\/fr\/wp-json\/wp\/v2\/media?parent=3851"}],"curies":[{"name":"wp","href":"https:\/\/api.w.org\/{rel}","templated":true}]}}