{"id":3834,"date":"2020-05-26T14:55:08","date_gmt":"2020-05-26T12:55:08","guid":{"rendered":"https:\/\/trappenstore.be\/?page_id=3834"},"modified":"2021-11-02T11:30:13","modified_gmt":"2021-11-02T10:30:13","slug":"keuzepagina","status":"publish","type":"page","link":"https:\/\/trappenstore.be\/fr\/keuzepagina\/","title":{"rendered":"Page de s\u00e9lection"},"content":{"rendered":"<div data-elementor-type=\"wp-page\" data-elementor-id=\"3834\" class=\"elementor elementor-3834\" data-elementor-post-type=\"page\">\n\t\t\t\t\t\t<section class=\"elementor-section elementor-top-section elementor-element elementor-element-65fe0e6 elementor-section-boxed elementor-section-height-default elementor-section-height-default\" data-id=\"65fe0e6\" data-element_type=\"section\" data-e-type=\"section\">\n\t\t\t\t\t\t<div class=\"elementor-container elementor-column-gap-default\">\n\t\t\t\t\t<div class=\"elementor-column elementor-col-100 elementor-top-column elementor-element elementor-element-19c4816\" data-id=\"19c4816\" data-element_type=\"column\" data-e-type=\"column\">\n\t\t\t<div class=\"elementor-widget-wrap elementor-element-populated\">\n\t\t\t\t\t\t<div class=\"elementor-element elementor-element-bc0cb32 elementor-position-left elementor-vertical-align-top elementor-widget elementor-widget-image-box\" data-id=\"bc0cb32\" data-element_type=\"widget\" data-e-type=\"widget\" data-widget_type=\"image-box.default\">\n\t\t\t\t<div class=\"elementor-widget-container\">\n\t\t\t\t\t<div class=\"elementor-image-box-wrapper\"><figure class=\"elementor-image-box-img\"><img decoding=\"async\" width=\"44\" height=\"50\" src=\"https:\/\/trappenstore.be\/wp-content\/uploads\/2020\/05\/Luxma-bol.gif\" class=\"attachment-full size-full wp-image-3855\" alt=\"\" \/><\/figure><div class=\"elementor-image-box-content\"><h3 class=\"elementor-image-box-title\">POIGN\u00c9ES DE PORTE Inspirez-moi!<\/h3><\/div><\/div>\t\t\t\t<\/div>\n\t\t\t\t<\/div>\n\t\t\t\t<div class=\"elementor-element elementor-element-f256086 elementor-widget-divider--view-line elementor-widget elementor-widget-divider\" data-id=\"f256086\" data-element_type=\"widget\" data-e-type=\"widget\" data-widget_type=\"divider.default\">\n\t\t\t\t<div class=\"elementor-widget-container\">\n\t\t\t\t\t\t\t<div class=\"elementor-divider\">\n\t\t\t<span class=\"elementor-divider-separator\">\n\t\t\t\t\t\t<\/span>\n\t\t<\/div>\n\t\t\t\t\t\t<\/div>\n\t\t\t\t<\/div>\n\t\t\t\t<section class=\"elementor-section elementor-inner-section elementor-element elementor-element-a02e808 elementor-section-boxed elementor-section-height-default elementor-section-height-default\" data-id=\"a02e808\" data-element_type=\"section\" data-e-type=\"section\">\n\t\t\t\t\t\t<div class=\"elementor-container elementor-column-gap-narrow\">\n\t\t\t\t\t<div class=\"elementor-column elementor-col-33 elementor-inner-column elementor-element elementor-element-410d95e\" data-id=\"410d95e\" data-element_type=\"column\" data-e-type=\"column\">\n\t\t\t<div class=\"elementor-widget-wrap elementor-element-populated\">\n\t\t\t\t\t\t<div class=\"elementor-element elementor-element-5a219de afbeeldingkeuze elementor-widget elementor-widget-image\" data-id=\"5a219de\" data-element_type=\"widget\" data-e-type=\"widget\" data-widget_type=\"image.default\">\n\t\t\t\t<div class=\"elementor-widget-container\">\n\t\t\t\t\t\t\t\t\t\t\t\t\t\t\t\t<a href=\"https:\/\/trappenstore.be\/fr\/orooro\/\">\n\t\t\t\t\t\t\t<img fetchpriority=\"high\" decoding=\"async\" width=\"1890\" height=\"1134\" src=\"https:\/\/trappenstore.be\/wp-content\/uploads\/2020\/05\/1-4.png\" class=\"attachment-full size-full wp-image-3877\" alt=\"\" srcset=\"https:\/\/trappenstore.be\/wp-content\/uploads\/2020\/05\/1-4.png 1890w, https:\/\/trappenstore.be\/wp-content\/uploads\/2020\/05\/1-4-600x360.png 600w, https:\/\/trappenstore.be\/wp-content\/uploads\/2020\/05\/1-4-300x180.png 300w, https:\/\/trappenstore.be\/wp-content\/uploads\/2020\/05\/1-4-1024x614.png 1024w, https:\/\/trappenstore.be\/wp-content\/uploads\/2020\/05\/1-4-768x461.png 768w, https:\/\/trappenstore.be\/wp-content\/uploads\/2020\/05\/1-4-1536x922.png 1536w\" sizes=\"(max-width: 1890px) 100vw, 1890px\" \/>\t\t\t\t\t\t\t\t<\/a>\n\t\t\t\t\t\t\t\t\t\t\t\t\t\t\t<\/div>\n\t\t\t\t<\/div>\n\t\t\t\t<div class=\"elementor-element elementor-element-0951621 elementor-widget elementor-widget-text-editor\" data-id=\"0951621\" data-element_type=\"widget\" data-e-type=\"widget\" data-widget_type=\"text-editor.default\">\n\t\t\t\t<div class=\"elementor-widget-container\">\n\t\t\t\t\t\t\t\t\t<p>Design \u00e9l\u00e9gant pour un int\u00e9rieur tendance<\/p>\t\t\t\t\t\t\t\t<\/div>\n\t\t\t\t<\/div>\n\t\t\t\t\t<\/div>\n\t\t<\/div>\n\t\t\t\t<div class=\"elementor-column elementor-col-33 elementor-inner-column elementor-element elementor-element-e463532\" data-id=\"e463532\" data-element_type=\"column\" data-e-type=\"column\">\n\t\t\t<div class=\"elementor-widget-wrap elementor-element-populated\">\n\t\t\t\t\t\t<div class=\"elementor-element elementor-element-0b137b2 afbeeldingkeuze elementor-widget elementor-widget-image\" data-id=\"0b137b2\" data-element_type=\"widget\" data-e-type=\"widget\" data-widget_type=\"image.default\">\n\t\t\t\t<div class=\"elementor-widget-container\">\n\t\t\t\t\t\t\t\t\t\t\t\t\t\t\t\t<a href=\"https:\/\/trappenstore.be\/fr\/producten\/?_lijn=original\">\n\t\t\t\t\t\t\t<img decoding=\"async\" width=\"2560\" height=\"1563\" src=\"https:\/\/trappenstore.be\/wp-content\/uploads\/2020\/06\/Original-2-zonder-scaled.jpg\" class=\"attachment-full size-full wp-image-4110\" alt=\"\" srcset=\"https:\/\/trappenstore.be\/wp-content\/uploads\/2020\/06\/Original-2-zonder-scaled.jpg 2560w, https:\/\/trappenstore.be\/wp-content\/uploads\/2020\/06\/Original-2-zonder-scaled-600x366.jpg 600w, https:\/\/trappenstore.be\/wp-content\/uploads\/2020\/06\/Original-2-zonder-scaled-300x183.jpg 300w, https:\/\/trappenstore.be\/wp-content\/uploads\/2020\/06\/Original-2-zonder-1024x625.jpg 1024w, https:\/\/trappenstore.be\/wp-content\/uploads\/2020\/06\/Original-2-zonder-768x469.jpg 768w, https:\/\/trappenstore.be\/wp-content\/uploads\/2020\/06\/Original-2-zonder-1536x938.jpg 1536w, https:\/\/trappenstore.be\/wp-content\/uploads\/2020\/06\/Original-2-zonder-2048x1250.jpg 2048w\" sizes=\"(max-width: 2560px) 100vw, 2560px\" \/>\t\t\t\t\t\t\t\t<\/a>\n\t\t\t\t\t\t\t\t\t\t\t\t\t\t\t<\/div>\n\t\t\t\t<\/div>\n\t\t\t\t<div class=\"elementor-element elementor-element-9a3a4a3 elementor-widget elementor-widget-text-editor\" data-id=\"9a3a4a3\" data-element_type=\"widget\" data-e-type=\"widget\" data-widget_type=\"text-editor.default\">\n\t\t\t\t<div class=\"elementor-widget-container\">\n\t\t\t\t\t\t\t\t\tDes classiques pour un int\u00e9rieur contemporain.\t\t\t\t\t\t\t\t<\/div>\n\t\t\t\t<\/div>\n\t\t\t\t\t<\/div>\n\t\t<\/div>\n\t\t\t\t<div class=\"elementor-column elementor-col-33 elementor-inner-column elementor-element elementor-element-df830d0\" data-id=\"df830d0\" data-element_type=\"column\" data-e-type=\"column\">\n\t\t\t<div class=\"elementor-widget-wrap elementor-element-populated\">\n\t\t\t\t\t\t<div class=\"elementor-element elementor-element-dd37538 afbeeldingkeuze elementor-widget elementor-widget-image\" data-id=\"dd37538\" data-element_type=\"widget\" data-e-type=\"widget\" data-widget_type=\"image.default\">\n\t\t\t\t<div class=\"elementor-widget-container\">\n\t\t\t\t\t\t\t\t\t\t\t\t\t\t\t\t<a href=\"https:\/\/trappenstore.be\/fr\/producten\/?_lijn=basic\">\n\t\t\t\t\t\t\t<img loading=\"lazy\" decoding=\"async\" width=\"2560\" height=\"1564\" src=\"https:\/\/trappenstore.be\/wp-content\/uploads\/2020\/06\/Basic-2-zonder-scaled.jpg\" class=\"attachment-full size-full wp-image-4108\" alt=\"\" srcset=\"https:\/\/trappenstore.be\/wp-content\/uploads\/2020\/06\/Basic-2-zonder-scaled.jpg 2560w, https:\/\/trappenstore.be\/wp-content\/uploads\/2020\/06\/Basic-2-zonder-scaled-600x367.jpg 600w, https:\/\/trappenstore.be\/wp-content\/uploads\/2020\/06\/Basic-2-zonder-scaled-300x183.jpg 300w, https:\/\/trappenstore.be\/wp-content\/uploads\/2020\/06\/Basic-2-zonder-1024x625.jpg 1024w, https:\/\/trappenstore.be\/wp-content\/uploads\/2020\/06\/Basic-2-zonder-768x469.jpg 768w, https:\/\/trappenstore.be\/wp-content\/uploads\/2020\/06\/Basic-2-zonder-1536x938.jpg 1536w, https:\/\/trappenstore.be\/wp-content\/uploads\/2020\/06\/Basic-2-zonder-2048x1251.jpg 2048w\" sizes=\"(max-width: 2560px) 100vw, 2560px\" \/>\t\t\t\t\t\t\t\t<\/a>\n\t\t\t\t\t\t\t\t\t\t\t\t\t\t\t<\/div>\n\t\t\t\t<\/div>\n\t\t\t\t<div class=\"elementor-element elementor-element-d1b5419 elementor-widget elementor-widget-text-editor\" data-id=\"d1b5419\" data-element_type=\"widget\" data-e-type=\"widget\" data-widget_type=\"text-editor.default\">\n\t\t\t\t<div class=\"elementor-widget-container\">\n\t\t\t\t\t\t\t\t\tRivetage de base de qualit\u00e9 pour tout int\u00e9rieur.\t\t\t\t\t\t\t\t<\/div>\n\t\t\t\t<\/div>\n\t\t\t\t\t<\/div>\n\t\t<\/div>\n\t\t\t\t\t<\/div>\n\t\t<\/section>\n\t\t\t\t\t<\/div>\n\t\t<\/div>\n\t\t\t\t\t<\/div>\n\t\t<\/section>\n\t\t\t\t<section class=\"elementor-section elementor-top-section elementor-element elementor-element-95fb971 elementor-section-boxed elementor-section-height-default elementor-section-height-default\" data-id=\"95fb971\" data-element_type=\"section\" data-e-type=\"section\">\n\t\t\t\t\t\t<div class=\"elementor-container elementor-column-gap-default\">\n\t\t\t\t\t<div class=\"elementor-column elementor-col-100 elementor-top-column elementor-element elementor-element-2cca066\" data-id=\"2cca066\" data-element_type=\"column\" data-e-type=\"column\">\n\t\t\t<div class=\"elementor-widget-wrap elementor-element-populated\">\n\t\t\t\t\t\t<div class=\"elementor-element elementor-element-37cea0e elementor-position-left elementor-vertical-align-top elementor-widget elementor-widget-image-box\" data-id=\"37cea0e\" data-element_type=\"widget\" data-e-type=\"widget\" data-widget_type=\"image-box.default\">\n\t\t\t\t<div class=\"elementor-widget-container\">\n\t\t\t\t\t<div class=\"elementor-image-box-wrapper\"><figure class=\"elementor-image-box-img\"><img decoding=\"async\" width=\"44\" height=\"50\" src=\"https:\/\/trappenstore.be\/wp-content\/uploads\/2020\/05\/Luxma-bol.gif\" class=\"attachment-full size-full wp-image-3855\" alt=\"\" \/><\/figure><div class=\"elementor-image-box-content\"><h3 class=\"elementor-image-box-title\">POIGN\u00c9ES DE PORTE La couleur en t\u00eate ?<\/h3><\/div><\/div>\t\t\t\t<\/div>\n\t\t\t\t<\/div>\n\t\t\t\t<div class=\"elementor-element elementor-element-aa63e78 elementor-widget-divider--view-line elementor-widget elementor-widget-divider\" data-id=\"aa63e78\" data-element_type=\"widget\" data-e-type=\"widget\" data-widget_type=\"divider.default\">\n\t\t\t\t<div class=\"elementor-widget-container\">\n\t\t\t\t\t\t\t<div class=\"elementor-divider\">\n\t\t\t<span class=\"elementor-divider-separator\">\n\t\t\t\t\t\t<\/span>\n\t\t<\/div>\n\t\t\t\t\t\t<\/div>\n\t\t\t\t<\/div>\n\t\t\t\t<section class=\"elementor-section elementor-inner-section elementor-element elementor-element-a7ec05d elementor-section-boxed elementor-section-height-default elementor-section-height-default\" data-id=\"a7ec05d\" data-element_type=\"section\" data-e-type=\"section\">\n\t\t\t\t\t\t<div class=\"elementor-container elementor-column-gap-default\">\n\t\t\t\t\t<div class=\"elementor-column elementor-col-100 elementor-inner-column elementor-element elementor-element-b417639\" data-id=\"b417639\" data-element_type=\"column\" data-e-type=\"column\">\n\t\t\t<div class=\"elementor-widget-wrap elementor-element-populated\">\n\t\t\t\t\t\t<div class=\"elementor-element elementor-element-d863b5c elementor-widget elementor-widget-shortcode\" data-id=\"d863b5c\" data-element_type=\"widget\" data-e-type=\"widget\" data-widget_type=\"shortcode.default\">\n\t\t\t\t<div class=\"elementor-widget-container\">\n\t\t\t\t\t  <div class=\"kleurcontainer\">\n        <div class=\"kleur INOX\">\n        <a href=\"https:\/\/trappenstore.be\/fr\/kleur\/inox\/?_categorie=klinken\">INOX<\/a>\n    <\/div>\n        <div class=\"kleur KOPER\">\n        <a href=\"https:\/\/trappenstore.be\/fr\/kleur\/koper\/?_categorie=klinken\">CUIVRE<\/a>\n    <\/div>\n        <div class=\"kleur BRONS\">\n        <a href=\"https:\/\/trappenstore.be\/fr\/kleur\/brons\/?_categorie=klinken\">BRONZE<\/a>\n    <\/div>\n        <div class=\"kleur TIN\">\n        <a href=\"https:\/\/trappenstore.be\/fr\/kleur\/tin\/?_categorie=klinken\">\u00c9TAIN<\/a>\n    <\/div>\n        <div class=\"kleur NIKKEL\">\n        <a href=\"https:\/\/trappenstore.be\/fr\/kleur\/nikkel\/?_categorie=klinken\">NICKEL<\/a>\n    <\/div>\n        <div class=\"kleur ALU\">\n        <a href=\"https:\/\/trappenstore.be\/fr\/kleur\/alu\/?_categorie=klinken\">aluminium<\/a>\n    <\/div>\n        <div class=\"kleur CHROOM\">\n        <a href=\"https:\/\/trappenstore.be\/fr\/kleur\/chroom\/?_categorie=klinken\">CHROME<\/a>\n    <\/div>\n        <div class=\"kleur ZWART\">\n        <a href=\"https:\/\/trappenstore.be\/fr\/kleur\/zwart\/?_categorie=klinken\">NOIR<\/a>\n    <\/div>\n        <div class=\"kleur IJZER\">\n        <a href=\"https:\/\/trappenstore.be\/fr\/kleur\/ijzer\/?_categorie=klinken\">FER<\/a>\n    <\/div>\n        <div class=\"kleur WIT\">\n        <a href=\"https:\/\/trappenstore.be\/fr\/kleur\/wit\/?_categorie=klinken\">BLANCHE<\/a>\n    <\/div>\n        <div class=\"kleur TITANIUM\">\n        <a href=\"https:\/\/trappenstore.be\/fr\/kleur\/titanium\/?_categorie=klinken\">TITANE<\/a>\n    <\/div>\n        <div class=\"kleur ANTIEK TIN\">\n        <a href=\"https:\/\/trappenstore.be\/fr\/kleur\/antiek-tin\/?_categorie=klinken\">\u00c9TAIN ANTIQUE<\/a>\n    <\/div>\n      <\/div> \n  \t\t<div class=\"elementor-shortcode\"><\/div>\n\t\t\t\t\t\t<\/div>\n\t\t\t\t<\/div>\n\t\t\t\t\t<\/div>\n\t\t<\/div>\n\t\t\t\t\t<\/div>\n\t\t<\/section>\n\t\t\t\t\t<\/div>\n\t\t<\/div>\n\t\t\t\t\t<\/div>\n\t\t<\/section>\n\t\t\t\t<\/div>","protected":false},"excerpt":{"rendered":"<p>POIGN\u00c9ES DE PORTE Inspirez-moi ! Un design \u00e9l\u00e9gant pour un int\u00e9rieur tendance Des classiques pour un int\u00e9rieur contemporain. Un son de base de qualit\u00e9 pour chaque int\u00e9rieur. POIGN\u00c9ES DE PORTE Couleur en t\u00eate ?<\/p>","protected":false},"author":1,"featured_media":0,"parent":0,"menu_order":0,"comment_status":"closed","ping_status":"closed","template":"elementor_header_footer","meta":{"_acf_changed":false,"footnotes":""},"class_list":["post-3834","page","type-page","status-publish","hentry"],"acf":[],"_links":{"self":[{"href":"https:\/\/trappenstore.be\/fr\/wp-json\/wp\/v2\/pages\/3834","targetHints":{"allow":["GET"]}}],"collection":[{"href":"https:\/\/trappenstore.be\/fr\/wp-json\/wp\/v2\/pages"}],"about":[{"href":"https:\/\/trappenstore.be\/fr\/wp-json\/wp\/v2\/types\/page"}],"author":[{"embeddable":true,"href":"https:\/\/trappenstore.be\/fr\/wp-json\/wp\/v2\/users\/1"}],"replies":[{"embeddable":true,"href":"https:\/\/trappenstore.be\/fr\/wp-json\/wp\/v2\/comments?post=3834"}],"version-history":[{"count":0,"href":"https:\/\/trappenstore.be\/fr\/wp-json\/wp\/v2\/pages\/3834\/revisions"}],"wp:attachment":[{"href":"https:\/\/trappenstore.be\/fr\/wp-json\/wp\/v2\/media?parent=3834"}],"curies":[{"name":"wp","href":"https:\/\/api.w.org\/{rel}","templated":true}]}}