{"id":2298,"date":"2020-05-25T12:16:42","date_gmt":"2020-05-25T10:16:42","guid":{"rendered":"https:\/\/trappenstore.be\/?page_id=2298"},"modified":"2020-08-21T14:02:45","modified_gmt":"2020-08-21T12:02:45","slug":"deurbeslag","status":"publish","type":"page","link":"https:\/\/trappenstore.be\/fr\/deurbeslag\/","title":{"rendered":"garnitures de porte"},"content":{"rendered":"<div data-elementor-type=\"wp-page\" data-elementor-id=\"2298\" class=\"elementor elementor-2298\" data-elementor-post-type=\"page\">\n\t\t\t\t\t\t<section class=\"elementor-section elementor-top-section elementor-element elementor-element-407dfb4b elementor-section-boxed elementor-section-height-default elementor-section-height-default\" data-id=\"407dfb4b\" data-element_type=\"section\" data-e-type=\"section\">\n\t\t\t\t\t\t<div class=\"elementor-container elementor-column-gap-default\">\n\t\t\t\t\t<div class=\"elementor-column elementor-col-100 elementor-top-column elementor-element elementor-element-352faa5d\" data-id=\"352faa5d\" data-element_type=\"column\" data-e-type=\"column\">\n\t\t\t<div class=\"elementor-widget-wrap elementor-element-populated\">\n\t\t\t\t\t\t<div class=\"elementor-element elementor-element-62eba08d elementor-widget elementor-widget-heading\" data-id=\"62eba08d\" data-element_type=\"widget\" data-e-type=\"widget\" data-widget_type=\"heading.default\">\n\t\t\t\t<div class=\"elementor-widget-container\">\n\t\t\t\t\t<h2 class=\"elementor-heading-title elementor-size-default\">Le sp\u00e9cialiste belge des ferrures de portes<br>Distributeur de la marque Exclusive Italian Design<\/h2>\t\t\t\t<\/div>\n\t\t\t\t<\/div>\n\t\t\t\t<div class=\"elementor-element elementor-element-7b17c37f elementor-widget-divider--view-line elementor-widget elementor-widget-divider\" data-id=\"7b17c37f\" data-element_type=\"widget\" data-e-type=\"widget\" data-widget_type=\"divider.default\">\n\t\t\t\t<div class=\"elementor-widget-container\">\n\t\t\t\t\t\t\t<div class=\"elementor-divider\">\n\t\t\t<span class=\"elementor-divider-separator\">\n\t\t\t\t\t\t<\/span>\n\t\t<\/div>\n\t\t\t\t\t\t<\/div>\n\t\t\t\t<\/div>\n\t\t\t\t<div class=\"elementor-element elementor-element-74606189 elementor-widget__width-initial elementor-widget elementor-widget-text-editor\" data-id=\"74606189\" data-element_type=\"widget\" data-e-type=\"widget\" data-widget_type=\"text-editor.default\">\n\t\t\t\t<div class=\"elementor-widget-container\">\n\t\t\t\t\t\t\t\t\t<p><img decoding=\"async\" class=\"aligncenter size-medium wp-image-6655\" src=\"https:\/\/deurklinkenstore.be\/wp-content\/uploads\/2020\/04\/ORO-ORO-Logo-2--300x120.png\" alt=\"\" width=\"300\" height=\"120\" \/><img fetchpriority=\"high\" decoding=\"async\" class=\"aligncenter size-medium wp-image-6483\" src=\"https:\/\/deurklinkenstore.be\/wp-content\/uploads\/2020\/04\/Kind-met-deur-300x262.jpeg\" alt=\"\" width=\"300\" height=\"262\" \/>La gamme propos\u00e9e a \u00e9t\u00e9 \u00e9labor\u00e9e avec le plus grand soin pour r\u00e9pondre \u00e0 toutes vos attentes. Nous fournissons toujours des produits de conception de haute qualit\u00e9 \u00e0 des prix comp\u00e9titifs. Nous esp\u00e9rons sinc\u00e8rement que vous trouverez ce que vous cherchez ici avec nous. Beaucoup de plaisir !<\/p>\t\t\t\t\t\t\t\t<\/div>\n\t\t\t\t<\/div>\n\t\t\t\t\t<\/div>\n\t\t<\/div>\n\t\t\t\t\t<\/div>\n\t\t<\/section>\n\t\t\t\t<section class=\"elementor-section elementor-top-section elementor-element elementor-element-34b32c6c elementor-section-boxed elementor-section-height-default elementor-section-height-default\" data-id=\"34b32c6c\" data-element_type=\"section\" data-e-type=\"section\">\n\t\t\t\t\t\t<div class=\"elementor-container elementor-column-gap-default\">\n\t\t\t\t\t<div class=\"elementor-column elementor-col-25 elementor-top-column elementor-element elementor-element-54a992e3\" data-id=\"54a992e3\" data-element_type=\"column\" data-e-type=\"column\">\n\t\t\t<div class=\"elementor-widget-wrap elementor-element-populated\">\n\t\t\t\t\t\t<div class=\"elementor-element elementor-element-104adecc elementor-widget elementor-widget-heading\" data-id=\"104adecc\" data-element_type=\"widget\" data-e-type=\"widget\" data-widget_type=\"heading.default\">\n\t\t\t\t<div class=\"elementor-widget-container\">\n\t\t\t\t\t<h2 class=\"elementor-heading-title elementor-size-default\">Poign\u00e8es<\/h2>\t\t\t\t<\/div>\n\t\t\t\t<\/div>\n\t\t\t\t<div class=\"elementor-element elementor-element-38dde318 elementor-widget elementor-widget-image\" data-id=\"38dde318\" data-element_type=\"widget\" data-e-type=\"widget\" data-widget_type=\"image.default\">\n\t\t\t\t<div class=\"elementor-widget-container\">\n\t\t\t\t\t\t\t\t\t\t\t\t\t\t\t\t<a href=\"https:\/\/trappenstore.be\/fr\/keuzepagina\/\">\n\t\t\t\t\t\t\t<img decoding=\"async\" width=\"800\" height=\"800\" src=\"https:\/\/trappenstore.be\/wp-content\/uploads\/2020\/05\/LINO-CILINDER-scaled-2-1024x1024.jpeg\" class=\"attachment-large size-large wp-image-2300\" alt=\"\" srcset=\"https:\/\/trappenstore.be\/wp-content\/uploads\/2020\/05\/LINO-CILINDER-scaled-2-1024x1024.jpeg 1024w, https:\/\/trappenstore.be\/wp-content\/uploads\/2020\/05\/LINO-CILINDER-scaled-2-600x600.jpeg 600w, https:\/\/trappenstore.be\/wp-content\/uploads\/2020\/05\/LINO-CILINDER-scaled-2-300x300.jpeg 300w, https:\/\/trappenstore.be\/wp-content\/uploads\/2020\/05\/LINO-CILINDER-scaled-2-150x150.jpeg 150w, https:\/\/trappenstore.be\/wp-content\/uploads\/2020\/05\/LINO-CILINDER-scaled-2-768x768.jpeg 768w, https:\/\/trappenstore.be\/wp-content\/uploads\/2020\/05\/LINO-CILINDER-scaled-2-1536x1536.jpeg 1536w, https:\/\/trappenstore.be\/wp-content\/uploads\/2020\/05\/LINO-CILINDER-scaled-2-2048x2048.jpeg 2048w\" sizes=\"(max-width: 800px) 100vw, 800px\" \/>\t\t\t\t\t\t\t\t<\/a>\n\t\t\t\t\t\t\t\t\t\t\t\t\t\t\t<\/div>\n\t\t\t\t<\/div>\n\t\t\t\t\t<\/div>\n\t\t<\/div>\n\t\t\t\t<div class=\"elementor-column elementor-col-25 elementor-top-column elementor-element elementor-element-667c1c4d\" data-id=\"667c1c4d\" data-element_type=\"column\" data-e-type=\"column\">\n\t\t\t<div class=\"elementor-widget-wrap elementor-element-populated\">\n\t\t\t\t\t\t<div class=\"elementor-element elementor-element-1a482cb3 elementor-widget elementor-widget-heading\" data-id=\"1a482cb3\" data-element_type=\"widget\" data-e-type=\"widget\" data-widget_type=\"heading.default\">\n\t\t\t\t<div class=\"elementor-widget-container\">\n\t\t\t\t\t<h2 class=\"elementor-heading-title elementor-size-default\">charni\u00e8res<\/h2>\t\t\t\t<\/div>\n\t\t\t\t<\/div>\n\t\t\t\t<div class=\"elementor-element elementor-element-6e724946 elementor-widget elementor-widget-image\" data-id=\"6e724946\" data-element_type=\"widget\" data-e-type=\"widget\" data-widget_type=\"image.default\">\n\t\t\t\t<div class=\"elementor-widget-container\">\n\t\t\t\t\t\t\t\t\t\t\t\t\t\t\t\t<a href=\"https:\/\/trappenstore.be\/fr\/product-category\/deurbeslag\/scharnieren\/\">\n\t\t\t\t\t\t\t<img loading=\"lazy\" decoding=\"async\" width=\"800\" height=\"800\" src=\"https:\/\/trappenstore.be\/wp-content\/uploads\/2020\/05\/SCHARNIER-4020-GEEL-KOPER-VAASKOP-AFGEROND-scaled-2-1024x1024.jpeg\" class=\"attachment-large size-large wp-image-2301\" alt=\"\" srcset=\"https:\/\/trappenstore.be\/wp-content\/uploads\/2020\/05\/SCHARNIER-4020-GEEL-KOPER-VAASKOP-AFGEROND-scaled-2-1024x1024.jpeg 1024w, https:\/\/trappenstore.be\/wp-content\/uploads\/2020\/05\/SCHARNIER-4020-GEEL-KOPER-VAASKOP-AFGEROND-scaled-2-600x600.jpeg 600w, https:\/\/trappenstore.be\/wp-content\/uploads\/2020\/05\/SCHARNIER-4020-GEEL-KOPER-VAASKOP-AFGEROND-scaled-2-300x300.jpeg 300w, https:\/\/trappenstore.be\/wp-content\/uploads\/2020\/05\/SCHARNIER-4020-GEEL-KOPER-VAASKOP-AFGEROND-scaled-2-150x150.jpeg 150w, https:\/\/trappenstore.be\/wp-content\/uploads\/2020\/05\/SCHARNIER-4020-GEEL-KOPER-VAASKOP-AFGEROND-scaled-2-768x768.jpeg 768w, https:\/\/trappenstore.be\/wp-content\/uploads\/2020\/05\/SCHARNIER-4020-GEEL-KOPER-VAASKOP-AFGEROND-scaled-2-1536x1536.jpeg 1536w, https:\/\/trappenstore.be\/wp-content\/uploads\/2020\/05\/SCHARNIER-4020-GEEL-KOPER-VAASKOP-AFGEROND-scaled-2-2048x2048.jpeg 2048w\" sizes=\"(max-width: 800px) 100vw, 800px\" \/>\t\t\t\t\t\t\t\t<\/a>\n\t\t\t\t\t\t\t\t\t\t\t\t\t\t\t<\/div>\n\t\t\t\t<\/div>\n\t\t\t\t\t<\/div>\n\t\t<\/div>\n\t\t\t\t<div class=\"elementor-column elementor-col-25 elementor-top-column elementor-element elementor-element-577b2642\" data-id=\"577b2642\" data-element_type=\"column\" data-e-type=\"column\">\n\t\t\t<div class=\"elementor-widget-wrap elementor-element-populated\">\n\t\t\t\t\t\t<div class=\"elementor-element elementor-element-200f556f elementor-widget elementor-widget-heading\" data-id=\"200f556f\" data-element_type=\"widget\" data-e-type=\"widget\" data-widget_type=\"heading.default\">\n\t\t\t\t<div class=\"elementor-widget-container\">\n\t\t\t\t\t<h2 class=\"elementor-heading-title elementor-size-default\">paumelles<\/h2>\t\t\t\t<\/div>\n\t\t\t\t<\/div>\n\t\t\t\t<div class=\"elementor-element elementor-element-7a1998a3 elementor-widget elementor-widget-image\" data-id=\"7a1998a3\" data-element_type=\"widget\" data-e-type=\"widget\" data-widget_type=\"image.default\">\n\t\t\t\t<div class=\"elementor-widget-container\">\n\t\t\t\t\t\t\t\t\t\t\t\t\t\t\t\t<a href=\"https:\/\/trappenstore.be\/fr\/product-category\/deurbeslag\/paumellen\/\">\n\t\t\t\t\t\t\t<img loading=\"lazy\" decoding=\"async\" width=\"239\" height=\"207\" src=\"https:\/\/trappenstore.be\/wp-content\/uploads\/2020\/05\/oie_transparent-1.png\" class=\"attachment-large size-large wp-image-2302\" alt=\"\" \/>\t\t\t\t\t\t\t\t<\/a>\n\t\t\t\t\t\t\t\t\t\t\t\t\t\t\t<\/div>\n\t\t\t\t<\/div>\n\t\t\t\t\t<\/div>\n\t\t<\/div>\n\t\t\t\t<div class=\"elementor-column elementor-col-25 elementor-top-column elementor-element elementor-element-6085dc58\" data-id=\"6085dc58\" data-element_type=\"column\" data-e-type=\"column\">\n\t\t\t<div class=\"elementor-widget-wrap elementor-element-populated\">\n\t\t\t\t\t\t<div class=\"elementor-element elementor-element-66390f17 elementor-widget elementor-widget-heading\" data-id=\"66390f17\" data-element_type=\"widget\" data-e-type=\"widget\" data-widget_type=\"heading.default\">\n\t\t\t\t<div class=\"elementor-widget-container\">\n\t\t\t\t\t<h2 class=\"elementor-heading-title elementor-size-default\">arr\u00eats de portes<\/h2>\t\t\t\t<\/div>\n\t\t\t\t<\/div>\n\t\t\t\t<div class=\"elementor-element elementor-element-4e7386d7 elementor-widget elementor-widget-image\" data-id=\"4e7386d7\" data-element_type=\"widget\" data-e-type=\"widget\" data-widget_type=\"image.default\">\n\t\t\t\t<div class=\"elementor-widget-container\">\n\t\t\t\t\t\t\t\t\t\t\t\t\t\t\t\t<a href=\"https:\/\/trappenstore.be\/fr\/product-category\/deurbeslag\/deurstoppers\/\">\n\t\t\t\t\t\t\t<img loading=\"lazy\" decoding=\"async\" width=\"800\" height=\"800\" src=\"https:\/\/trappenstore.be\/wp-content\/uploads\/2020\/05\/DEURSTOPPER-016-KOPER-1-1024x1024.jpeg\" class=\"attachment-large size-large wp-image-2303\" alt=\"\" srcset=\"https:\/\/trappenstore.be\/wp-content\/uploads\/2020\/05\/DEURSTOPPER-016-KOPER-1-1024x1024.jpeg 1024w, https:\/\/trappenstore.be\/wp-content\/uploads\/2020\/05\/DEURSTOPPER-016-KOPER-1-600x600.jpeg 600w, https:\/\/trappenstore.be\/wp-content\/uploads\/2020\/05\/DEURSTOPPER-016-KOPER-1-300x300.jpeg 300w, https:\/\/trappenstore.be\/wp-content\/uploads\/2020\/05\/DEURSTOPPER-016-KOPER-1-150x150.jpeg 150w, https:\/\/trappenstore.be\/wp-content\/uploads\/2020\/05\/DEURSTOPPER-016-KOPER-1-768x768.jpeg 768w, https:\/\/trappenstore.be\/wp-content\/uploads\/2020\/05\/DEURSTOPPER-016-KOPER-1-1536x1536.jpeg 1536w, https:\/\/trappenstore.be\/wp-content\/uploads\/2020\/05\/DEURSTOPPER-016-KOPER-1-2048x2048.jpeg 2048w\" sizes=\"(max-width: 800px) 100vw, 800px\" \/>\t\t\t\t\t\t\t\t<\/a>\n\t\t\t\t\t\t\t\t\t\t\t\t\t\t\t<\/div>\n\t\t\t\t<\/div>\n\t\t\t\t\t<\/div>\n\t\t<\/div>\n\t\t\t\t\t<\/div>\n\t\t<\/section>\n\t\t\t\t<\/div>","protected":false},"excerpt":{"rendered":"<p>De Belgische specialist in deurbeslagVerdeler van het Exclusieve Italiaanse Design merk Het voorgestelde assortiment is met de hoogste zorg samengesteld om aan al uw verwachtingen te voldoen. Wij leveren steeds hoge kwaliteit designproducten tegen scherpe prijzen.\u00a0 Wij hopen van harte dat u hier bij ons vindt waar u naar op zoek bent. Veel plezier ! [&hellip;]<\/p>\n","protected":false},"author":1,"featured_media":0,"parent":0,"menu_order":0,"comment_status":"closed","ping_status":"closed","template":"elementor_header_footer","meta":{"_acf_changed":false,"footnotes":""},"class_list":["post-2298","page","type-page","status-publish","hentry"],"acf":[],"_links":{"self":[{"href":"https:\/\/trappenstore.be\/fr\/wp-json\/wp\/v2\/pages\/2298","targetHints":{"allow":["GET"]}}],"collection":[{"href":"https:\/\/trappenstore.be\/fr\/wp-json\/wp\/v2\/pages"}],"about":[{"href":"https:\/\/trappenstore.be\/fr\/wp-json\/wp\/v2\/types\/page"}],"author":[{"embeddable":true,"href":"https:\/\/trappenstore.be\/fr\/wp-json\/wp\/v2\/users\/1"}],"replies":[{"embeddable":true,"href":"https:\/\/trappenstore.be\/fr\/wp-json\/wp\/v2\/comments?post=2298"}],"version-history":[{"count":0,"href":"https:\/\/trappenstore.be\/fr\/wp-json\/wp\/v2\/pages\/2298\/revisions"}],"wp:attachment":[{"href":"https:\/\/trappenstore.be\/fr\/wp-json\/wp\/v2\/media?parent=2298"}],"curies":[{"name":"wp","href":"https:\/\/api.w.org\/{rel}","templated":true}]}}