{"id":12469,"date":"2021-11-09T17:42:32","date_gmt":"2021-11-09T16:42:32","guid":{"rendered":"https:\/\/trappenstore.be\/?page_id=12469"},"modified":"2021-11-15T12:58:58","modified_gmt":"2021-11-15T11:58:58","slug":"dolle","status":"publish","type":"page","link":"https:\/\/trappenstore.be\/fr\/dolle\/","title":{"rendered":""},"content":{"rendered":"<div data-elementor-type=\"wp-page\" data-elementor-id=\"12469\" class=\"elementor elementor-12469\" data-elementor-post-type=\"page\">\n\t\t\t\t\t\t<section class=\"elementor-section elementor-top-section elementor-element elementor-element-36965e20 elementor-section-full_width elementor-section-height-default elementor-section-height-default\" data-id=\"36965e20\" data-element_type=\"section\" data-e-type=\"section\">\n\t\t\t\t\t\t<div class=\"elementor-container elementor-column-gap-no\">\n\t\t\t\t\t<div class=\"elementor-column elementor-col-100 elementor-top-column elementor-element elementor-element-b2f7cf1\" data-id=\"b2f7cf1\" data-element_type=\"column\" data-e-type=\"column\">\n\t\t\t<div class=\"elementor-widget-wrap elementor-element-populated\">\n\t\t\t\t\t\t<div class=\"elementor-element elementor-element-2a284ef elementor-widget elementor-widget-image\" data-id=\"2a284ef\" data-element_type=\"widget\" data-e-type=\"widget\" data-widget_type=\"image.default\">\n\t\t\t\t<div class=\"elementor-widget-container\">\n\t\t\t\t\t\t\t\t\t\t\t\t\t\t\t\t<a href=\"https:\/\/trappenstore.be\/wp-content\/uploads\/2021\/04\/cropped-dolle-logo.png\" data-elementor-open-lightbox=\"yes\" data-elementor-lightbox-title=\"cropped-dolle-logo.png\" data-elementor-lightbox-description=\"https:\/\/trappenstore.be\/wp-content\/uploads\/2021\/04\/cropped-dolle-logo.png\" data-e-action-hash=\"#elementor-action%3Aaction%3Dlightbox%26settings%3DeyJpZCI6OTkzNSwidXJsIjoiaHR0cHM6XC9cL3RyYXBwZW5zdG9yZS5iZVwvd3AtY29udGVudFwvdXBsb2Fkc1wvMjAyMVwvMDRcL2Nyb3BwZWQtZG9sbGUtbG9nby5wbmcifQ%3D%3D\">\n\t\t\t\t\t\t\t<img decoding=\"async\" width=\"212\" height=\"85\" src=\"https:\/\/trappenstore.be\/wp-content\/uploads\/2021\/04\/cropped-dolle-logo.png\" class=\"attachment-large size-large wp-image-9935\" alt=\"cropped-dolle-logo.png\" \/>\t\t\t\t\t\t\t\t<\/a>\n\t\t\t\t\t\t\t\t\t\t\t\t\t\t\t<\/div>\n\t\t\t\t<\/div>\n\t\t\t\t<div class=\"elementor-element elementor-element-191cc735 elementor-widget elementor-widget-text-editor\" data-id=\"191cc735\" data-element_type=\"widget\" data-e-type=\"widget\" data-widget_type=\"text-editor.default\">\n\t\t\t\t<div class=\"elementor-widget-container\">\n\t\t\t\t\t\t\t\t\t\n<p><strong>Nous sommes fiers distributeur de DOLLE depuis plus de 25 ans<\/strong> escaliers, le leader mondial du march\u00e9 des escaliers de grenier, modulaires, pivotants et meuniers et des syst\u00e8mes de balustrade. Le &#039;chemin s\u00fbr vers le sommet&#039; garantit la qualit\u00e9, la s\u00e9curit\u00e9 et une isolation maximale. Au clicFIX<sup>\u00ae&nbsp; &nbsp;<\/sup>mod\u00e8les, l&#039;installation est m\u00eame un jeu d&#039;enfant gr\u00e2ce \u00e0 l&#039;unique clickFIX<sup>\u00ae<\/sup> syst\u00e8me <strong><a href=\"https:\/\/trappenstore.be\/fr\/de-clickfix-technologie\/\" target=\"_blank\" rel=\"noreferrer noopener\">lire plus -<\/a><\/strong><\/p>\n\n\n\n<p>Dolle est aussi un <strong>sp\u00e9cialiste du sur-mesure<\/strong> faire des escaliers. Apr\u00e8s tout, ils comprennent que toutes les maisons ne sont pas identiques. Comptez sur un d\u00e9lai de livraison de 6 semaines pour un pas de taille.<\/p>\n\n\n\n<p>De plus, chez LUXMA, nous gardons toujours un <strong>stock d&#039;au moins 6 mois<\/strong> nous permettant de r\u00e9agir rapidement aux conditions changeantes du march\u00e9. Nous livrons chaque semaine partout en Belgique.<\/p>\n\n\n\n<figure class=\"wp-block-image\"><img fetchpriority=\"high\" decoding=\"async\" width=\"300\" height=\"216\" src=\"https:\/\/trappenstore.be\/wp-content\/uploads\/2020\/07\/Dolle-300x216.gif\" alt=\"\" class=\"wp-image-10032\"\/><\/figure>\n\t\t\t\t\t\t\t\t<\/div>\n\t\t\t\t<\/div>\n\t\t\t\t\t<\/div>\n\t\t<\/div>\n\t\t\t\t\t<\/div>\n\t\t<\/section>\n\t\t\t\t<\/div>","protected":false},"excerpt":{"rendered":"<p>Wij zijn reeds &gt; 25 jaar trotse verdeler van DOLLE trappen, de globale marktleider in zolder- modulaire- spil- en molenaarstrappen en balustradesystemen. De &#8216;safe way to the top&#8217; garandeert kwaliteit, veiligheid en maximale isolatie.&nbsp; Bij de clickFIX\u00ae&nbsp; &nbsp;modellen is de installatie zelfs kinderspel dankzij het unieke clickFIX\u00ae systeem lees meer &#8211; Dolle is eveneens een [&hellip;]<\/p>\n","protected":false},"author":1,"featured_media":0,"parent":0,"menu_order":0,"comment_status":"closed","ping_status":"closed","template":"","meta":{"_acf_changed":false,"footnotes":""},"class_list":["post-12469","page","type-page","status-publish","hentry"],"acf":[],"_links":{"self":[{"href":"https:\/\/trappenstore.be\/fr\/wp-json\/wp\/v2\/pages\/12469","targetHints":{"allow":["GET"]}}],"collection":[{"href":"https:\/\/trappenstore.be\/fr\/wp-json\/wp\/v2\/pages"}],"about":[{"href":"https:\/\/trappenstore.be\/fr\/wp-json\/wp\/v2\/types\/page"}],"author":[{"embeddable":true,"href":"https:\/\/trappenstore.be\/fr\/wp-json\/wp\/v2\/users\/1"}],"replies":[{"embeddable":true,"href":"https:\/\/trappenstore.be\/fr\/wp-json\/wp\/v2\/comments?post=12469"}],"version-history":[{"count":0,"href":"https:\/\/trappenstore.be\/fr\/wp-json\/wp\/v2\/pages\/12469\/revisions"}],"wp:attachment":[{"href":"https:\/\/trappenstore.be\/fr\/wp-json\/wp\/v2\/media?parent=12469"}],"curies":[{"name":"wp","href":"https:\/\/api.w.org\/{rel}","templated":true}]}}