{"id":6240,"date":"2020-07-16T17:48:00","date_gmt":"2020-07-16T15:48:00","guid":{"rendered":"https:\/\/trappenstore.be\/?post_type=product&#038;p=6240"},"modified":"2026-03-16T14:28:48","modified_gmt":"2026-03-16T13:28:48","slug":"dolle-loft-cf56s","status":"publish","type":"product","link":"https:\/\/trappenstore.be\/en\/product\/dolle-loft-cf56s\/","title":{"rendered":"Dolle Loft clickFIX<sup>\u00ae<\/sup>56S"},"content":{"rendered":"<section class=\"description\"><\/section>\n<section class=\"description\"><span style=\"color: #993300;\"><strong>VERY EASY TO INSTALL FOR PROFESSIONALS AND DIY<\/strong><\/span><\/section>\n<section class=\"description\">Thanks to its low weight and the patented mounting technology with click modules, clickFIX\u00ae can also be easily installed by one person. Very simply, align the 190 mm high casing, screw it on, click the hatch and the ladder section and adjust it to the height of the room, done. This results in a perfectly airtight installation. High-quality attic stairs form the transition from the living area to the attic. In addition to a simple and safe installation process, the clickFIX\u00ae also prevents the loss of energy, preventing the escape of warm air from the living space. The patented DOLLE clickFIX\u00ae 56S meets all requirements in one system: Thanks to its modular construction and easy installation, together with excellent insulation properties, this staircase has a component U-value of 0.64 W\/m\u00b2K.<\/p>\n<p style=\"text-align: left;\"><span style=\"color: #993300;\"><strong>LOW U-VALUE<\/strong><\/span><br \/>\nAlso on the clickFIX\u00ae 56S the u-value is very low compared to other stairs on the market. Certainly because all our clickFIX\u00ae attic stairs have been tested as a building component, such as doors and windows.<\/p>\n<\/section>\n<section class=\"description\">\n<p style=\"text-align: left;\"><span style=\"color: #993300;\"><strong>CHECK THE AIR LEAKS IN YOUR HOME<\/strong><\/span><br \/>\nThe vapor barrier with TwinActive foil seals off your product for optimum thermal insulation. Easy to fix.<\/p>\n<\/section>\n<section class=\"description\">\n<p style=\"text-align: left;\"><span style=\"color: #993300;\"><strong>OPTIONAL ACCESSORIES<\/strong><\/span><br \/>\nPlastic feet, architraves and handrails are not included as standard.<\/p>\n<section class=\"description\">\n<p style=\"text-align: left;\"><span style=\"color: #993300;\"><strong>ADVANTAGES<\/strong><\/span><\/p>\n<ul>\n<li>Easy installation process for 1 person<\/li>\n<li>Lightweight and easy to operate, including handrail<\/li>\n<li>10 year warranty<\/li>\n<li>Maximum height from floor to ceiling 274 cm<\/li>\n<li>Energy-efficient with a U-value of 0.64 W\/m\u00b2K.<\/li>\n<\/ul>\n<\/section>\n<\/section>","protected":false},"excerpt":{"rendered":"<p>HEEL EENVOUDIG TE INSTALLEREN VOOR PROFESSIONALS EN DIY Dankzij het lage gewicht en de gepatenteerde montagetechniek met klikmodules kan clickFIX\u00ae ook eenvoudig door \u00e9\u00e9n persoon worden ge\u00efnstalleerd. Heel eenvoudig, de 190 mm hoge omkasting uitlijnen, vastschroeven, luik en het ladder gedeelte klikken en aanpassen aan de hoogte van de ruimte, klaar. Dit resulteert in een [&hellip;]<\/p>\n","protected":false},"featured_media":10105,"template":"","meta":{"_acf_changed":false},"product_brand":[],"product_cat":[1745,1744],"product_tag":[6486],"kleur":[],"productlijn":[],"kastbreedte":[6404,6405],"kastlengte":[6402,6408,6403],"vl_pl_hoogte_a":[],"class_list":{"0":"post-6240","1":"product","2":"type-product","3":"status-publish","4":"has-post-thumbnail","6":"product_cat-zoldertrappen","7":"product_cat-hout-trappen","8":"product_tag-dolle","9":"pa_beschrijving-dolle-loft-cf56s-130-x-70","10":"pa_beschrijving-dolle-loft-cf56s-extentionkit","11":"pa_beschrijving-dolle-loft-cf56s-140-x-70","12":"pa_beschrijving-dolle-loft-cf56s-130-x-60","13":"pa_beschrijving-dolle-loft-cf56s-120-x-70","14":"pa_beschrijving-dolle-loft-cf56s-120-x-60","15":"pa_beschrijving-dolle-loft-cf56s-115-x-70","16":"pa_beschrijving-dolle-loft-cf56s-115-x-60","17":"kastbreedte-60-cm","18":"kastbreedte-70-cm","19":"kastlengte-120-cm","20":"kastlengte-130-cm","21":"kastlengte-140-cm","23":"first","24":"instock","25":"purchasable","26":"product-type-variable"},"acf":[],"_links":{"self":[{"href":"https:\/\/trappenstore.be\/en\/wp-json\/wp\/v2\/product\/6240","targetHints":{"allow":["GET"]}}],"collection":[{"href":"https:\/\/trappenstore.be\/en\/wp-json\/wp\/v2\/product"}],"about":[{"href":"https:\/\/trappenstore.be\/en\/wp-json\/wp\/v2\/types\/product"}],"wp:featuredmedia":[{"embeddable":true,"href":"https:\/\/trappenstore.be\/en\/wp-json\/wp\/v2\/media\/10105"}],"wp:attachment":[{"href":"https:\/\/trappenstore.be\/en\/wp-json\/wp\/v2\/media?parent=6240"}],"wp:term":[{"taxonomy":"product_brand","embeddable":true,"href":"https:\/\/trappenstore.be\/en\/wp-json\/wp\/v2\/product_brand?post=6240"},{"taxonomy":"product_cat","embeddable":true,"href":"https:\/\/trappenstore.be\/en\/wp-json\/wp\/v2\/product_cat?post=6240"},{"taxonomy":"product_tag","embeddable":true,"href":"https:\/\/trappenstore.be\/en\/wp-json\/wp\/v2\/product_tag?post=6240"},{"taxonomy":"kleur","embeddable":true,"href":"https:\/\/trappenstore.be\/en\/wp-json\/wp\/v2\/kleur?post=6240"},{"taxonomy":"productlijn","embeddable":true,"href":"https:\/\/trappenstore.be\/en\/wp-json\/wp\/v2\/productlijn?post=6240"},{"taxonomy":"kastbreedte","embeddable":true,"href":"https:\/\/trappenstore.be\/en\/wp-json\/wp\/v2\/kastbreedte?post=6240"},{"taxonomy":"kastlengte","embeddable":true,"href":"https:\/\/trappenstore.be\/en\/wp-json\/wp\/v2\/kastlengte?post=6240"},{"taxonomy":"vl_pl_hoogte_a","embeddable":true,"href":"https:\/\/trappenstore.be\/en\/wp-json\/wp\/v2\/vl_pl_hoogte_a?post=6240"}],"curies":[{"name":"wp","href":"https:\/\/api.w.org\/{rel}","templated":true}]}}