{"id":6198,"date":"2020-07-16T17:23:14","date_gmt":"2020-07-16T15:23:14","guid":{"rendered":"https:\/\/trappenstore.be\/?post_type=product&#038;p=6198"},"modified":"2026-03-16T14:28:51","modified_gmt":"2026-03-16T13:28:51","slug":"toronto-2","status":"publish","type":"product","link":"https:\/\/trappenstore.be\/en\/product\/toronto-2\/","title":{"rendered":"Toronto"},"content":{"rendered":"<p id=\"tw-target-text\" class=\"tw-data-text tw-text-large tw-ta\" dir=\"ltr\" data-placeholder=\"Vertaling\"><strong><span class=\"Y2IQFc\" lang=\"nl\">WEATHERPROOF STAIR EASY TO INSTALL<\/span><\/strong><\/p>\n<p class=\"tw-data-text tw-text-large tw-ta\" dir=\"ltr\" data-placeholder=\"Vertaling\"><span class=\"Y2IQFc\" lang=\"nl\">TORONTO Spiral staircase from DOLLE made of metal and suitable for both indoor and outdoor use. Designed for convenience, from the balcony to the garden taking up the smallest space! The DOLLE Toronto is the ideal solution! Available in 3 diameters: \u00d8125 and \u00d8155 for a floor to floor height up to 399.5 cm and \u00d8185 for a height up to 352.5 cm. Choose your length from the drop down menu. It comes with a continuous flexible handrail. The banister with round bars is hot-dip galvanized and finished with a rounded gray plastic handrail (PE). The staircase is designed with perforated steel steps that ensure a high level of safety and comfort. The steps are made of hot dip galvanized perforated sheet steel and are very durable, easy to maintain and clean. The perforation on the upper tread is non-slip and allows effective drainage of water for safe access. Additional options include a parapet. <\/span><\/p>\n<p class=\"tw-data-text tw-text-large tw-ta\" dir=\"ltr\" data-placeholder=\"Vertaling\"><span class=\"Y2IQFc\" lang=\"nl\"><strong>STAY SAFE AND REMEMBER THE FUNDAMENTS!<\/strong> <\/span><\/p>\n<p class=\"tw-data-text tw-text-large tw-ta\" dir=\"ltr\" data-placeholder=\"Vertaling\"><span class=\"Y2IQFc\" lang=\"nl\">A foundation is needed for the DOLLE Toronto as a secure base. Plan the foundation at least 40 cm x 40 cm x 80 cm (L x W x D). This information corresponds to normal soil conditions with cultivated soil. The staircase can be used as a left or right hand hinge and can be used for round or square openings.\u00a0<\/span><\/p>\n<p class=\"tw-data-text tw-text-large tw-ta\" dir=\"ltr\" data-placeholder=\"Vertaling\"><strong><span class=\"Y2IQFc\" lang=\"nl\">ADVANTAGES<\/span><\/strong><\/p>\n<ul>\n<li class=\"tw-data-text tw-text-large tw-ta\" dir=\"ltr\" data-placeholder=\"Vertaling\"><span class=\"Y2IQFc\" lang=\"nl\">Takes up very little space downstairs <\/span><\/li>\n<li class=\"tw-data-text tw-text-large tw-ta\" dir=\"ltr\" data-placeholder=\"Vertaling\"><span class=\"Y2IQFc\" lang=\"nl\">Weatherproof for outdoor use<\/span><\/li>\n<li class=\"tw-data-text tw-text-large tw-ta\" dir=\"ltr\" data-placeholder=\"Vertaling\"><span class=\"Y2IQFc\" lang=\"nl\">No maintenance <\/span><\/li>\n<li class=\"tw-data-text tw-text-large tw-ta\" dir=\"ltr\" data-placeholder=\"Vertaling\"><span class=\"Y2IQFc\" lang=\"nl\">Top quality Steps made of hot-dip galvanized perforated sheet steel<\/span><\/li>\n<\/ul>","protected":false},"excerpt":{"rendered":"<p>WEERBESTENDIGE TRAP EENVOUDIG TE INSTALEREN TORONTO Wenteltrap van DOLLE uitgevoerd in metaal en geschikt voor zowel binnen- als buitengebruik. Ontworpen voor gemak, van het balkon tot de tuin die de kleinste ruimte in beslag neemt! De DOLLE Toronto is de ideale oplossing! Verkrijgbaar in 3 diameters: \u00d8125 en \u00d8155 voor een vloer tot vloer hoogte [&hellip;]<\/p>\n","protected":false},"featured_media":5759,"template":"","meta":{"_acf_changed":false},"product_brand":[],"product_cat":[1744,1851],"product_tag":[6486],"kleur":[],"productlijn":[],"kastbreedte":[],"kastlengte":[],"vl_pl_hoogte_a":[],"class_list":{"0":"post-6198","1":"product","2":"type-product","3":"status-publish","4":"has-post-thumbnail","6":"product_cat-hout-trappen","7":"product_cat-spiltrappen","8":"product_tag-dolle","9":"pa_beschrijving-toronto-trap-125-doorsnede","10":"pa_beschrijving-toronto-trap-155-doorsnede","11":"pa_beschrijving-toronto-trap-125-1-trede","12":"pa_beschrijving-toronto-trap-155-1-trede","13":"pa_beschrijving-toronto-trap-125-extra-balluster","14":"pa_beschrijving-toronto-trap-155-extra-balluster","15":"pa_beschrijving-toronto-trap-center-kolom","16":"pa_beschrijving-toronto-trap-balustrade-1m","17":"pa_beschrijving-toronto-trap-balustrade-1m-extentionkit","19":"first","20":"instock","21":"purchasable","22":"product-type-variable"},"acf":[],"_links":{"self":[{"href":"https:\/\/trappenstore.be\/en\/wp-json\/wp\/v2\/product\/6198","targetHints":{"allow":["GET"]}}],"collection":[{"href":"https:\/\/trappenstore.be\/en\/wp-json\/wp\/v2\/product"}],"about":[{"href":"https:\/\/trappenstore.be\/en\/wp-json\/wp\/v2\/types\/product"}],"wp:featuredmedia":[{"embeddable":true,"href":"https:\/\/trappenstore.be\/en\/wp-json\/wp\/v2\/media\/5759"}],"wp:attachment":[{"href":"https:\/\/trappenstore.be\/en\/wp-json\/wp\/v2\/media?parent=6198"}],"wp:term":[{"taxonomy":"product_brand","embeddable":true,"href":"https:\/\/trappenstore.be\/en\/wp-json\/wp\/v2\/product_brand?post=6198"},{"taxonomy":"product_cat","embeddable":true,"href":"https:\/\/trappenstore.be\/en\/wp-json\/wp\/v2\/product_cat?post=6198"},{"taxonomy":"product_tag","embeddable":true,"href":"https:\/\/trappenstore.be\/en\/wp-json\/wp\/v2\/product_tag?post=6198"},{"taxonomy":"kleur","embeddable":true,"href":"https:\/\/trappenstore.be\/en\/wp-json\/wp\/v2\/kleur?post=6198"},{"taxonomy":"productlijn","embeddable":true,"href":"https:\/\/trappenstore.be\/en\/wp-json\/wp\/v2\/productlijn?post=6198"},{"taxonomy":"kastbreedte","embeddable":true,"href":"https:\/\/trappenstore.be\/en\/wp-json\/wp\/v2\/kastbreedte?post=6198"},{"taxonomy":"kastlengte","embeddable":true,"href":"https:\/\/trappenstore.be\/en\/wp-json\/wp\/v2\/kastlengte?post=6198"},{"taxonomy":"vl_pl_hoogte_a","embeddable":true,"href":"https:\/\/trappenstore.be\/en\/wp-json\/wp\/v2\/vl_pl_hoogte_a?post=6198"}],"curies":[{"name":"wp","href":"https:\/\/api.w.org\/{rel}","templated":true}]}}