{"id":7521,"date":"2020-08-14T14:42:14","date_gmt":"2020-08-14T12:42:14","guid":{"rendered":"https:\/\/trappenstore.be\/?post_type=product&#038;p=7521"},"modified":"2026-03-16T14:28:33","modified_gmt":"2026-03-16T13:28:33","slug":"31ps01","status":"publish","type":"product","link":"https:\/\/trappenstore.be\/de\/produkt\/31ps01\/","title":{"rendered":"Bodenmontage im Treppenstil (PS01)"},"content":{"rendered":"<p dir=\"ltr\" data-placeholder=\"Vertaling\"><strong>PROVA TREPPENBEFESTIGUNG 1M HOCH ALUMINIUM<\/strong><\/p>\n<p class=\"tw-data-text tw-text-large tw-ta\" dir=\"ltr\" data-placeholder=\"Vertaling\"><span class=\"Y2IQFc\" lang=\"nl\">Aluminium h\u00e4lt lange und ist unter extremen Bedingungen extrem langlebig. Trotz seines geringen Gewichts besitzt Aluminium eine sehr hohe Festigkeit, ist witterungsbest\u00e4ndig und selbst extreme UV-Strahlung kann diesem Material nichts anhaben. Aufgrund seiner Strapazierf\u00e4higkeit ben\u00f6tigt Aluminium nur selten Wartung. Bei sehr starken Umwelteinfl\u00fcssen empfiehlt sich jedoch eine gelegentliche leichte Reinigung mit einem milden Reinigungsmittel. Auch pulverbeschichtetes Aluminium und eloxiertes Aluminium sind optimal gegen Verschlei\u00df oder Korrosion gesch\u00fctzt. <\/span><\/p>\n<p class=\"tw-data-text tw-text-large tw-ta\" dir=\"ltr\" data-placeholder=\"Vertaling\"><span class=\"Y2IQFc\" lang=\"nl\">Vor der Montage: Bitte beachten Sie, dass der Abstand von einer Ecke bis zum ersten Gel\u00e4nderpfosten 20 cm nicht \u00fcberschreiten sollte, um Stabilit\u00e4t und Sicherheit zu gew\u00e4hrleisten. Der normale Abstand zwischen den Schienenpfosten betr\u00e4gt 1 Meter. Der Einbau in gewerblichen oder \u00f6ffentlichen Geb\u00e4uden sollte nur nach R\u00fccksprache mit der zust\u00e4ndigen Baubeh\u00f6rde erfolgen. <\/span><\/p>\n<p class=\"tw-data-text tw-text-large tw-ta\" dir=\"ltr\" data-placeholder=\"Vertaling\"><strong><span class=\"Y2IQFc\" lang=\"nl\">VORTEILE<\/span><\/strong><\/p>\n<ul>\n<li class=\"tw-data-text tw-text-large tw-ta\" dir=\"ltr\" data-placeholder=\"Vertaling\"><span class=\"Y2IQFc\" lang=\"nl\"> Haltbar bei extremen Wetterbedingungen<\/span><\/li>\n<li class=\"tw-data-text tw-text-large tw-ta\" dir=\"ltr\" data-placeholder=\"Vertaling\"><span class=\"Y2IQFc\" lang=\"nl\">Verschiedene Kombinationen <\/span><\/li>\n<li class=\"tw-data-text tw-text-large tw-ta\" dir=\"ltr\" data-placeholder=\"Vertaling\"><span class=\"Y2IQFc\" lang=\"nl\">Minimalistisch und vielseitig <\/span><\/li>\n<li class=\"tw-data-text tw-text-large tw-ta\" dir=\"ltr\" data-placeholder=\"Vertaling\"><span class=\"Y2IQFc\" lang=\"nl\">Funktional und flexibel <\/span><\/li>\n<li class=\"tw-data-text tw-text-large tw-ta\" dir=\"ltr\" data-placeholder=\"Vertaling\"><span class=\"Y2IQFc\" lang=\"nl\">Genial einfache Montage<\/span><\/li>\n<\/ul>\n<p>&nbsp;<\/p>","protected":false},"excerpt":{"rendered":"<p>PROVA TRAPSTIJL VLOERBEVESTIGING 1M HOOG ALUMINIUM Aluminium gaat lang mee en is extreem duurzaam in extreme omstandigheden. Ondanks het lage gewicht heeft aluminium een \u200b\u200bzeer hoge sterkte, is het weerbestendig en heeft zelfs extreme UV-straling geen invloed op dit materiaal. Door zijn duurzaamheid heeft aluminium zelden onderhoud nodig. Bij zeer sterke omgevingsinvloeden is echter af [&hellip;]<\/p>\n","protected":false},"featured_media":13087,"template":"","meta":{"_acf_changed":false},"product_brand":[],"product_cat":[6012],"product_tag":[6486],"kleur":[],"productlijn":[],"kastbreedte":[],"kastlengte":[],"vl_pl_hoogte_a":[],"class_list":{"0":"post-7521","1":"product","2":"type-product","3":"status-publish","4":"has-post-thumbnail","6":"product_cat-prova-rvs","7":"product_tag-dolle","8":"pa_beschrijving-31ps07","9":"pa_beschrijving-31ps23","10":"pa_beschrijving-31ps22","11":"pa_beschrijving-31ps21","12":"pa_beschrijving-31ps20","13":"pa_beschrijving-31ps14","14":"pa_beschrijving-31ps13","15":"pa_beschrijving-31ps12","16":"pa_beschrijving-31ps11","17":"pa_beschrijving-31ps09","18":"pa_beschrijving-31ps08","19":"pa_beschrijving-31ps06","20":"pa_beschrijving-31ps05","21":"pa_beschrijving-31ps04","22":"pa_beschrijving-31ps03rnd","23":"pa_beschrijving-31ps03e","24":"pa_beschrijving-31ps03bv","25":"pa_beschrijving-31ps03bn","26":"pa_beschrijving-31ps02","27":"pa_beschrijving-31ps01","29":"first","30":"instock","31":"shipping-taxable","32":"purchasable","33":"product-type-variable"},"acf":[],"_links":{"self":[{"href":"https:\/\/trappenstore.be\/de\/wp-json\/wp\/v2\/product\/7521","targetHints":{"allow":["GET"]}}],"collection":[{"href":"https:\/\/trappenstore.be\/de\/wp-json\/wp\/v2\/product"}],"about":[{"href":"https:\/\/trappenstore.be\/de\/wp-json\/wp\/v2\/types\/product"}],"wp:featuredmedia":[{"embeddable":true,"href":"https:\/\/trappenstore.be\/de\/wp-json\/wp\/v2\/media\/13087"}],"wp:attachment":[{"href":"https:\/\/trappenstore.be\/de\/wp-json\/wp\/v2\/media?parent=7521"}],"wp:term":[{"taxonomy":"product_brand","embeddable":true,"href":"https:\/\/trappenstore.be\/de\/wp-json\/wp\/v2\/product_brand?post=7521"},{"taxonomy":"product_cat","embeddable":true,"href":"https:\/\/trappenstore.be\/de\/wp-json\/wp\/v2\/product_cat?post=7521"},{"taxonomy":"product_tag","embeddable":true,"href":"https:\/\/trappenstore.be\/de\/wp-json\/wp\/v2\/product_tag?post=7521"},{"taxonomy":"kleur","embeddable":true,"href":"https:\/\/trappenstore.be\/de\/wp-json\/wp\/v2\/kleur?post=7521"},{"taxonomy":"productlijn","embeddable":true,"href":"https:\/\/trappenstore.be\/de\/wp-json\/wp\/v2\/productlijn?post=7521"},{"taxonomy":"kastbreedte","embeddable":true,"href":"https:\/\/trappenstore.be\/de\/wp-json\/wp\/v2\/kastbreedte?post=7521"},{"taxonomy":"kastlengte","embeddable":true,"href":"https:\/\/trappenstore.be\/de\/wp-json\/wp\/v2\/kastlengte?post=7521"},{"taxonomy":"vl_pl_hoogte_a","embeddable":true,"href":"https:\/\/trappenstore.be\/de\/wp-json\/wp\/v2\/vl_pl_hoogte_a?post=7521"}],"curies":[{"name":"wp","href":"https:\/\/api.w.org\/{rel}","templated":true}]}}