{"id":6240,"date":"2020-07-16T17:48:00","date_gmt":"2020-07-16T15:48:00","guid":{"rendered":"https:\/\/trappenstore.be\/?post_type=product&#038;p=6240"},"modified":"2026-03-16T14:28:48","modified_gmt":"2026-03-16T13:28:48","slug":"dolle-loft-cf56s","status":"publish","type":"product","link":"https:\/\/trappenstore.be\/de\/produkt\/dolle-loft-cf56s\/","title":{"rendered":"Mad Loft clickFIX<sup>\u00ae<\/sup>56S"},"content":{"rendered":"<section class=\"description\"><\/section>\n<section class=\"description\"><span style=\"color: #993300;\"><strong>SEHR EINFACH ZU INSTALLIEREN F\u00dcR PROFIS UND Heimwerker<\/strong><\/span><\/section>\n<section class=\"description\">Durch sein geringes Gewicht und die patentierte Befestigungstechnik mit Klickmodulen l\u00e4sst sich clickFIX\u00ae auch problemlos von einer Person montieren. Ganz einfach das 190 mm hohe Geh\u00e4use ausrichten, anschrauben, die Klappe und das Leiterteil einklicken und an die Raumh\u00f6he anpassen, fertig. So entsteht eine perfekt luftdichte Verlegung Hochwertige Dachbodentreppen bilden den \u00dcbergang vom Wohnbereich zum Dachboden. Neben einer einfachen und sicheren Montage verhindert der clickFIX\u00ae auch Energieverluste und verhindert das Entweichen warmer Luft aus dem Wohnraum. Der patentierte DOLLE clickFIX\u00ae 56S erf\u00fcllt alle Anforderungen in einem System: Dank des modularen Aufbaus und der einfachen Montage sowie der hervorragenden D\u00e4mmeigenschaften hat diese Treppe einen Bauteil-U-Wert von 0,64 W\/m\u00b2K.<\/p>\n<p style=\"text-align: left;\"><span style=\"color: #993300;\"><strong>NIEDRIG U-WERT<\/strong><\/span><br \/>\nAuch bei der clickFIX\u00ae 56S ist der U-Wert im Vergleich zu anderen Treppen auf dem Markt sehr niedrig. Sicher, weil alle unsere clickFIX\u00ae Dachbodentreppen als Bauelemente wie T\u00fcren und Fenster gepr\u00fcft sind.<\/p>\n<\/section>\n<section class=\"description\">\n<p style=\"text-align: left;\"><span style=\"color: #993300;\"><strong>\u00dcBERPR\u00dcFEN SIE DIE LUFTLECKS IN IHREM ZUHAUSE<\/strong><\/span><br \/>\nDie Dampfsperre mit TwinActive-Folie dichtet Ihr Produkt f\u00fcr optimale W\u00e4rmed\u00e4mmung ab. Einfach zu beheben.<\/p>\n<\/section>\n<section class=\"description\">\n<p style=\"text-align: left;\"><span style=\"color: #993300;\"><strong>OPTIONALES ZUBEH\u00d6R<\/strong><\/span><br \/>\nKunststofff\u00fc\u00dfe, Zargen und Handl\u00e4ufe sind nicht im Lieferumfang enthalten.<\/p>\n<section class=\"description\">\n<p style=\"text-align: left;\"><span style=\"color: #993300;\"><strong>VORTEILE<\/strong><\/span><\/p>\n<ul>\n<li>Einfacher Installationsprozess f\u00fcr 1 Person<\/li>\n<li>Leicht und einfach zu bedienen, inklusive Handlauf<\/li>\n<li>10 Jahre Garantie<\/li>\n<li>Maximale H\u00f6he vom Boden bis zur Decke 274 cm<\/li>\n<li>Energieeffizient mit einem U-Wert von 0,64 W\/m\u00b2K.<\/li>\n<\/ul>\n<\/section>\n<\/section>","protected":false},"excerpt":{"rendered":"<p>HEEL EENVOUDIG TE INSTALLEREN VOOR PROFESSIONALS EN DIY Dankzij het lage gewicht en de gepatenteerde montagetechniek met klikmodules kan clickFIX\u00ae ook eenvoudig door \u00e9\u00e9n persoon worden ge\u00efnstalleerd. Heel eenvoudig, de 190 mm hoge omkasting uitlijnen, vastschroeven, luik en het ladder gedeelte klikken en aanpassen aan de hoogte van de ruimte, klaar. Dit resulteert in een [&hellip;]<\/p>\n","protected":false},"featured_media":10105,"template":"","meta":{"_acf_changed":false},"product_brand":[],"product_cat":[1745,1744],"product_tag":[6486],"kleur":[],"productlijn":[],"kastbreedte":[6404,6405],"kastlengte":[6402,6408,6403],"vl_pl_hoogte_a":[],"class_list":{"0":"post-6240","1":"product","2":"type-product","3":"status-publish","4":"has-post-thumbnail","6":"product_cat-zoldertrappen","7":"product_cat-hout-trappen","8":"product_tag-dolle","9":"pa_beschrijving-dolle-loft-cf56s-130-x-70","10":"pa_beschrijving-dolle-loft-cf56s-extentionkit","11":"pa_beschrijving-dolle-loft-cf56s-140-x-70","12":"pa_beschrijving-dolle-loft-cf56s-130-x-60","13":"pa_beschrijving-dolle-loft-cf56s-120-x-70","14":"pa_beschrijving-dolle-loft-cf56s-120-x-60","15":"pa_beschrijving-dolle-loft-cf56s-115-x-70","16":"pa_beschrijving-dolle-loft-cf56s-115-x-60","17":"kastbreedte-60-cm","18":"kastbreedte-70-cm","19":"kastlengte-120-cm","20":"kastlengte-130-cm","21":"kastlengte-140-cm","23":"first","24":"instock","25":"purchasable","26":"product-type-variable"},"acf":[],"_links":{"self":[{"href":"https:\/\/trappenstore.be\/de\/wp-json\/wp\/v2\/product\/6240","targetHints":{"allow":["GET"]}}],"collection":[{"href":"https:\/\/trappenstore.be\/de\/wp-json\/wp\/v2\/product"}],"about":[{"href":"https:\/\/trappenstore.be\/de\/wp-json\/wp\/v2\/types\/product"}],"wp:featuredmedia":[{"embeddable":true,"href":"https:\/\/trappenstore.be\/de\/wp-json\/wp\/v2\/media\/10105"}],"wp:attachment":[{"href":"https:\/\/trappenstore.be\/de\/wp-json\/wp\/v2\/media?parent=6240"}],"wp:term":[{"taxonomy":"product_brand","embeddable":true,"href":"https:\/\/trappenstore.be\/de\/wp-json\/wp\/v2\/product_brand?post=6240"},{"taxonomy":"product_cat","embeddable":true,"href":"https:\/\/trappenstore.be\/de\/wp-json\/wp\/v2\/product_cat?post=6240"},{"taxonomy":"product_tag","embeddable":true,"href":"https:\/\/trappenstore.be\/de\/wp-json\/wp\/v2\/product_tag?post=6240"},{"taxonomy":"kleur","embeddable":true,"href":"https:\/\/trappenstore.be\/de\/wp-json\/wp\/v2\/kleur?post=6240"},{"taxonomy":"productlijn","embeddable":true,"href":"https:\/\/trappenstore.be\/de\/wp-json\/wp\/v2\/productlijn?post=6240"},{"taxonomy":"kastbreedte","embeddable":true,"href":"https:\/\/trappenstore.be\/de\/wp-json\/wp\/v2\/kastbreedte?post=6240"},{"taxonomy":"kastlengte","embeddable":true,"href":"https:\/\/trappenstore.be\/de\/wp-json\/wp\/v2\/kastlengte?post=6240"},{"taxonomy":"vl_pl_hoogte_a","embeddable":true,"href":"https:\/\/trappenstore.be\/de\/wp-json\/wp\/v2\/vl_pl_hoogte_a?post=6240"}],"curies":[{"name":"wp","href":"https:\/\/api.w.org\/{rel}","templated":true}]}}