{"id":6236,"date":"2020-07-16T17:46:58","date_gmt":"2020-07-16T15:46:58","guid":{"rendered":"https:\/\/trappenstore.be\/?post_type=product&#038;p=6236"},"modified":"2026-03-16T14:28:45","modified_gmt":"2026-03-16T13:28:45","slug":"dolle-loft-cf76g-thermo","status":"publish","type":"product","link":"https:\/\/trappenstore.be\/de\/produkt\/dolle-loft-cf76g-thermo\/","title":{"rendered":"Mad Loft clickFIX<sup>\u00ae<\/sup>Thermo Ma\u00dfgeschneidert"},"content":{"rendered":"<h4><span style=\"color: #993300;\">70mm DICKE POLYURETHAN-ISOLIERUNG<\/span><\/h4>\n<p><span class=\"Y2IQFc\" lang=\"nl\">Die clickFIX thermo\u00ae Attikatreppe enth\u00e4lt eine 70 mm dicke Polyurethan-D\u00e4mmung in der kompakten 76 mm Luke. Polyurethan hat den besten D\u00e4mmwert und die beste Qualit\u00e4t auf dem Markt. So erreicht die DOLLE Dachbodentreppe den h\u00f6chsten D\u00e4mmwert auf dem Markt. Der U-Wert ist mit 0,38 W\/m2 *K historisch niedrig. Bei DOLLE testen wir unser Isolationsverm\u00f6gen und berechnen es nicht nur. Unsere Treppen wurden auf der gesamten Luke als komplettes Bauteil getestet. Die 76 mm dicke Luke des DOLLE clickFIX\u00ae h\u00e4lt die W\u00e4rme effizient im Wohnbereich und ist zudem CPL-beschichtet. Mit diesem besonders robusten Laminat ist die Luke deutlich verschlei\u00dffester, kratz- und schlagfester als andere Oberfl\u00e4chen. Ein Teil des Geheimnisses steckt in der Deckschicht, die aus Melaminharz besteht. Es ist best\u00e4ndig gegen leichte Kratzer und normalen Schmutz, ist l\u00f6sungsmittel- und hitzebest\u00e4ndig, wischfest und leicht zu reinigen. Die Luke beh\u00e4lt lange ihre strahlend wei\u00dfe Farbe, da CPL-Oberfl\u00e4chen farbecht und lichtecht sind. Die Luke f\u00fcgt sich dezent in die Decke ein und bleibt auch in tadellosem Zustand.<\/span><\/p>\n<h4><span style=\"color: #993300;\">NEUER HEBEL, H\u00d6HERES GEH\u00c4USE, NIEDRIGE STUFEN<\/span><\/h4>\n<p><span class=\"Y2IQFc\" lang=\"nl\">Der neue patentierte Knickhebel ist eine weitere Innovation. Es erm\u00f6glicht eine werkzeuglose Installation. Der Hebel wird nur auf die Riegelplatte aufgesetzt, umgedreht und l\u00e4sst sich dann nicht mehr l\u00f6sen. Mit den Stellschrauben am St\u00e4nderblech kann das Leiterteil bis zu 4 cm in der H\u00f6he verstellt werden. So kann ein nicht in der H\u00f6he gek\u00fcrztes Leiterst\u00fcck bequem und einfach nivelliert werden. Mit einer H\u00f6he von 24 cm bietet das Geh\u00e4use bessere M\u00f6glichkeiten f\u00fcr den Einbau in st\u00e4rker ged\u00e4mmte Decken. Klicken Sie zum Beispiel auf clickFIX\u00ae thermo <strong>auch in abgeh\u00e4ngten Decken<\/strong> eingebaut sein. F\u00fcr mehr Komfort und Sicherheit wurden tiefe Stufen in den clickFIX\u00ae thermo eingearbeitet. Mit einer Einstiegstiefe von 8,3 cm bieten sie eine gr\u00f6\u00dfere Fl\u00e4che.<\/span><\/p>\n<h4><span style=\"color: #993300;\">EINFACHE INSTALLATION<\/span><\/h4>\n<p id=\"tw-target-text\" class=\"tw-data-text tw-text-large tw-ta\" dir=\"ltr\" data-placeholder=\"Vertaling\"><span class=\"Y2IQFc\" lang=\"nl\">Der DOLLE clickFIX\u00ae thermo l\u00e4sst sich dank seines geringen Gewichts und der patentierten Befestigungstechnik mit Klickmodulen einfach von einer Person montieren: Geh\u00e4use ausrichten, anschrauben, Lukendeckel und Leiterteil einh\u00e4ngen und an die Raumh\u00f6he anpassen , das ist es. Die umlaufenden Doppeldichtungen und die zus\u00e4tzlichen Eckdichtungen reduzieren die Kondenswassergefahr deutlich und sch\u00fctzen effektiv vor m\u00f6glicher Schimmelbildung. Die mitgelieferte Twin-Active-Folie als Deckenanschlussband sorgt zusammen mit einer D\u00e4mmung f\u00fcr einen luftdichten, w\u00e4rmeged\u00e4mmten Anschluss der Treppe an die Deckenkonstruktion. <\/span><\/p>\n<h4><span style=\"color: #993300;\">VORTEILE:<\/span><\/h4>\n<ul>\n<li>Dachbodenleiter in Top-Qualit\u00e4t<\/li>\n<li>Sehr niedriger U-Wert<\/li>\n<li>Tiefe Stufen (Holz)<\/li>\n<li>Perfekt f\u00fcr abgeh\u00e4ngte Decken<\/li>\n<\/ul>\n<pre id=\"tw-target-text\" class=\"tw-data-text tw-text-large tw-ta\" dir=\"ltr\" data-placeholder=\"Vertaling\"><\/pre>","protected":false},"excerpt":{"rendered":"<p>70mm DIKKE POLYURETHAANISOLATIE De clickFIX thermo\u00ae zoldertrap bevat een\u00a0 70 mm dikke polyurethaanisolatie in het compacte 76 mm luik. Polyurethaan heeft de beste isolatiewaarde en kwaliteit op de markt. Zo bereikt de DOLLE zoldertrap de hoogste isolatiewaarde op de markt. De U-waarde is met 0,38 W\/m2 *K historisch laag. Bij DOLLE testen we ons isolatievermogen [&hellip;]<\/p>\n","protected":false},"featured_media":12669,"template":"","meta":{"_acf_changed":false},"product_brand":[],"product_cat":[1744,1745],"product_tag":[6486],"kleur":[],"productlijn":[],"kastbreedte":[6996],"kastlengte":[6997],"vl_pl_hoogte_a":[],"class_list":{"0":"post-6236","1":"product","2":"type-product","3":"status-publish","4":"has-post-thumbnail","6":"product_cat-hout-trappen","7":"product_cat-zoldertrappen","8":"product_tag-dolle","9":"pa_beschrijving-dolle-loft-cf76g-thermo","10":"kastbreedte-andere-maat","11":"kastlengte-andere-maat","13":"first","14":"onbackorder","15":"purchasable","16":"product-type-simple"},"acf":[],"_links":{"self":[{"href":"https:\/\/trappenstore.be\/de\/wp-json\/wp\/v2\/product\/6236","targetHints":{"allow":["GET"]}}],"collection":[{"href":"https:\/\/trappenstore.be\/de\/wp-json\/wp\/v2\/product"}],"about":[{"href":"https:\/\/trappenstore.be\/de\/wp-json\/wp\/v2\/types\/product"}],"wp:featuredmedia":[{"embeddable":true,"href":"https:\/\/trappenstore.be\/de\/wp-json\/wp\/v2\/media\/12669"}],"wp:attachment":[{"href":"https:\/\/trappenstore.be\/de\/wp-json\/wp\/v2\/media?parent=6236"}],"wp:term":[{"taxonomy":"product_brand","embeddable":true,"href":"https:\/\/trappenstore.be\/de\/wp-json\/wp\/v2\/product_brand?post=6236"},{"taxonomy":"product_cat","embeddable":true,"href":"https:\/\/trappenstore.be\/de\/wp-json\/wp\/v2\/product_cat?post=6236"},{"taxonomy":"product_tag","embeddable":true,"href":"https:\/\/trappenstore.be\/de\/wp-json\/wp\/v2\/product_tag?post=6236"},{"taxonomy":"kleur","embeddable":true,"href":"https:\/\/trappenstore.be\/de\/wp-json\/wp\/v2\/kleur?post=6236"},{"taxonomy":"productlijn","embeddable":true,"href":"https:\/\/trappenstore.be\/de\/wp-json\/wp\/v2\/productlijn?post=6236"},{"taxonomy":"kastbreedte","embeddable":true,"href":"https:\/\/trappenstore.be\/de\/wp-json\/wp\/v2\/kastbreedte?post=6236"},{"taxonomy":"kastlengte","embeddable":true,"href":"https:\/\/trappenstore.be\/de\/wp-json\/wp\/v2\/kastlengte?post=6236"},{"taxonomy":"vl_pl_hoogte_a","embeddable":true,"href":"https:\/\/trappenstore.be\/de\/wp-json\/wp\/v2\/vl_pl_hoogte_a?post=6236"}],"curies":[{"name":"wp","href":"https:\/\/api.w.org\/{rel}","templated":true}]}}