{"id":6233,"date":"2020-07-16T17:46:02","date_gmt":"2020-07-16T15:46:02","guid":{"rendered":"https:\/\/trappenstore.be\/?post_type=product&#038;p=6233"},"modified":"2026-03-16T14:28:48","modified_gmt":"2026-03-16T13:28:48","slug":"dolle-loft-cf76g-3-en-4-delig","status":"publish","type":"product","link":"https:\/\/trappenstore.be\/de\/produkt\/dolle-loft-cf76g-3-en-4-delig\/","title":{"rendered":"Mad Loft clickFIX<sup>\u00ae<\/sup>76 3- und 4-teilige Personalisierung"},"content":{"rendered":"<section>\n<section class=\"description\"><span style=\"color: #993300;\"><strong>DIE BESTE ISOLIERTE LEITER AUF DEM MARKT<\/strong><\/span><\/section>\n<section>Die clickFIX\u00ae 76G hat im Vergleich zu anderen Treppen auf dem Markt einen sehr niedrigen U-Wert. Sicher, weil alle unsere clickFIX\u00ae Dachbodentreppen als Bauelemente wie T\u00fcren und Fenster gepr\u00fcft sind.<\/section>\n<section><\/section>\n<section class=\"description\"><\/section>\n<\/section>\n<section class=\"description\"><span style=\"color: #993300;\"><strong><br \/>\nSEHR EINFACH ZU INSTALLIEREN F\u00dcR PROFIS UND Heimwerker<\/strong><\/span><\/section>\n<section class=\"description\">Durch sein geringes Gewicht und die patentierte Befestigungstechnik mit Klickmodulen l\u00e4sst sich clickFIX\u00ae auch problemlos von einer Person montieren. Ganz einfach das 240 mm hohe Geh\u00e4use ausrichten, anschrauben, Luke und Leiterteil einklicken und an die Raumh\u00f6he anpassen, fertig. So entsteht eine perfekt luftdichte Verlegung Hochwertige Dachbodentreppen bilden den \u00dcbergang vom Wohnbereich zum Dachboden. Neben einer einfachen und sicheren Montage verhindert der clickFIX\u00ae auch Energieverluste und verhindert das Entweichen warmer Luft aus dem Wohnraum. Der patentierte DOLLE clickFIX\u00ae 76G erf\u00fcllt alle Anforderungen in einem System: Durch den modularen Aufbau und die einfache Montage sowie hervorragende D\u00e4mmeigenschaften hat diese Treppe einen Bauteil-U-Wert von 0,49 W\/m\u00b2K.<\/p>\n<p style=\"text-align: left;\"><span style=\"color: #993300;\"><strong>CPL-BESCHICHTUNG F\u00dcR EINE SEHR LANGE LEBENSDAUER<\/strong><\/span><span class=\"Y2IQFc\" lang=\"nl\"><br \/>\nDie 76 mm dicke Luke des DOLLE clickFIX\u00ae 76G h\u00e4lt die W\u00e4rme effizient im Wohnbereich und ist zudem CPL-beschichtet. Mit diesem besonders robusten Laminat ist die Luke deutlich verschlei\u00dffester, kratz- und schlagfester als andere Oberfl\u00e4chen. Das Geheimnis liegt in der Deckschicht, die aus Melaminharz besteht. Es ist best\u00e4ndig gegen leichte Kratzer und normalen Schmutz, es ist l\u00f6sungsmittel- und hitzebest\u00e4ndig, wischfest und leicht zu reinigen. Durch die Luke bleibt es lange strahlend wei\u00df, da Verunreinigungen leicht entfernt werden k\u00f6nnen. Dar\u00fcber hinaus sind CPL-Oberfl\u00e4chen farbecht und lichtecht und dunkeln daher mit der Zeit nicht nach, sodass sich der Rollladen nicht nur dezent in die Decke einf\u00fcgt, sondern auch noch in makellosem Zustand bleibt.<\/span><\/p>\n<\/section>\n<section class=\"description\">\n<p style=\"text-align: left;\"><span style=\"color: #993300;\"><strong>\u00dcBERPR\u00dcFEN SIE DIE LUFTLECKS IN IHREM ZUHAUSE<\/strong><\/span><br \/>\nDie Dampfsperre mit TwinActive-Folie dichtet Ihr Produkt f\u00fcr optimale W\u00e4rmed\u00e4mmung ab. Einfach zu beheben.<\/p>\n<\/section>\n<section class=\"description\">\n<p style=\"text-align: left;\"><span style=\"color: #993300;\"><strong>OPTIONALES ZUBEH\u00d6R<\/strong><\/span><br \/>\nKunststofff\u00fc\u00dfe, Zargen und Handl\u00e4ufe sind nicht im Lieferumfang enthalten.<\/p>\n<section class=\"description\">\n<p style=\"text-align: left;\"><span style=\"color: #993300;\"><strong>VORTEILE<\/strong><\/span><\/p>\n<ul>\n<li>Einfacher Installationsprozess f\u00fcr 1 Person<\/li>\n<li>Leicht und einfach zu bedienen, inklusive Handlauf<\/li>\n<li>10 Jahre Garantie<\/li>\n<li><strong>Die beste Leiter auf dem Markt<\/strong><\/li>\n<li>Energieeffizient mit einem U-Wert von 0,49 W\/m\u00b2K.<\/li>\n<\/ul>\n<\/section>\n<\/section>","protected":false},"excerpt":{"rendered":"<p>DE BEST GEISOLEERDE LADDER OP DE MARKT De clickFIX\u00ae 76G heeft een zeer lage u-waarde in vergelijking met andere trappen op de markt. Zeker omdat al onze clickFIX\u00ae zoldertrappen getest zijn als bouwdeel, zoals deuren en ramen. HEEL EENVOUDIG TE INSTALLEREN VOOR PROFESSIONALS EN DIY Dankzij het lage gewicht en de gepatenteerde montagetechniek met klikmodules [&hellip;]<\/p>\n","protected":false},"featured_media":10107,"template":"","meta":{"_acf_changed":false},"product_brand":[],"product_cat":[1744,1745],"product_tag":[6486],"kleur":[],"productlijn":[],"kastbreedte":[6996],"kastlengte":[6997],"vl_pl_hoogte_a":[],"class_list":{"0":"post-6233","1":"product","2":"type-product","3":"status-publish","4":"has-post-thumbnail","6":"product_cat-hout-trappen","7":"product_cat-zoldertrappen","8":"product_tag-dolle","9":"pa_beschrijving-dolle-loft-cf76g-3-en-4-delig","10":"pa_beschrijving-dolle-loft-cf76g-3-en-4-delig-kasthoogte-24cm-80-cm","11":"pa_beschrijving-dolle-loft-cf76g-3-en-4-delig-extra-trede","12":"pa_beschrijving-dolle-loft-cf76g-3-en-4-delig-standaardhoogte","13":"kastbreedte-andere-maat","14":"kastlengte-andere-maat","16":"first","17":"onbackorder","18":"purchasable","19":"product-type-variable"},"acf":[],"_links":{"self":[{"href":"https:\/\/trappenstore.be\/de\/wp-json\/wp\/v2\/product\/6233","targetHints":{"allow":["GET"]}}],"collection":[{"href":"https:\/\/trappenstore.be\/de\/wp-json\/wp\/v2\/product"}],"about":[{"href":"https:\/\/trappenstore.be\/de\/wp-json\/wp\/v2\/types\/product"}],"wp:featuredmedia":[{"embeddable":true,"href":"https:\/\/trappenstore.be\/de\/wp-json\/wp\/v2\/media\/10107"}],"wp:attachment":[{"href":"https:\/\/trappenstore.be\/de\/wp-json\/wp\/v2\/media?parent=6233"}],"wp:term":[{"taxonomy":"product_brand","embeddable":true,"href":"https:\/\/trappenstore.be\/de\/wp-json\/wp\/v2\/product_brand?post=6233"},{"taxonomy":"product_cat","embeddable":true,"href":"https:\/\/trappenstore.be\/de\/wp-json\/wp\/v2\/product_cat?post=6233"},{"taxonomy":"product_tag","embeddable":true,"href":"https:\/\/trappenstore.be\/de\/wp-json\/wp\/v2\/product_tag?post=6233"},{"taxonomy":"kleur","embeddable":true,"href":"https:\/\/trappenstore.be\/de\/wp-json\/wp\/v2\/kleur?post=6233"},{"taxonomy":"productlijn","embeddable":true,"href":"https:\/\/trappenstore.be\/de\/wp-json\/wp\/v2\/productlijn?post=6233"},{"taxonomy":"kastbreedte","embeddable":true,"href":"https:\/\/trappenstore.be\/de\/wp-json\/wp\/v2\/kastbreedte?post=6233"},{"taxonomy":"kastlengte","embeddable":true,"href":"https:\/\/trappenstore.be\/de\/wp-json\/wp\/v2\/kastlengte?post=6233"},{"taxonomy":"vl_pl_hoogte_a","embeddable":true,"href":"https:\/\/trappenstore.be\/de\/wp-json\/wp\/v2\/vl_pl_hoogte_a?post=6233"}],"curies":[{"name":"wp","href":"https:\/\/api.w.org\/{rel}","templated":true}]}}