{"id":6227,"date":"2020-07-16T17:44:39","date_gmt":"2020-07-16T15:44:39","guid":{"rendered":"https:\/\/trappenstore.be\/?post_type=product&#038;p=6227"},"modified":"2026-03-16T14:28:49","modified_gmt":"2026-03-16T13:28:49","slug":"dolle-loft-rf90-maatwerk","status":"publish","type":"product","link":"https:\/\/trappenstore.be\/de\/produkt\/dolle-loft-rf90-maatwerk\/","title":{"rendered":"Crazy Loft RF90 Anpassung"},"content":{"rendered":"<h3>BIS ZU 90 MINUTEN FEUERBEST\u00c4NDIG<\/h3>\n<h4><span style=\"color: #993300;\">DOLLE FEUERBEST\u00c4NDIGE DACHBODENLEITER<\/span><\/h4>\n<p>DOLLE RF90 ist 90 Minuten feuerbest\u00e4ndig und entspricht EN 4102-2. Die Luke ist mit 50 mm Steinwolle + 10 cm Gips isoliert. Die Luke hat ein sch\u00f6nes Finish in wei\u00dfer HDF-Platte mit versteckten Scharnieren und hat ein hochwertiges Schloss. Die DOLLE RF90 Loftleiter ist aus stabilem Kiefernholz mit 12 rutschfesten Buchenstufen mit schwarzen rutschfesten Kunststofff\u00fc\u00dfen zum Schutz des Bodens. Das 19 cm hohe Geh\u00e4use ist mit Dichtleisten ausgestattet, um W\u00e4rmeverluste zu vermeiden. Die Holzleiter ist einfach zu bedienen, hochwertig, stabil und einfach zu bedienen.<\/p>\n<h4><span style=\"color: #993300;\">DIE LOFTLEITER ALS BRANDSCHUTZTEIL<\/span><\/h4>\n<p>Wichtig ist, dass ein Haus so gebaut ist, dass die Bausubstanz im Brandfall kurzzeitig gesch\u00fctzt ist. Die Bauvorschriften stellen daher unterschiedliche Anforderungen an den Feuerwiderstand von Bauteilen in einem Geb\u00e4ude oder einer Wohnung. Deshalb pr\u00fcfen wir unsere Brandschutztreppen nach den h\u00f6chsten Anforderungen in Europa und erf\u00fcllen die EN 4102-2. DOLLE RF90 hat eine Feuerbest\u00e4ndigkeit von 90 Minuten.<\/p>\n<p>Eine feuerbest\u00e4ndige Treppe wird in einem Brandversuch gepr\u00fcft, bei dem die Treppe in eine Brennkammer eingebaut und einer realen Brandsituation ausgesetzt wird. Die Brandschutzleitern von DOLLE sind nach der neuen gemeinsamen europ\u00e4ischen Methode zur Pr\u00fcfung des Feuerwiderstands von Bauteilen gepr\u00fcft. Die Brandschutztreppe DOLLE wurde am Institut MPA Braunschweig in Deutschland gepr\u00fcft.<\/p>\n<h4><span style=\"color: #993300;\">DOLLE FEUERBEST\u00c4NDIGE LOFTLEITER \u2013 NEUE EUROP\u00c4ISCHE FEUERKLASSE EN 4102-2<\/span><\/h4>\n<p>F\u00fcr die feuerbest\u00e4ndige Dachbodentreppe werden die neuen europ\u00e4ischen Brandschutzanforderungen beschrieben:<\/p>\n<p>R (Widerstand) Tragf\u00e4higkeit im Brandfall.<\/p>\n<p>E (Integrit\u00e4t) F\u00e4higkeit, Flammen und Gase fernzuhalten.<\/p>\n<p>I (Isolierung) F\u00e4higkeit, drau\u00dfen warm zu bleiben.<\/p>\n<p>Nach der Klassifizierung gibt die DOLLE RF90 den Zeitraum an, f\u00fcr den die Dachbodenleiter feuerbest\u00e4ndig ist, so dass die feuerbest\u00e4ndige Treppe 90 Minuten feuerbest\u00e4ndig ist.<\/p>\n<h4><span style=\"color: #993300;\">Vorteile:<\/span><\/h4>\n<ul>\n<li>Dachbodenleiter in Top-Qualit\u00e4t<\/li>\n<li>Kann Feuer 90 Minuten standhalten (von oben und unten)<\/li>\n<li>Sch\u00f6nes Finish in Wei\u00df mit versteckten Scharnieren<\/li>\n<\/ul>","protected":false},"excerpt":{"rendered":"<p>TOT 90 MINUTEN BRANDWEREND BRANDBESTENDIGE ZOLDERLADDER VAN DOLLE DOLLE RF90 is 90 minuten\u00a0 brandwerend en voldoet aan EN 4102-2. Het luik is ge\u00efsoleerd met 50 mm rockwool + 10cm gypsum. Het luik heeft een mooie afwerking in witte HDF plaat met verborgen scharnieren en heeft een hoogwaardig slot. De DOLLE RF90 Loft ladder is gemaakt [&hellip;]<\/p>\n","protected":false},"featured_media":12781,"template":"","meta":{"_acf_changed":false},"product_brand":[],"product_cat":[1744,1745],"product_tag":[6486],"kleur":[],"productlijn":[],"kastbreedte":[6996],"kastlengte":[6997],"vl_pl_hoogte_a":[],"class_list":{"0":"post-6227","1":"product","2":"type-product","3":"status-publish","4":"has-post-thumbnail","6":"product_cat-hout-trappen","7":"product_cat-zoldertrappen","8":"product_tag-dolle","9":"pa_beschrijving-dolle-rf-90-3-delig-maatwerk","10":"pa_beschrijving-dolle-rf-90-3-delig-maatwerk-kasthoogte-19cm-80cm","11":"pa_beschrijving-dolle-rf-90-3-delig-maatwerk-extra-trede","12":"pa_beschrijving-dolle-rf-90-3-delig-maatwerk-standaardhoogte","13":"kastbreedte-andere-maat","14":"kastlengte-andere-maat","16":"first","17":"instock","18":"purchasable","19":"product-type-variable"},"acf":[],"_links":{"self":[{"href":"https:\/\/trappenstore.be\/de\/wp-json\/wp\/v2\/product\/6227","targetHints":{"allow":["GET"]}}],"collection":[{"href":"https:\/\/trappenstore.be\/de\/wp-json\/wp\/v2\/product"}],"about":[{"href":"https:\/\/trappenstore.be\/de\/wp-json\/wp\/v2\/types\/product"}],"wp:featuredmedia":[{"embeddable":true,"href":"https:\/\/trappenstore.be\/de\/wp-json\/wp\/v2\/media\/12781"}],"wp:attachment":[{"href":"https:\/\/trappenstore.be\/de\/wp-json\/wp\/v2\/media?parent=6227"}],"wp:term":[{"taxonomy":"product_brand","embeddable":true,"href":"https:\/\/trappenstore.be\/de\/wp-json\/wp\/v2\/product_brand?post=6227"},{"taxonomy":"product_cat","embeddable":true,"href":"https:\/\/trappenstore.be\/de\/wp-json\/wp\/v2\/product_cat?post=6227"},{"taxonomy":"product_tag","embeddable":true,"href":"https:\/\/trappenstore.be\/de\/wp-json\/wp\/v2\/product_tag?post=6227"},{"taxonomy":"kleur","embeddable":true,"href":"https:\/\/trappenstore.be\/de\/wp-json\/wp\/v2\/kleur?post=6227"},{"taxonomy":"productlijn","embeddable":true,"href":"https:\/\/trappenstore.be\/de\/wp-json\/wp\/v2\/productlijn?post=6227"},{"taxonomy":"kastbreedte","embeddable":true,"href":"https:\/\/trappenstore.be\/de\/wp-json\/wp\/v2\/kastbreedte?post=6227"},{"taxonomy":"kastlengte","embeddable":true,"href":"https:\/\/trappenstore.be\/de\/wp-json\/wp\/v2\/kastlengte?post=6227"},{"taxonomy":"vl_pl_hoogte_a","embeddable":true,"href":"https:\/\/trappenstore.be\/de\/wp-json\/wp\/v2\/vl_pl_hoogte_a?post=6227"}],"curies":[{"name":"wp","href":"https:\/\/api.w.org\/{rel}","templated":true}]}}