{"id":6225,"date":"2020-07-16T17:43:49","date_gmt":"2020-07-16T15:43:49","guid":{"rendered":"https:\/\/trappenstore.be\/?post_type=product&#038;p=6225"},"modified":"2026-03-16T14:28:49","modified_gmt":"2026-03-16T13:28:49","slug":"dolle-alufix","status":"publish","type":"product","link":"https:\/\/trappenstore.be\/de\/produkt\/dolle-alufix\/","title":{"rendered":"Mad Alufix"},"content":{"rendered":"<section class=\"description\">\n<p style=\"text-align: left;\"><span style=\"color: #993300;\"><strong>LOFT-LEITER F\u00dcR ENGE R\u00c4UME<\/strong><\/span><\/p>\n<\/section>\n<section class=\"description\">\n<section class=\"description\">\n<p id=\"tw-target-text\" class=\"tw-data-text tw-text-large tw-ta\" dir=\"ltr\" data-placeholder=\"Vertaling\"><span class=\"Y2IQFc\" lang=\"nl\">\u00a0Die tiefe Trittfl\u00e4che der Stufen ist nur ein Detail, das die DOLLE Alu-fix von anderen Treppen unterscheidet. Die Halterung besteht aus Sperrholz und kann mit wenig Kraftaufwand bewegt werden. Das Leiterteil ist aus Aluminium gefertigt und bietet eine einfache Bedienung und einen sicheren Zugang zum Dachboden. Der Platzbedarf ist sehr gering, wodurch die Treppe auf kleinstem Dachboden montiert werden kann. Mit einer gepr\u00fcften Belastung von bis zu 100 kg eignet sich das Modell sehr gut f\u00fcr Altbauten mit unkonventionellen Dachfl\u00e4chen. <\/span><\/p>\n<p class=\"tw-data-text tw-text-large tw-ta\" dir=\"ltr\" data-placeholder=\"Vertaling\"><span class=\"Y2IQFc\" lang=\"nl\">Der ALU-FIX wird mit 9, 10 oder 11 Stufen geliefert: <\/span><\/p>\n<p class=\"tw-data-text tw-text-large tw-ta\" dir=\"ltr\" data-placeholder=\"Vertaling\"><span class=\"Y2IQFc\" lang=\"nl\">9 Stufen f\u00fcr eine raumhohe H\u00f6he zwischen: 219-246 cm <\/span><\/p>\n<p class=\"tw-data-text tw-text-large tw-ta\" dir=\"ltr\" data-placeholder=\"Vertaling\"><span class=\"Y2IQFc\" lang=\"nl\">10 Stufen f\u00fcr eine raumhohe H\u00f6he zwischen: 246-273 cm <\/span><\/p>\n<p class=\"tw-data-text tw-text-large tw-ta\" dir=\"ltr\" data-placeholder=\"Vertaling\"><span class=\"Y2IQFc\" lang=\"nl\">11 Stufen f\u00fcr eine H\u00f6he vom Boden bis zur Decke zwischen: 273-300 cm<\/span><\/p>\n<\/section>\n<\/section>","protected":false},"excerpt":{"rendered":"<p>LOFT LADDER VOOR SMALLE RUIMTES \u00a0Het diepe opstapoppervlak van de treden is slechts \u00e9\u00e9n detail dat de DOLLE Alu-fix onderscheidt van andere trappen. De bevestiging is gemaakt van multiplex en kan met weinig moeite worden verplaatst. Het laddergedeelte is gemaakt van aluminium en biedt een eenvoudige bediening en veilige toegang tot de zolderruimte. De benodigde [&hellip;]<\/p>\n","protected":false},"featured_media":5584,"template":"","meta":{"_acf_changed":false},"product_brand":[],"product_cat":[1744,1745],"product_tag":[6486],"kleur":[],"productlijn":[],"kastbreedte":[6492],"kastlengte":[6494],"vl_pl_hoogte_a":[],"class_list":{"0":"post-6225","1":"product","2":"type-product","3":"status-publish","4":"has-post-thumbnail","6":"product_cat-hout-trappen","7":"product_cat-zoldertrappen","8":"product_tag-dolle","9":"pa_beschrijving-alufix-9-treden","10":"pa_beschrijving-alufix-10-treden","11":"pa_beschrijving-alufix-11-treden","12":"kastbreedte-50-cm","13":"kastlengte-60-cm","15":"first","16":"instock","17":"purchasable","18":"product-type-variable"},"acf":[],"_links":{"self":[{"href":"https:\/\/trappenstore.be\/de\/wp-json\/wp\/v2\/product\/6225","targetHints":{"allow":["GET"]}}],"collection":[{"href":"https:\/\/trappenstore.be\/de\/wp-json\/wp\/v2\/product"}],"about":[{"href":"https:\/\/trappenstore.be\/de\/wp-json\/wp\/v2\/types\/product"}],"wp:featuredmedia":[{"embeddable":true,"href":"https:\/\/trappenstore.be\/de\/wp-json\/wp\/v2\/media\/5584"}],"wp:attachment":[{"href":"https:\/\/trappenstore.be\/de\/wp-json\/wp\/v2\/media?parent=6225"}],"wp:term":[{"taxonomy":"product_brand","embeddable":true,"href":"https:\/\/trappenstore.be\/de\/wp-json\/wp\/v2\/product_brand?post=6225"},{"taxonomy":"product_cat","embeddable":true,"href":"https:\/\/trappenstore.be\/de\/wp-json\/wp\/v2\/product_cat?post=6225"},{"taxonomy":"product_tag","embeddable":true,"href":"https:\/\/trappenstore.be\/de\/wp-json\/wp\/v2\/product_tag?post=6225"},{"taxonomy":"kleur","embeddable":true,"href":"https:\/\/trappenstore.be\/de\/wp-json\/wp\/v2\/kleur?post=6225"},{"taxonomy":"productlijn","embeddable":true,"href":"https:\/\/trappenstore.be\/de\/wp-json\/wp\/v2\/productlijn?post=6225"},{"taxonomy":"kastbreedte","embeddable":true,"href":"https:\/\/trappenstore.be\/de\/wp-json\/wp\/v2\/kastbreedte?post=6225"},{"taxonomy":"kastlengte","embeddable":true,"href":"https:\/\/trappenstore.be\/de\/wp-json\/wp\/v2\/kastlengte?post=6225"},{"taxonomy":"vl_pl_hoogte_a","embeddable":true,"href":"https:\/\/trappenstore.be\/de\/wp-json\/wp\/v2\/vl_pl_hoogte_a?post=6225"}],"curies":[{"name":"wp","href":"https:\/\/api.w.org\/{rel}","templated":true}]}}