{"id":6224,"date":"2020-07-16T17:43:12","date_gmt":"2020-07-16T15:43:12","guid":{"rendered":"https:\/\/trappenstore.be\/?post_type=product&#038;p=6224"},"modified":"2026-03-16T14:28:38","modified_gmt":"2026-03-16T13:28:38","slug":"dolle-mini-4-delig-maatwerk","status":"publish","type":"product","link":"https:\/\/trappenstore.be\/de\/produkt\/dolle-mini-4-delig-maatwerk\/","title":{"rendered":"Dolle Mini 4-teilige Personalisierung"},"content":{"rendered":"<h4><span style=\"color: #993300;\">EINE LOFT-LEITER F\u00dcR DEN KLEINSTEN RAUM ENTWICKELT<\/span><\/h4>\n<p>Diese Treppe ist die ideale L\u00f6sung f\u00fcr kleine Decken\u00f6ffnungen! Die 4-teilige Dachbodentreppe aus Holz wird komplett mit w\u00e4rmed\u00e4mmender Luke und Spanndichtung geliefert und wurde speziell f\u00fcr den Deckenaufbau ohne Normma\u00dfe entwickelt, damit sie perfekt in \u00d6ffnungen passt, die nicht den Normma\u00dfen entsprechen. Die Leiter ist komfortabel zu handhaben mit gerippten, rutschfesten Stufen, die f\u00fcr die n\u00f6tige Sicherheit sorgen.<\/p>\n<h4><span style=\"color: #993300;\">KLEINE DACHBODENLEITER<\/span><\/h4>\n<p>Die w\u00e4rmeged\u00e4mmte Luke ist durch ihre Sandwichbauweise leicht. Die Zugabschottung ist luftdicht nach DIN EN 12207 Klasse 4 und erf\u00fcllt die Anforderungen an hervorragende W\u00e4rmed\u00e4mmeigenschaften. Das Leiterteil l\u00e4sst sich platzsparend in 4 Teile zusammenklappen und nimmt daher kaum Platz ein. Die wei\u00dfen Kleiderstreifen bilden einen dezenten Abschluss am Decken\u00fcbergang.<\/p>\n<h4><span style=\"color: #993300;\">DIESE MINI-DACHGESCHOSSTREPPE NOCH KOMFORTABEL<\/span><\/h4>\n<p>Rutschfeste Stufen f\u00fcr zus\u00e4tzliche Sicherheit! Der Mini ist mit einem stabilen Federausgleichssystem f\u00fcr einen reibungslosen und m\u00fchelosen Betrieb ausgestattet.<br \/>\nEin verl\u00e4ngerter Arm ist im Lieferumfang der Bedienleiste enthalten, wodurch der Klickverschluss einfach zu bedienen ist.<\/p>\n<p>&nbsp;<\/p>","protected":false},"excerpt":{"rendered":"<p>EEN LOFT LADDER ONTWORPEN VOOR DE KLEINSTE RUIMTE Deze trap is de ideale oplossing voor kleine plafondopeningen! De 4-delige houten zoldertrap wordt compleet met warmte-isolerend luik en spanningafdichting geleverd en speciaal ontwikkeld voor plafondconstructie zonder standaard afmetingen, waardoor deze perfect past in openingen die niet voldoen aan de standaard afmetingen. De ladder is comfortabel in [&hellip;]<\/p>\n","protected":false},"featured_media":5734,"template":"","meta":{"_acf_changed":false},"product_brand":[],"product_cat":[1744,1745],"product_tag":[6486],"kleur":[],"productlijn":[],"kastbreedte":[6996],"kastlengte":[6997],"vl_pl_hoogte_a":[],"class_list":{"0":"post-6224","1":"product","2":"type-product","3":"status-publish","4":"has-post-thumbnail","6":"product_cat-hout-trappen","7":"product_cat-zoldertrappen","8":"product_tag-dolle","9":"kastbreedte-andere-maat","10":"kastlengte-andere-maat","12":"first","13":"onbackorder","14":"purchasable","15":"product-type-simple"},"acf":[],"_links":{"self":[{"href":"https:\/\/trappenstore.be\/de\/wp-json\/wp\/v2\/product\/6224","targetHints":{"allow":["GET"]}}],"collection":[{"href":"https:\/\/trappenstore.be\/de\/wp-json\/wp\/v2\/product"}],"about":[{"href":"https:\/\/trappenstore.be\/de\/wp-json\/wp\/v2\/types\/product"}],"wp:featuredmedia":[{"embeddable":true,"href":"https:\/\/trappenstore.be\/de\/wp-json\/wp\/v2\/media\/5734"}],"wp:attachment":[{"href":"https:\/\/trappenstore.be\/de\/wp-json\/wp\/v2\/media?parent=6224"}],"wp:term":[{"taxonomy":"product_brand","embeddable":true,"href":"https:\/\/trappenstore.be\/de\/wp-json\/wp\/v2\/product_brand?post=6224"},{"taxonomy":"product_cat","embeddable":true,"href":"https:\/\/trappenstore.be\/de\/wp-json\/wp\/v2\/product_cat?post=6224"},{"taxonomy":"product_tag","embeddable":true,"href":"https:\/\/trappenstore.be\/de\/wp-json\/wp\/v2\/product_tag?post=6224"},{"taxonomy":"kleur","embeddable":true,"href":"https:\/\/trappenstore.be\/de\/wp-json\/wp\/v2\/kleur?post=6224"},{"taxonomy":"productlijn","embeddable":true,"href":"https:\/\/trappenstore.be\/de\/wp-json\/wp\/v2\/productlijn?post=6224"},{"taxonomy":"kastbreedte","embeddable":true,"href":"https:\/\/trappenstore.be\/de\/wp-json\/wp\/v2\/kastbreedte?post=6224"},{"taxonomy":"kastlengte","embeddable":true,"href":"https:\/\/trappenstore.be\/de\/wp-json\/wp\/v2\/kastlengte?post=6224"},{"taxonomy":"vl_pl_hoogte_a","embeddable":true,"href":"https:\/\/trappenstore.be\/de\/wp-json\/wp\/v2\/vl_pl_hoogte_a?post=6224"}],"curies":[{"name":"wp","href":"https:\/\/api.w.org\/{rel}","templated":true}]}}