{"id":6223,"date":"2020-07-16T17:42:30","date_gmt":"2020-07-16T15:42:30","guid":{"rendered":"https:\/\/trappenstore.be\/?post_type=product&#038;p=6223"},"modified":"2026-03-16T14:28:38","modified_gmt":"2026-03-16T13:28:38","slug":"dolle-miniflex-maatwerk","status":"publish","type":"product","link":"https:\/\/trappenstore.be\/de\/produkt\/dolle-miniflex-maatwerk\/","title":{"rendered":"Mad Miniflex-Anpassung"},"content":{"rendered":"<pre id=\"tw-target-text\" class=\"tw-data-text tw-text-large tw-ta\" dir=\"ltr\" data-placeholder=\"Vertaling\"><span class=\"Y2IQFc\" lang=\"nl\"><span style=\"color: #993300;\"><strong>EINE IDEALE PLATZSPARENDE ZUGRIFFSL\u00d6SUNG<\/strong><\/span>\r\nDiese Treppe nimmt keinen Platz ein und ist ideal f\u00fcr enge R\u00e4ume. Diese platzsparende Scherenleiter ist eine Alu-Klappe mit Luke und Geh\u00e4use. Die tiefe Trittfl\u00e4che der breiten Anti-Rutsch-Stufen sorgt f\u00fcr Komfort und Sicherheit und ist nur ein Detail, das diese DOLLE Miniflex von anderen Trittstufen unterscheidet. Die Halterung ist aus Fichtenholz und l\u00e4sst sich mit wenig Kraftaufwand verschieben. Das Aluminium-Leiterteil ist sehr einfach zu bedienen und nimmt zusammengeklappt keinen Platz ein. Zugluftsperre in Geh\u00e4use und Luke mit 50 mm Isolierung verhindert W\u00e4rmeverlust. Das Geh\u00e4use der und der Luke sind mit einem Falz f\u00fcr einen extra dichten Abschluss versehen und sind mit einer wei\u00dfen Luke gut verarbeitet.\r\n<span style=\"color: #993300;\"><strong>EIGENSCHAFTEN<\/strong><\/span>\r\n\r\n\u00d6ffnungsgr\u00f6\u00dfe: 57,5-70 x 70-88,5 cm Au\u00dfenmantelgr\u00f6\u00dfe: 55 - 67,6 x 67,5 - 85 cm Mindesth\u00f6he vom Boden bis zur Decke - 218 cm Max. H\u00f6he vom Boden bis zur Decke - 286 cm H\u00f6he vom Boden bis zur Decke \u00fcber 260 cm - Geh\u00e4usel\u00e4nge muss 77,5 cm oder mehr betragen Leitermaterial: Aluminium Geh\u00e4usematerial: Fichte Max. Schrankh\u00f6he: 14 cm Geh\u00e4usedicke: 1,8 cm Lukendicke: 5,6 cm Isolierung: 5 cm Profildicke: 2,9 cm<\/span><\/pre>","protected":false},"excerpt":{"rendered":"<p>EEN IDEALE RUIMTEBESPARENDE TOEGANGSOPLOSSING Deze trap neemt geen ruimte in beslag en is ideaal voor krappe openingen. Deze ruimtebesparende schaarladder is een aluminium rap met luik en omkasting. Het diepe opstapoppervlak van de brede antislip treden geeft comfort en veiligheid en is slechts \u00e9\u00e9n detail dat deze DOLLE Miniflex onderscheidt van andere trapjes. De bevestiging [&hellip;]<\/p>\n","protected":false},"featured_media":5737,"template":"","meta":{"_acf_changed":false},"product_brand":[],"product_cat":[1744,1745],"product_tag":[6486],"kleur":[],"productlijn":[],"kastbreedte":[6996],"kastlengte":[6997],"vl_pl_hoogte_a":[],"class_list":{"0":"post-6223","1":"product","2":"type-product","3":"status-publish","4":"has-post-thumbnail","6":"product_cat-hout-trappen","7":"product_cat-zoldertrappen","8":"product_tag-dolle","9":"kastbreedte-andere-maat","10":"kastlengte-andere-maat","12":"first","13":"onbackorder","14":"purchasable","15":"product-type-simple"},"acf":[],"_links":{"self":[{"href":"https:\/\/trappenstore.be\/de\/wp-json\/wp\/v2\/product\/6223","targetHints":{"allow":["GET"]}}],"collection":[{"href":"https:\/\/trappenstore.be\/de\/wp-json\/wp\/v2\/product"}],"about":[{"href":"https:\/\/trappenstore.be\/de\/wp-json\/wp\/v2\/types\/product"}],"wp:featuredmedia":[{"embeddable":true,"href":"https:\/\/trappenstore.be\/de\/wp-json\/wp\/v2\/media\/5737"}],"wp:attachment":[{"href":"https:\/\/trappenstore.be\/de\/wp-json\/wp\/v2\/media?parent=6223"}],"wp:term":[{"taxonomy":"product_brand","embeddable":true,"href":"https:\/\/trappenstore.be\/de\/wp-json\/wp\/v2\/product_brand?post=6223"},{"taxonomy":"product_cat","embeddable":true,"href":"https:\/\/trappenstore.be\/de\/wp-json\/wp\/v2\/product_cat?post=6223"},{"taxonomy":"product_tag","embeddable":true,"href":"https:\/\/trappenstore.be\/de\/wp-json\/wp\/v2\/product_tag?post=6223"},{"taxonomy":"kleur","embeddable":true,"href":"https:\/\/trappenstore.be\/de\/wp-json\/wp\/v2\/kleur?post=6223"},{"taxonomy":"productlijn","embeddable":true,"href":"https:\/\/trappenstore.be\/de\/wp-json\/wp\/v2\/productlijn?post=6223"},{"taxonomy":"kastbreedte","embeddable":true,"href":"https:\/\/trappenstore.be\/de\/wp-json\/wp\/v2\/kastbreedte?post=6223"},{"taxonomy":"kastlengte","embeddable":true,"href":"https:\/\/trappenstore.be\/de\/wp-json\/wp\/v2\/kastlengte?post=6223"},{"taxonomy":"vl_pl_hoogte_a","embeddable":true,"href":"https:\/\/trappenstore.be\/de\/wp-json\/wp\/v2\/vl_pl_hoogte_a?post=6223"}],"curies":[{"name":"wp","href":"https:\/\/api.w.org\/{rel}","templated":true}]}}