{"id":6219,"date":"2020-07-16T17:40:33","date_gmt":"2020-07-16T15:40:33","guid":{"rendered":"https:\/\/trappenstore.be\/?post_type=product&#038;p=6219"},"modified":"2026-03-16T14:28:38","modified_gmt":"2026-03-16T13:28:38","slug":"amsterdam","status":"publish","type":"product","link":"https:\/\/trappenstore.be\/de\/produkt\/amsterdam\/","title":{"rendered":"Amsterdam"},"content":{"rendered":"<p id=\"tw-target-text\" class=\"tw-data-text tw-text-large tw-ta\" dir=\"ltr\" data-placeholder=\"Vertaling\"><strong><span class=\"Y2IQFc\" lang=\"nl\">SICHERHEIT UND FLEXIBILIT\u00c4T <\/span><\/strong><\/p>\n<p class=\"tw-data-text tw-text-large tw-ta\" dir=\"ltr\" data-placeholder=\"Vertaling\"><span class=\"Y2IQFc\" lang=\"nl\">Die platzsparende Amsterdamer Treppe verf\u00fcgt \u00fcber einzigartig gestaltete 57 cm breite Stufen, die ideal f\u00fcr kleine R\u00e4ume und weniger Verkehr im Haus sind. Das rustikale Kiefernholz-Dekor passt zu vielen Einrichtungsstilen. Die einzigartig gestalteten Deltastufen sind an der breitesten Stelle der Lauffl\u00e4che 14 cm lang. Reduziert auf die wesentlichen Elemente einer funktionalen Treppe, schafft die platzsparende Treppe DOLLE Amsterdam angenehm einen soliden Hohlraum. Aus Kiefernholz gefertigt, eignet es sich besonders f\u00fcr warme und komfortable R\u00e4ume sowie f\u00fcr rustikale Umgebungen. Er ist ein zuverl\u00e4ssiger Begleiter \u2013 vom Kinderzimmer bis ins Jugendzimmer oder als Treppe zum Dachboden. Die geradlinige platzsparende Treppe hat in den Wangen untergebrachte Stufen und einen doppelten Handlauf, sodass der Handlauf einen bequemen und sicheren Aufstieg bietet \u2013 ein echter sicherer Weg nach oben<\/span><\/p>\n<p id=\"tw-target-text\" class=\"tw-data-text tw-text-large tw-ta\" dir=\"ltr\" data-placeholder=\"Vertaling\"><strong><span class=\"Y2IQFc\" lang=\"nl\">INSTALLATIONSTIPPS <\/span><\/strong><\/p>\n<p class=\"tw-data-text tw-text-large tw-ta\" dir=\"ltr\" data-placeholder=\"Vertaling\"><span class=\"Y2IQFc\" lang=\"nl\">DOLLE Amsterdam wird mit einem flach verpackten geraden Treppenset aus Kiefernholz mit 12 Stufen und einem Handlauf geliefert. Die platzsparende Treppe wird mit Montagewinkeln zur Befestigung an der Oberseite des Hohlraums geliefert. F\u00fcr den Heimwerker ohne Spezialwerkzeug sehr einfach zu installieren. Wenn Ihre H\u00f6he von Boden zu Boden weniger als 2980 mm betr\u00e4gt, m\u00fcssen Sie vor Ort zuschneiden, um Ihr H\u00f6henma\u00df zu erf\u00fcllen. Das platzsparende Amsterdamer Zwischengeschoss erfordert eine Video\u00f6ffnung von mindestens 1200 mm x 600 mm. Die Treppe wird unbehandelt geliefert. Es ist m\u00f6glich zu lackieren oder zu malen.<\/span><\/p>\n<p class=\"tw-data-text tw-text-large tw-ta\" dir=\"ltr\" data-placeholder=\"Vertaling\"><strong><span class=\"Y2IQFc\" lang=\"nl\">FSC\u00ae-ZERTIFIZIERTE W\u00c4LDER <\/span><\/strong><\/p>\n<p class=\"tw-data-text tw-text-large tw-ta\" dir=\"ltr\" data-placeholder=\"Vertaling\"><span class=\"Y2IQFc\" lang=\"nl\">Die platzsparende Dachbodentreppe DOLLE Amsterdam ist skandinavisches Design und Handwerkskunst kombiniert mit traditionellen Materialien. Die platzsparende Treppe wird bei DOLLE in D\u00e4nemark nach ISO-zertifizierten Systemen hergestellt, unser Holz stammt aus nachwachsenden FSC\u00ae-zertifizierten W\u00e4ldern. Optionaler zweiter passender Handlauf bei Bedarf erh\u00e4ltlich. Optionales Haken- und Stangenset, mit dem die Dachbodenleiter bei Nichtgebrauch entfernt und an einem anderen Ort aufbewahrt werden kann Das optionale Leiter-Schiebesystem erm\u00f6glicht es, die DOLLE Amsterdam Staircase bei Nichtgebrauch an die Wand zu schieben<\/span><\/p>\n<p><strong><span class=\"Y2IQFc\" lang=\"nl\">VORTEILE<\/span><\/strong><\/p>\n<ul>\n<li><span class=\"Y2IQFc\" lang=\"nl\">Hochwertige platzsparende Treppe <\/span><\/li>\n<li><span class=\"Y2IQFc\" lang=\"nl\">Einzigartig gestaltete Delta-Lauffl\u00e4chen, um Platz zu sparen<\/span><\/li>\n<li><span class=\"Y2IQFc\" lang=\"nl\">Einfache und schnelle Installation ohne Verwendung von Spezialwerkzeugen<\/span><\/li>\n<li><span class=\"Y2IQFc\" lang=\"nl\"> Hergestellt in D\u00e4nemark (FSC)<\/span><\/li>\n<\/ul>","protected":false},"excerpt":{"rendered":"<p>VEILIGHEID EN FLEXIBILITEIT De ruimtebesparende trap Amsterdam heeft uniek ontworpen 57 cm brede treden die ideaal zijn voor kleine ruimtes en minder verkeer in huis. De rustieke houtafwerking in dennenhout past bij veel inrichtingsstijlen. De uniek ontworpen delta-treden zijn 14 cm op het breedste punt van het loopvlak. Gereduceerd tot de essenti\u00eble elementen van een [&hellip;]<\/p>\n","protected":false},"featured_media":5613,"template":"","meta":{"_acf_changed":false},"product_brand":[],"product_cat":[1744,1809],"product_tag":[6486],"kleur":[],"productlijn":[],"kastbreedte":[],"kastlengte":[],"vl_pl_hoogte_a":[],"class_list":{"0":"post-6219","1":"product","2":"type-product","3":"status-publish","4":"has-post-thumbnail","6":"product_cat-hout-trappen","7":"product_cat-molenaarstrappen","8":"product_tag-dolle","9":"product_shipping_class-extra-lang","11":"first","12":"instock","13":"purchasable","14":"product-type-simple"},"acf":[],"_links":{"self":[{"href":"https:\/\/trappenstore.be\/de\/wp-json\/wp\/v2\/product\/6219","targetHints":{"allow":["GET"]}}],"collection":[{"href":"https:\/\/trappenstore.be\/de\/wp-json\/wp\/v2\/product"}],"about":[{"href":"https:\/\/trappenstore.be\/de\/wp-json\/wp\/v2\/types\/product"}],"wp:featuredmedia":[{"embeddable":true,"href":"https:\/\/trappenstore.be\/de\/wp-json\/wp\/v2\/media\/5613"}],"wp:attachment":[{"href":"https:\/\/trappenstore.be\/de\/wp-json\/wp\/v2\/media?parent=6219"}],"wp:term":[{"taxonomy":"product_brand","embeddable":true,"href":"https:\/\/trappenstore.be\/de\/wp-json\/wp\/v2\/product_brand?post=6219"},{"taxonomy":"product_cat","embeddable":true,"href":"https:\/\/trappenstore.be\/de\/wp-json\/wp\/v2\/product_cat?post=6219"},{"taxonomy":"product_tag","embeddable":true,"href":"https:\/\/trappenstore.be\/de\/wp-json\/wp\/v2\/product_tag?post=6219"},{"taxonomy":"kleur","embeddable":true,"href":"https:\/\/trappenstore.be\/de\/wp-json\/wp\/v2\/kleur?post=6219"},{"taxonomy":"productlijn","embeddable":true,"href":"https:\/\/trappenstore.be\/de\/wp-json\/wp\/v2\/productlijn?post=6219"},{"taxonomy":"kastbreedte","embeddable":true,"href":"https:\/\/trappenstore.be\/de\/wp-json\/wp\/v2\/kastbreedte?post=6219"},{"taxonomy":"kastlengte","embeddable":true,"href":"https:\/\/trappenstore.be\/de\/wp-json\/wp\/v2\/kastlengte?post=6219"},{"taxonomy":"vl_pl_hoogte_a","embeddable":true,"href":"https:\/\/trappenstore.be\/de\/wp-json\/wp\/v2\/vl_pl_hoogte_a?post=6219"}],"curies":[{"name":"wp","href":"https:\/\/api.w.org\/{rel}","templated":true}]}}