{"id":6218,"date":"2020-07-16T17:39:55","date_gmt":"2020-07-16T15:39:55","guid":{"rendered":"https:\/\/trappenstore.be\/?post_type=product&#038;p=6218"},"modified":"2026-03-16T14:28:38","modified_gmt":"2026-03-16T13:28:38","slug":"madrid","status":"publish","type":"product","link":"https:\/\/trappenstore.be\/de\/produkt\/madrid\/","title":{"rendered":"Madrid"},"content":{"rendered":"<p id=\"tw-target-text\" class=\"tw-data-text tw-text-large tw-ta\" dir=\"ltr\" data-placeholder=\"Vertaling\"><span class=\"Y2IQFc\" lang=\"nl\"><strong>DIE IDEALE OPTION F\u00dcR KLEINE R\u00c4UME.<\/strong> <\/span><\/p>\n<p class=\"tw-data-text tw-text-large tw-ta\" dir=\"ltr\" data-placeholder=\"Vertaling\"><span class=\"Y2IQFc\" lang=\"nl\">Reduziert auf die wesentlichen Elemente einer funktionalen Treppe ist diese elegante Raumspartreppe die ideale L\u00f6sung f\u00fcr den Bodenanschluss in Wohnr\u00e4umen mit relativ kleiner Grundfl\u00e4che. Die rustikale Holzoptik passt zu vielen Einrichtungsstilen. Oder geben Sie Ihre pers\u00f6nliche Note. Die Treppe ist unbehandelt \u2013 fertig zum Lackieren, Beizen oder Anstreichen. Machen Sie es zu einem Teil Ihres Zimmers und streichen Sie die DOLLE Madrid in der Farbe, die Sie bevorzugen.<\/span><\/p>\n<p class=\"tw-data-text tw-text-large tw-ta\" dir=\"ltr\" data-placeholder=\"Vertaling\"><strong>BEREIT ZUM LACKIEREN ODER LACKIEREN IN DER FARBE, DIE SIE WOLLEN.<\/strong><\/p>\n<p class=\"tw-data-text tw-text-large tw-ta\" dir=\"ltr\" data-placeholder=\"Vertaling\"><span class=\"Y2IQFc\" lang=\"nl\">F\u00fcr eine sichere Konstruktion sind die Stufen in den Seitenw\u00e4nden untergebracht. Die Treppe ist mit einem sicheren Einzelhandlauf ausgestattet, der einen bequemen und sicheren Aufstieg gew\u00e4hrleistet. Ein zus\u00e4tzliches passendes Gel\u00e4nder f\u00fcr die zweite Seite ist auf Anfrage gegen Aufpreis erh\u00e4ltlich. Flach gepackte gerade Treppe aus Fichte mit 12 Stufen. Einfache und schnelle Installation ohne den Einsatz von Spezialwerkzeugen. <\/span><\/p>\n<p><strong><span class=\"Y2IQFc\" lang=\"nl\">VORTEILE<\/span><\/strong><\/p>\n<ul>\n<li><span class=\"Y2IQFc\" lang=\"nl\">G\u00fcnstiges Einsteigermodell<\/span><\/li>\n<li><span class=\"Y2IQFc\" lang=\"nl\">Ideale L\u00f6sung f\u00fcr kleine R\u00e4ume und Zwischengeschosse <\/span><\/li>\n<li><span class=\"Y2IQFc\" lang=\"nl\">Einfache und schnelle Installation ohne den Einsatz von Spezialwerkzeugen.<\/span><\/li>\n<\/ul>","protected":false},"excerpt":{"rendered":"<p>DE IDEALE OPTIE VOOR KLEINE KAMERS. Gereduceerd tot de essenti\u00eble elementen van een functionele trap, is deze elegante ruimtebesparende trap de ideale oplossing voor het verbinden van vloeren in woonkamers met een vrij klein vloeroppervlak. De rustieke houtafwerking past bij veel inrichtingsstijlen. Of u kunt uw persoonlijke touch geven. De trap is onbehandeld &#8211; klaar [&hellip;]<\/p>\n","protected":false},"featured_media":5610,"template":"","meta":{"_acf_changed":false},"product_brand":[],"product_cat":[1744,1809],"product_tag":[6486],"kleur":[],"productlijn":[],"kastbreedte":[],"kastlengte":[],"vl_pl_hoogte_a":[],"class_list":{"0":"post-6218","1":"product","2":"type-product","3":"status-publish","4":"has-post-thumbnail","6":"product_cat-hout-trappen","7":"product_cat-molenaarstrappen","8":"product_tag-dolle","9":"product_shipping_class-extra-lang","11":"first","12":"instock","13":"purchasable","14":"product-type-simple"},"acf":[],"_links":{"self":[{"href":"https:\/\/trappenstore.be\/de\/wp-json\/wp\/v2\/product\/6218","targetHints":{"allow":["GET"]}}],"collection":[{"href":"https:\/\/trappenstore.be\/de\/wp-json\/wp\/v2\/product"}],"about":[{"href":"https:\/\/trappenstore.be\/de\/wp-json\/wp\/v2\/types\/product"}],"wp:featuredmedia":[{"embeddable":true,"href":"https:\/\/trappenstore.be\/de\/wp-json\/wp\/v2\/media\/5610"}],"wp:attachment":[{"href":"https:\/\/trappenstore.be\/de\/wp-json\/wp\/v2\/media?parent=6218"}],"wp:term":[{"taxonomy":"product_brand","embeddable":true,"href":"https:\/\/trappenstore.be\/de\/wp-json\/wp\/v2\/product_brand?post=6218"},{"taxonomy":"product_cat","embeddable":true,"href":"https:\/\/trappenstore.be\/de\/wp-json\/wp\/v2\/product_cat?post=6218"},{"taxonomy":"product_tag","embeddable":true,"href":"https:\/\/trappenstore.be\/de\/wp-json\/wp\/v2\/product_tag?post=6218"},{"taxonomy":"kleur","embeddable":true,"href":"https:\/\/trappenstore.be\/de\/wp-json\/wp\/v2\/kleur?post=6218"},{"taxonomy":"productlijn","embeddable":true,"href":"https:\/\/trappenstore.be\/de\/wp-json\/wp\/v2\/productlijn?post=6218"},{"taxonomy":"kastbreedte","embeddable":true,"href":"https:\/\/trappenstore.be\/de\/wp-json\/wp\/v2\/kastbreedte?post=6218"},{"taxonomy":"kastlengte","embeddable":true,"href":"https:\/\/trappenstore.be\/de\/wp-json\/wp\/v2\/kastlengte?post=6218"},{"taxonomy":"vl_pl_hoogte_a","embeddable":true,"href":"https:\/\/trappenstore.be\/de\/wp-json\/wp\/v2\/vl_pl_hoogte_a?post=6218"}],"curies":[{"name":"wp","href":"https:\/\/api.w.org\/{rel}","templated":true}]}}