{"id":6215,"date":"2020-07-16T17:38:01","date_gmt":"2020-07-16T15:38:01","guid":{"rendered":"https:\/\/trappenstore.be\/?post_type=product&#038;p=6215"},"modified":"2026-03-16T14:28:50","modified_gmt":"2026-03-16T13:28:50","slug":"paris-den","status":"publish","type":"product","link":"https:\/\/trappenstore.be\/de\/produkt\/paris-den\/","title":{"rendered":"Paris (H\u00f6hle)"},"content":{"rendered":"<p id=\"tw-target-text\" class=\"tw-data-text tw-text-large tw-ta\" dir=\"ltr\" data-placeholder=\"Vertaling\"><strong><span class=\"Y2IQFc\" lang=\"nl\">ELEGANTE PLATZSPARENDE TREPPE<\/span><\/strong><\/p>\n<p class=\"tw-data-text tw-text-large tw-ta\" dir=\"ltr\" data-placeholder=\"Vertaling\"><span class=\"Y2IQFc\" lang=\"nl\">Die PARIS ist eine elegante zeitlose Treppe in einem leichten und klaren Design, die zu den meisten Wohnungen passt. PARIS ist als Geradeausflug oder als Vierteldrehung nach links oder rechts erh\u00e4ltlich. W\u00e4hlen Sie zwischen einem Holzhandlauf mit quadratischen Balustern oder \u00d816 mm Edelstahlf\u00fcllungen, um ein elegantes Aussehen zu verleihen und den Komfort und die Sicherheit beim Betreten der Treppe zu maximieren. Die gerade Treppe ist auch ohne Handlauf erh\u00e4ltlich. Die PARIS-Treppe ist mit einer Breite von 83,5 cm und einer Stufentiefe von 21 cm ausgelegt, um einen hohen Komfort zu gew\u00e4hrleisten. Die Treppe nimmt im Haus nur wenig Platz ein und ist daher ideal f\u00fcr kleinere R\u00e4ume. <\/span><\/p>\n<p class=\"tw-data-text tw-text-large tw-ta\" dir=\"ltr\" data-placeholder=\"Vertaling\"><span class=\"Y2IQFc\" lang=\"nl\">Die gerade Version hat 14 Stufen und eine maximale Bodenh\u00f6he von 280,5 cm. <\/span><\/p>\n<p class=\"tw-data-text tw-text-large tw-ta\" dir=\"ltr\" data-placeholder=\"Vertaling\"><span class=\"Y2IQFc\" lang=\"nl\">Ein Vierteldrehungsformat hat 16 Stufen und erreicht eine maximale Bodenh\u00f6he von 318 cm. Beide Treppen k\u00f6nnen durch Abl\u00e4ngen der Schn\u00fcre gek\u00fcrzt werden. <\/span><\/p>\n<p class=\"tw-data-text tw-text-large tw-ta\" dir=\"ltr\" data-placeholder=\"Vertaling\"><span class=\"Y2IQFc\" lang=\"nl\">DOLLE PARIS ist auf die Bed\u00fcrfnisse des t\u00e4glichen Gebrauchs ausgelegt und auf eine maximale Gesamtbelastung von 150 kg getestet. Die Treppen sind f\u00fcr die einfache Installation von Setzstufen vorbereitet.<\/span><\/p>\n<p class=\"tw-data-text tw-text-large tw-ta\" dir=\"ltr\" data-placeholder=\"Vertaling\"><span class=\"Y2IQFc\" lang=\"nl\">Die Treppe ist in mehreren Varianten als Vierteldreh- und gerade Treppe erh\u00e4ltlich. <\/span><\/p>\n<p class=\"tw-data-text tw-text-large tw-ta\" dir=\"ltr\" data-placeholder=\"Vertaling\"><strong><span class=\"Y2IQFc\" lang=\"nl\">VORTEILE<\/span><\/strong><\/p>\n<ul>\n<li class=\"tw-data-text tw-text-large tw-ta\" dir=\"ltr\" data-placeholder=\"Vertaling\"><span class=\"Y2IQFc\" lang=\"nl\">Leicht und elegant<\/span><\/li>\n<li class=\"tw-data-text tw-text-large tw-ta\" dir=\"ltr\" data-placeholder=\"Vertaling\"><span class=\"Y2IQFc\" lang=\"nl\">Zeitloses Design <\/span><\/li>\n<li class=\"tw-data-text tw-text-large tw-ta\" dir=\"ltr\" data-placeholder=\"Vertaling\"><span class=\"Y2IQFc\" lang=\"nl\">Platzsparende Treppenl\u00f6sung <\/span><\/li>\n<li class=\"tw-data-text tw-text-large tw-ta\" dir=\"ltr\" data-placeholder=\"Vertaling\"><span class=\"Y2IQFc\" lang=\"nl\">Viele M\u00f6glichkeiten <\/span><\/li>\n<li class=\"tw-data-text tw-text-large tw-ta\" dir=\"ltr\" data-placeholder=\"Vertaling\"><span class=\"Y2IQFc\" lang=\"nl\">In verschiedenen Fichten- und Eichendesigns erh\u00e4ltlich<\/span><\/li>\n<\/ul>","protected":false},"excerpt":{"rendered":"<p>ELEGANTE RUIMTEBESPARENDE TRAP De PARIS\u00a0 is een elegante tijdloze trap in een licht en helder design dat bij de meeste woningen past. PARIS is verkrijgbaar als rechte vlucht of kwartslag naar links of rechts. Kies tussen een houten leuning met vierkante balusters of \u00d816mm roestvrijstalen vullingen om een \u200b\u200belegante look toe te voegen en het [&hellip;]<\/p>\n","protected":false},"featured_media":5634,"template":"","meta":{"_acf_changed":false},"product_brand":[],"product_cat":[1744,1809],"product_tag":[6486],"kleur":[],"productlijn":[],"kastbreedte":[],"kastlengte":[],"vl_pl_hoogte_a":[],"class_list":{"0":"post-6215","1":"product","2":"type-product","3":"status-publish","4":"has-post-thumbnail","6":"product_cat-hout-trappen","7":"product_cat-molenaarstrappen","8":"product_tag-dolle","9":"product_shipping_class-extra-lang","10":"pa_beschrijving-paris-den-rechte-trap","11":"pa_beschrijving-paris-den-leuning-rechte-balusters","12":"pa_beschrijving-paris-den-leuning-gedraaide-balusters","13":"pa_beschrijving-paris-den-1-4-draai-links","14":"pa_beschrijving-paris-den-1-4-draai-rechts","15":"pa_beschrijving-paris-den-tegentreden-rechte-trap","16":"pa_beschrijving-paris-den-tegentreden-1-4-draai","18":"first","19":"instock","20":"purchasable","21":"product-type-variable"},"acf":[],"_links":{"self":[{"href":"https:\/\/trappenstore.be\/de\/wp-json\/wp\/v2\/product\/6215","targetHints":{"allow":["GET"]}}],"collection":[{"href":"https:\/\/trappenstore.be\/de\/wp-json\/wp\/v2\/product"}],"about":[{"href":"https:\/\/trappenstore.be\/de\/wp-json\/wp\/v2\/types\/product"}],"wp:featuredmedia":[{"embeddable":true,"href":"https:\/\/trappenstore.be\/de\/wp-json\/wp\/v2\/media\/5634"}],"wp:attachment":[{"href":"https:\/\/trappenstore.be\/de\/wp-json\/wp\/v2\/media?parent=6215"}],"wp:term":[{"taxonomy":"product_brand","embeddable":true,"href":"https:\/\/trappenstore.be\/de\/wp-json\/wp\/v2\/product_brand?post=6215"},{"taxonomy":"product_cat","embeddable":true,"href":"https:\/\/trappenstore.be\/de\/wp-json\/wp\/v2\/product_cat?post=6215"},{"taxonomy":"product_tag","embeddable":true,"href":"https:\/\/trappenstore.be\/de\/wp-json\/wp\/v2\/product_tag?post=6215"},{"taxonomy":"kleur","embeddable":true,"href":"https:\/\/trappenstore.be\/de\/wp-json\/wp\/v2\/kleur?post=6215"},{"taxonomy":"productlijn","embeddable":true,"href":"https:\/\/trappenstore.be\/de\/wp-json\/wp\/v2\/productlijn?post=6215"},{"taxonomy":"kastbreedte","embeddable":true,"href":"https:\/\/trappenstore.be\/de\/wp-json\/wp\/v2\/kastbreedte?post=6215"},{"taxonomy":"kastlengte","embeddable":true,"href":"https:\/\/trappenstore.be\/de\/wp-json\/wp\/v2\/kastlengte?post=6215"},{"taxonomy":"vl_pl_hoogte_a","embeddable":true,"href":"https:\/\/trappenstore.be\/de\/wp-json\/wp\/v2\/vl_pl_hoogte_a?post=6215"}],"curies":[{"name":"wp","href":"https:\/\/api.w.org\/{rel}","templated":true}]}}