{"id":6202,"date":"2020-07-16T17:27:20","date_gmt":"2020-07-16T15:27:20","guid":{"rendered":"https:\/\/trappenstore.be\/?post_type=product&#038;p=6202"},"modified":"2026-03-16T14:28:51","modified_gmt":"2026-03-16T13:28:51","slug":"calgary-white","status":"publish","type":"product","link":"https:\/\/trappenstore.be\/de\/produkt\/calgary-white\/","title":{"rendered":"Calgary Wei\u00df"},"content":{"rendered":"<p dir=\"ltr\" data-placeholder=\"Vertaling\"><strong>ELEGANTE PLATZSPARENDE TREPPE<\/strong><\/p>\n<p id=\"tw-target-text\" class=\"tw-data-text tw-text-large tw-ta\" dir=\"ltr\" data-placeholder=\"Vertaling\"><span class=\"Y2IQFc\" lang=\"nl\">Die Calgary Treppe von DOLLE ist eine charakteristische Wendeltreppe. Es l\u00f6st die Forderung nach einer Verbindung zwischen Etagen mit sehr wenig Platz, so dass Sie eine Fl\u00e4che im n\u00e4chsten Stockwerk nutzen k\u00f6nnen, die minimale Grundfl\u00e4che beansprucht. Die Treppe ist <strong>Wei\u00df<\/strong> und wird komplett mit 11 Stufen und einer Plattform aus Buchensperrholz geliefert. Die Stichh\u00f6he kann je nach Bodenh\u00f6he mit Distanzst\u00fccken von 20,4 bis 23,4 cm angepasst werden. DOLLE passt direkt an die Decke und es ist auch m\u00f6glich, die Plattform bauseits an runde Decken\u00f6ffnungen anzupassen. <\/span><\/p>\n<p class=\"tw-data-text tw-text-large tw-ta\" dir=\"ltr\" data-placeholder=\"Vertaling\"><strong><span class=\"Y2IQFc\" lang=\"nl\">IN ZWEI DURCHMESSER ERH\u00c4LTLICH <\/span><\/strong><\/p>\n<p class=\"tw-data-text tw-text-large tw-ta\" dir=\"ltr\" data-placeholder=\"Vertaling\"><span class=\"Y2IQFc\" lang=\"nl\">Die Durchmesser betragen 120 cm und 140 cm. Er erreicht eine minimale Bodenh\u00f6he von 244,8 bis maximal 280,8 cm. Die Wendeltreppe bietet ein tolles Preis-Leistungs-Verh\u00e4ltnis und bleibt dabei modern und stylisch. Bei Treppen mit einem Durchmesser von 120 cm muss die Decken\u00f6ffnung mindestens 130 cm betragen. Zur sicheren Installation stehen Video-Tutorial-Videos zur Verf\u00fcgung.\u00a0<\/span><\/p>\n<p class=\"tw-data-text tw-text-large tw-ta\" dir=\"ltr\" data-placeholder=\"Vertaling\"><span class=\"Y2IQFc\" lang=\"nl\"> Die Treppe entspricht den aktuellen europ\u00e4ischen Baunormen EN 1991 und EN 1993. Die Calgary-Treppen sind f\u00fcr eine maximale Punktlast von 200 kg und eine maximale Gesamtlast von 620 kg zertifiziert. Das Gel\u00e4nder ist f\u00fcr eine horizontale Belastung von 50 kg\/m zugelassen. <\/span><\/p>\n<p class=\"tw-data-text tw-text-large tw-ta\" dir=\"ltr\" data-placeholder=\"Vertaling\"><strong><span class=\"Y2IQFc\" lang=\"nl\">VORTEILE<\/span><\/strong><\/p>\n<ul>\n<li class=\"tw-data-text tw-text-large tw-ta\" dir=\"ltr\" data-placeholder=\"Vertaling\"><span class=\"Y2IQFc\" lang=\"nl\"> Trendig im skandinavischen Design. <\/span><\/li>\n<li class=\"tw-data-text tw-text-large tw-ta\" dir=\"ltr\" data-placeholder=\"Vertaling\"><span class=\"Y2IQFc\" lang=\"nl\">Design und Funktion gehen Hand in Hand <\/span><\/li>\n<li class=\"tw-data-text tw-text-large tw-ta\" dir=\"ltr\" data-placeholder=\"Vertaling\"><span class=\"Y2IQFc\" lang=\"nl\">Erh\u00e4ltlich in den beiden Durchmessern 120 cm und 140 cm <\/span><\/li>\n<li class=\"tw-data-text tw-text-large tw-ta\" dir=\"ltr\" data-placeholder=\"Vertaling\"><span class=\"Y2IQFc\" lang=\"nl\">Gutes Preis-Leistungs-Verh\u00e4ltnis<\/span><\/li>\n<\/ul>","protected":false},"excerpt":{"rendered":"<p>ELEGANTE RUIMTEBESPARENDE TRAP De Calgary trap van DOLLE is een karakteristieke wenteltrap. Het lost de vereiste voor een verbinding tussen verdiepingen met zeer weinig ruimte op, zodat u een gebied op de volgende verdieping kunt gebruiken dat een minimaal vloeroppervlak in beslag neemt. De trap is wit en wordt compleet geleverd met 11 treden en [&hellip;]<\/p>\n","protected":false},"featured_media":5687,"template":"","meta":{"_acf_changed":false},"product_brand":[],"product_cat":[1744,1851],"product_tag":[6486],"kleur":[],"productlijn":[],"kastbreedte":[],"kastlengte":[],"vl_pl_hoogte_a":[],"class_list":{"0":"post-6202","1":"product","2":"type-product","3":"status-publish","4":"has-post-thumbnail","6":"product_cat-hout-trappen","7":"product_cat-spiltrappen","8":"product_tag-dolle","9":"pa_beschrijving-calgary-white-120cm-doorsnede","10":"pa_beschrijving-calgary-white-140cm-doorsnede","12":"first","13":"instock","14":"purchasable","15":"product-type-variable"},"acf":[],"_links":{"self":[{"href":"https:\/\/trappenstore.be\/de\/wp-json\/wp\/v2\/product\/6202","targetHints":{"allow":["GET"]}}],"collection":[{"href":"https:\/\/trappenstore.be\/de\/wp-json\/wp\/v2\/product"}],"about":[{"href":"https:\/\/trappenstore.be\/de\/wp-json\/wp\/v2\/types\/product"}],"wp:featuredmedia":[{"embeddable":true,"href":"https:\/\/trappenstore.be\/de\/wp-json\/wp\/v2\/media\/5687"}],"wp:attachment":[{"href":"https:\/\/trappenstore.be\/de\/wp-json\/wp\/v2\/media?parent=6202"}],"wp:term":[{"taxonomy":"product_brand","embeddable":true,"href":"https:\/\/trappenstore.be\/de\/wp-json\/wp\/v2\/product_brand?post=6202"},{"taxonomy":"product_cat","embeddable":true,"href":"https:\/\/trappenstore.be\/de\/wp-json\/wp\/v2\/product_cat?post=6202"},{"taxonomy":"product_tag","embeddable":true,"href":"https:\/\/trappenstore.be\/de\/wp-json\/wp\/v2\/product_tag?post=6202"},{"taxonomy":"kleur","embeddable":true,"href":"https:\/\/trappenstore.be\/de\/wp-json\/wp\/v2\/kleur?post=6202"},{"taxonomy":"productlijn","embeddable":true,"href":"https:\/\/trappenstore.be\/de\/wp-json\/wp\/v2\/productlijn?post=6202"},{"taxonomy":"kastbreedte","embeddable":true,"href":"https:\/\/trappenstore.be\/de\/wp-json\/wp\/v2\/kastbreedte?post=6202"},{"taxonomy":"kastlengte","embeddable":true,"href":"https:\/\/trappenstore.be\/de\/wp-json\/wp\/v2\/kastlengte?post=6202"},{"taxonomy":"vl_pl_hoogte_a","embeddable":true,"href":"https:\/\/trappenstore.be\/de\/wp-json\/wp\/v2\/vl_pl_hoogte_a?post=6202"}],"curies":[{"name":"wp","href":"https:\/\/api.w.org\/{rel}","templated":true}]}}