{"id":6198,"date":"2020-07-16T17:23:14","date_gmt":"2020-07-16T15:23:14","guid":{"rendered":"https:\/\/trappenstore.be\/?post_type=product&#038;p=6198"},"modified":"2026-03-16T14:28:51","modified_gmt":"2026-03-16T13:28:51","slug":"toronto-2","status":"publish","type":"product","link":"https:\/\/trappenstore.be\/de\/produkt\/toronto-2\/","title":{"rendered":"Toronto"},"content":{"rendered":"<p id=\"tw-target-text\" class=\"tw-data-text tw-text-large tw-ta\" dir=\"ltr\" data-placeholder=\"Vertaling\"><strong><span class=\"Y2IQFc\" lang=\"nl\">WETTERFESTE TREPPE EINFACH ZU INSTALLIEREN<\/span><\/strong><\/p>\n<p class=\"tw-data-text tw-text-large tw-ta\" dir=\"ltr\" data-placeholder=\"Vertaling\"><span class=\"Y2IQFc\" lang=\"nl\">TORONTO Wendeltreppe von DOLLE aus Metall und sowohl f\u00fcr den Innen- als auch f\u00fcr den Au\u00dfenbereich geeignet. Komfortabel konzipiert, vom Balkon bis zum Garten auf kleinstem Raum! Die DOLLE Toronto ist die ideale L\u00f6sung! Erh\u00e4ltlich in 3 Durchmessern: \u00d8125 und \u00d8155 f\u00fcr eine H\u00f6he von Boden zu Boden bis 399,5 cm und \u00d8185 f\u00fcr eine H\u00f6he bis 352,5 cm. W\u00e4hlen Sie Ihre L\u00e4nge aus dem Dropdown-Men\u00fc. Es kommt mit einem durchgehenden flexiblen Handlauf. Das Gel\u00e4nder mit Rundstangen ist feuerverzinkt und mit einem abgerundeten grauen Kunststoffhandlauf (PE) versehen. Die Treppe ist mit perforierten Stahlstufen ausgestattet, die ein hohes Ma\u00df an Sicherheit und Komfort gew\u00e4hrleisten. Die Trittstufen bestehen aus feuerverzinktem Lochblech und sind sehr langlebig, pflegeleicht und zu reinigen. Die Perforation der oberen Lauffl\u00e4che ist rutschfest und sorgt f\u00fcr eine effektive Wasserableitung f\u00fcr einen sicheren Zugang. Zu den weiteren Optionen geh\u00f6rt eine Br\u00fcstung. <\/span><\/p>\n<p class=\"tw-data-text tw-text-large tw-ta\" dir=\"ltr\" data-placeholder=\"Vertaling\"><span class=\"Y2IQFc\" lang=\"nl\"><strong>BLEIBEN SIE SICHER UND DENKEN SIE AN DIE GRUNDLAGEN!<\/strong> <\/span><\/p>\n<p class=\"tw-data-text tw-text-large tw-ta\" dir=\"ltr\" data-placeholder=\"Vertaling\"><span class=\"Y2IQFc\" lang=\"nl\">F\u00fcr die DOLLE Toronto wird ein Fundament als sichere Basis ben\u00f6tigt. Planen Sie das Fundament mindestens 40 cm x 40 cm x 80 cm (L x B x T) ein. Diese Angaben entsprechen normalen Bodenverh\u00e4ltnissen bei bebautem Boden. Die Treppe kann als Links- oder Rechtsanschlag verwendet werden und kann f\u00fcr runde oder eckige \u00d6ffnungen verwendet werden.\u00a0<\/span><\/p>\n<p class=\"tw-data-text tw-text-large tw-ta\" dir=\"ltr\" data-placeholder=\"Vertaling\"><strong><span class=\"Y2IQFc\" lang=\"nl\">VORTEILE<\/span><\/strong><\/p>\n<ul>\n<li class=\"tw-data-text tw-text-large tw-ta\" dir=\"ltr\" data-placeholder=\"Vertaling\"><span class=\"Y2IQFc\" lang=\"nl\">Nimmt unten sehr wenig Platz weg <\/span><\/li>\n<li class=\"tw-data-text tw-text-large tw-ta\" dir=\"ltr\" data-placeholder=\"Vertaling\"><span class=\"Y2IQFc\" lang=\"nl\">Wetterfest f\u00fcr den Au\u00dfenbereich<\/span><\/li>\n<li class=\"tw-data-text tw-text-large tw-ta\" dir=\"ltr\" data-placeholder=\"Vertaling\"><span class=\"Y2IQFc\" lang=\"nl\">Keine Wartung <\/span><\/li>\n<li class=\"tw-data-text tw-text-large tw-ta\" dir=\"ltr\" data-placeholder=\"Vertaling\"><span class=\"Y2IQFc\" lang=\"nl\">Hochwertige Trittstufen aus feuerverzinktem Lochblech<\/span><\/li>\n<\/ul>","protected":false},"excerpt":{"rendered":"<p>WEERBESTENDIGE TRAP EENVOUDIG TE INSTALEREN TORONTO Wenteltrap van DOLLE uitgevoerd in metaal en geschikt voor zowel binnen- als buitengebruik. Ontworpen voor gemak, van het balkon tot de tuin die de kleinste ruimte in beslag neemt! De DOLLE Toronto is de ideale oplossing! Verkrijgbaar in 3 diameters: \u00d8125 en \u00d8155 voor een vloer tot vloer hoogte [&hellip;]<\/p>\n","protected":false},"featured_media":5759,"template":"","meta":{"_acf_changed":false},"product_brand":[],"product_cat":[1744,1851],"product_tag":[6486],"kleur":[],"productlijn":[],"kastbreedte":[],"kastlengte":[],"vl_pl_hoogte_a":[],"class_list":{"0":"post-6198","1":"product","2":"type-product","3":"status-publish","4":"has-post-thumbnail","6":"product_cat-hout-trappen","7":"product_cat-spiltrappen","8":"product_tag-dolle","9":"pa_beschrijving-toronto-trap-125-doorsnede","10":"pa_beschrijving-toronto-trap-155-doorsnede","11":"pa_beschrijving-toronto-trap-125-1-trede","12":"pa_beschrijving-toronto-trap-155-1-trede","13":"pa_beschrijving-toronto-trap-125-extra-balluster","14":"pa_beschrijving-toronto-trap-155-extra-balluster","15":"pa_beschrijving-toronto-trap-center-kolom","16":"pa_beschrijving-toronto-trap-balustrade-1m","17":"pa_beschrijving-toronto-trap-balustrade-1m-extentionkit","19":"first","20":"instock","21":"purchasable","22":"product-type-variable"},"acf":[],"_links":{"self":[{"href":"https:\/\/trappenstore.be\/de\/wp-json\/wp\/v2\/product\/6198","targetHints":{"allow":["GET"]}}],"collection":[{"href":"https:\/\/trappenstore.be\/de\/wp-json\/wp\/v2\/product"}],"about":[{"href":"https:\/\/trappenstore.be\/de\/wp-json\/wp\/v2\/types\/product"}],"wp:featuredmedia":[{"embeddable":true,"href":"https:\/\/trappenstore.be\/de\/wp-json\/wp\/v2\/media\/5759"}],"wp:attachment":[{"href":"https:\/\/trappenstore.be\/de\/wp-json\/wp\/v2\/media?parent=6198"}],"wp:term":[{"taxonomy":"product_brand","embeddable":true,"href":"https:\/\/trappenstore.be\/de\/wp-json\/wp\/v2\/product_brand?post=6198"},{"taxonomy":"product_cat","embeddable":true,"href":"https:\/\/trappenstore.be\/de\/wp-json\/wp\/v2\/product_cat?post=6198"},{"taxonomy":"product_tag","embeddable":true,"href":"https:\/\/trappenstore.be\/de\/wp-json\/wp\/v2\/product_tag?post=6198"},{"taxonomy":"kleur","embeddable":true,"href":"https:\/\/trappenstore.be\/de\/wp-json\/wp\/v2\/kleur?post=6198"},{"taxonomy":"productlijn","embeddable":true,"href":"https:\/\/trappenstore.be\/de\/wp-json\/wp\/v2\/productlijn?post=6198"},{"taxonomy":"kastbreedte","embeddable":true,"href":"https:\/\/trappenstore.be\/de\/wp-json\/wp\/v2\/kastbreedte?post=6198"},{"taxonomy":"kastlengte","embeddable":true,"href":"https:\/\/trappenstore.be\/de\/wp-json\/wp\/v2\/kastlengte?post=6198"},{"taxonomy":"vl_pl_hoogte_a","embeddable":true,"href":"https:\/\/trappenstore.be\/de\/wp-json\/wp\/v2\/vl_pl_hoogte_a?post=6198"}],"curies":[{"name":"wp","href":"https:\/\/api.w.org\/{rel}","templated":true}]}}