{"id":5617,"date":"2020-06-19T13:53:10","date_gmt":"2020-06-19T11:53:10","guid":{"rendered":"https:\/\/trappenstore.be\/product\/normandie-den\/"},"modified":"2026-03-16T14:28:50","modified_gmt":"2026-03-16T13:28:50","slug":"normandie-den","status":"publish","type":"product","link":"https:\/\/trappenstore.be\/de\/produkt\/normandie-den\/","title":{"rendered":"Normandie (H\u00f6hlen)"},"content":{"rendered":"<p id=\"tw-target-text\" class=\"tw-data-text tw-text-large tw-ta\" dir=\"ltr\" data-placeholder=\"Vertaling\"><span class=\"Y2IQFc\" lang=\"nl\"><strong>SEHR KOMFORTABEL UND VIELSEITIG<\/strong><\/span><\/p>\n<p class=\"tw-data-text tw-text-large tw-ta\" dir=\"ltr\" data-placeholder=\"Vertaling\"><span class=\"Y2IQFc\" lang=\"nl\">\u00a0Die DOLLE Normandie ist wie die anderen Platzsparer im Sortiment, jedoch mit noch breiteren und tieferen Stufen. In Kombination mit einem viel weicheren Winkel ist die Normandie eine sehr bequeme Treppe. Die Normandie ist sehr vielseitig und kann k\u00fcrzer und schmaler gemacht werden, sodass sie in einer Vielzahl von Situationen eingesetzt werden kann. Au\u00dferdem ist es in Viertellagen erh\u00e4ltlich. Kombinieren Sie die DOLLE Normandie, die zu Ihrem Zuhause passt, indem Sie zwischen Geradeaus, Vierteldrehung rechts oder Vierteldrehung links w\u00e4hlen. Passen Sie Ihren Stil an, indem Sie eine offene Treppe (ohne Setzstufen) oder eine geschlossene Treppe (mit Setzstufen) definieren. Die ausgew\u00e4hlten Holzarten sind f\u00fcr viele Einrichtungsstile geeignet und haben ein sch\u00f6nes Finish. Aber egal, ob Sie Ihre platzsparende Treppe in Fichte oder Buche w\u00fcnschen, sie kann auch lackiert, gebeizt oder gestrichen werden, um Ihr bestehendes Dekor zu erg\u00e4nzen.<\/span><\/p>\n<p class=\"tw-data-text tw-text-large tw-ta\" dir=\"ltr\" data-placeholder=\"Vertaling\"><strong><span class=\"Y2IQFc\" lang=\"nl\">BEREIT, IN DEN FARBEN BEMALT, BEINIGT ODER GEMALT ZU WERDEN, UM ZU IHREM HAUSDEKOR ZU PASSEN <\/span><\/strong><\/p>\n<p class=\"tw-data-text tw-text-large tw-ta\" dir=\"ltr\" data-placeholder=\"Vertaling\"><span class=\"Y2IQFc\" lang=\"nl\">Die Treppe wird mit einem sicheren Hand- und Kniegel\u00e4nder geliefert, das einen bequemen und sicheren Aufstieg erm\u00f6glicht. Die meisten haben nur Handl\u00e4ufe. Das Doppelgel\u00e4nder bietet zus\u00e4tzliche Sicherheit im Einsatz. Das Gel\u00e4nder kann auf der rechten oder linken Seite der Treppe montiert werden. F\u00fcr mehr Sicherheit und Finish sind die 14 bequemen Stufen \u2013 mit einer Tiefe von 19 cm \u2013 in den Seitenw\u00e4nden untergebracht. Erfordert eine Mindest\u00f6ffnung von 1,75 x 0,8 Metern. Stockwerk zu Stockwerk jede H\u00f6he bis zu 3,1 Meter. Lieferung in einer flachen Verpackung f\u00fcr einfache Lagerung und Transport und mit vollst\u00e4ndiger Anleitung f\u00fcr eine schnelle und einfache Montage. Die Normandie wurde mit 300 kg getestet. <\/span><\/p>\n<p class=\"tw-data-text tw-text-large tw-ta\" dir=\"ltr\" data-placeholder=\"Vertaling\"><span class=\"Y2IQFc\" lang=\"nl\"><strong>VORTEILE<\/strong><\/span><\/p>\n<ul>\n<li class=\"tw-data-text tw-text-large tw-ta\" dir=\"ltr\" data-placeholder=\"Vertaling\"><span class=\"Y2IQFc\" lang=\"nl\">Sehr bequeme Treppe zum Auf- und Absteigen <\/span><\/li>\n<li class=\"tw-data-text tw-text-large tw-ta\" dir=\"ltr\" data-placeholder=\"Vertaling\"><span class=\"Y2IQFc\" lang=\"nl\">Sehr vielseitig \u2013 einfache Weitenverstellung <\/span><\/li>\n<li class=\"tw-data-text tw-text-large tw-ta\" dir=\"ltr\" data-placeholder=\"Vertaling\"><span class=\"Y2IQFc\" lang=\"nl\">Lieferung mit sicherer Hand- und Knieauflage<\/span><\/li>\n<li dir=\"ltr\" data-placeholder=\"Vertaling\">Fertig zum Lackieren, Beizen oder Malen, um Ihr vorhandenes Dekor zu erg\u00e4nzen<\/li>\n<li dir=\"ltr\" data-placeholder=\"Vertaling\">Einfache und schnelle Installation ohne Verwendung von Spezialwerkzeugen<\/li>\n<\/ul>","protected":false},"excerpt":{"rendered":"<p>ZEER COMFORTABEL EN VEELZIJDIG \u00a0De DOLLE Normandie is net als de andere ruimtebespaarders in het assortiment, maar met nog bredere en diepere treden. Door dit te combineren met een veel zachtere hoek, is de Normandie een zeer comfortabele trap om te gebruiken. De Normandie is zeer veelzijdig en kan korter en smaller worden gemaakt, wat [&hellip;]<\/p>\n","protected":false},"featured_media":5619,"template":"","meta":{"_acf_changed":false},"product_brand":[],"product_cat":[1744,1809],"product_tag":[6486],"kleur":[],"productlijn":[],"kastbreedte":[],"kastlengte":[],"vl_pl_hoogte_a":[],"class_list":{"0":"post-5617","1":"product","2":"type-product","3":"status-publish","4":"has-post-thumbnail","6":"product_cat-hout-trappen","7":"product_cat-molenaarstrappen","8":"product_tag-dolle","9":"product_shipping_class-extra-lang","10":"pa_beschrijving-normandie-den-rechte-trap","11":"pa_beschrijving-normandie-den-1-4-draai-rechts","12":"pa_beschrijving-normandie-den-1-4-draai-links","13":"pa_beschrijving-normandie-den-tegentreden-rechte-trap","14":"pa_beschrijving-normandie-den-tegentreden-1-4-draai","15":"pa_beschrijving-normandie-den-leuning","17":"first","18":"instock","19":"purchasable","20":"product-type-variable"},"acf":[],"_links":{"self":[{"href":"https:\/\/trappenstore.be\/de\/wp-json\/wp\/v2\/product\/5617","targetHints":{"allow":["GET"]}}],"collection":[{"href":"https:\/\/trappenstore.be\/de\/wp-json\/wp\/v2\/product"}],"about":[{"href":"https:\/\/trappenstore.be\/de\/wp-json\/wp\/v2\/types\/product"}],"wp:featuredmedia":[{"embeddable":true,"href":"https:\/\/trappenstore.be\/de\/wp-json\/wp\/v2\/media\/5619"}],"wp:attachment":[{"href":"https:\/\/trappenstore.be\/de\/wp-json\/wp\/v2\/media?parent=5617"}],"wp:term":[{"taxonomy":"product_brand","embeddable":true,"href":"https:\/\/trappenstore.be\/de\/wp-json\/wp\/v2\/product_brand?post=5617"},{"taxonomy":"product_cat","embeddable":true,"href":"https:\/\/trappenstore.be\/de\/wp-json\/wp\/v2\/product_cat?post=5617"},{"taxonomy":"product_tag","embeddable":true,"href":"https:\/\/trappenstore.be\/de\/wp-json\/wp\/v2\/product_tag?post=5617"},{"taxonomy":"kleur","embeddable":true,"href":"https:\/\/trappenstore.be\/de\/wp-json\/wp\/v2\/kleur?post=5617"},{"taxonomy":"productlijn","embeddable":true,"href":"https:\/\/trappenstore.be\/de\/wp-json\/wp\/v2\/productlijn?post=5617"},{"taxonomy":"kastbreedte","embeddable":true,"href":"https:\/\/trappenstore.be\/de\/wp-json\/wp\/v2\/kastbreedte?post=5617"},{"taxonomy":"kastlengte","embeddable":true,"href":"https:\/\/trappenstore.be\/de\/wp-json\/wp\/v2\/kastlengte?post=5617"},{"taxonomy":"vl_pl_hoogte_a","embeddable":true,"href":"https:\/\/trappenstore.be\/de\/wp-json\/wp\/v2\/vl_pl_hoogte_a?post=5617"}],"curies":[{"name":"wp","href":"https:\/\/api.w.org\/{rel}","templated":true}]}}