{"id":5535,"date":"2020-06-19T13:50:41","date_gmt":"2020-06-19T11:50:41","guid":{"rendered":"https:\/\/trappenstore.be\/product\/dolle-loft-sw56-4\/"},"modified":"2025-05-10T02:00:36","modified_gmt":"2025-05-10T00:00:36","slug":"dolle-loft-sw56-4","status":"publish","type":"product","link":"https:\/\/trappenstore.be\/de\/produkt\/dolle-loft-sw56-4\/","title":{"rendered":"Dolle Loft SW64-4 Sonderanfertigung"},"content":{"rendered":"<section class=\"description\">\n<p style=\"text-align: left;\"><span style=\"color: #993300;\"><strong>\u00dcBERPR\u00dcFEN SIE DIE LUFTLECKS IN IHREM ZUHAUSE<\/strong><\/span><br \/>\nDie Dampfsperre mit TwinActive-Folie dichtet Ihr Produkt f\u00fcr optimale W\u00e4rmed\u00e4mmung ab. Einfach zu beheben.<\/p>\n<\/section>\n<section class=\"description\">\n<p style=\"text-align: left;\"><span style=\"color: #993300;\"><strong>OPTIONALES ZUBEH\u00d6R<\/strong><\/span><br \/>\nKunststofff\u00fc\u00dfe, Zargen und Handl\u00e4ufe sind nicht im Lieferumfang enthalten.<\/p>\n<section class=\"description\">\n<p style=\"text-align: left;\"><span style=\"color: #993300;\"><strong>VORTEILE<\/strong><\/span><\/p>\n<ul>\n<li>Komplett bereit zum Posten<\/li>\n<li>Einfache und schnelle Installation<\/li>\n<li>Durchgehende Abdichtung um das Geh\u00e4use herum, um W\u00e4rmeverluste zu reduzieren<\/li>\n<li>Luftdichtheitsklasse 4 nach DIN EN 12207<\/li>\n<li>Hergestellt nach DIN EN 149<\/li>\n<\/ul>\n<\/section>\n<\/section>","protected":false},"excerpt":{"rendered":"<p>CONTROLEER DE LUCHTLEKKAGE IN UW HUIS Het dampscherm met TwinActive-folie sluit uw product af voor een optimale warmte-isolatie. Eenvoudig te bevestigen. OPTIONELE ACCESSOIRES Kunststof voeten, architraven en leuningen worden niet standaard meegeleverd. VOORDELEN Volledig klaar om te plaatsen Eenvoudige en snelle installatie Doorlopende afdichting rond de behuizing om warmteverlies te verminderen Luchtdicht klasse 4 volgens [&hellip;]<\/p>\n","protected":false},"featured_media":13781,"template":"","meta":{"_acf_changed":false},"product_brand":[],"product_cat":[1744,1745],"product_tag":[6486],"kleur":[],"productlijn":[],"kastbreedte":[6996],"kastlengte":[6997],"vl_pl_hoogte_a":[],"class_list":{"0":"post-5535","1":"product","2":"type-product","3":"status-publish","4":"has-post-thumbnail","6":"product_cat-hout-trappen","7":"product_cat-zoldertrappen","8":"product_tag-dolle","9":"pa_beschrijving-dolle-loft-sw56-4-maatwerk","10":"pa_beschrijving-kasthoogte-1901cm-tot-max-80c","11":"pa_beschrijving-extra-trede-in-kast","12":"pa_beschrijving-voorboring-cilinderslot","13":"kastbreedte-andere-maat","14":"kastlengte-andere-maat","16":"first","17":"instock","18":"purchasable","19":"product-type-variable"},"acf":[],"_links":{"self":[{"href":"https:\/\/trappenstore.be\/de\/wp-json\/wp\/v2\/product\/5535","targetHints":{"allow":["GET"]}}],"collection":[{"href":"https:\/\/trappenstore.be\/de\/wp-json\/wp\/v2\/product"}],"about":[{"href":"https:\/\/trappenstore.be\/de\/wp-json\/wp\/v2\/types\/product"}],"wp:featuredmedia":[{"embeddable":true,"href":"https:\/\/trappenstore.be\/de\/wp-json\/wp\/v2\/media\/13781"}],"wp:attachment":[{"href":"https:\/\/trappenstore.be\/de\/wp-json\/wp\/v2\/media?parent=5535"}],"wp:term":[{"taxonomy":"product_brand","embeddable":true,"href":"https:\/\/trappenstore.be\/de\/wp-json\/wp\/v2\/product_brand?post=5535"},{"taxonomy":"product_cat","embeddable":true,"href":"https:\/\/trappenstore.be\/de\/wp-json\/wp\/v2\/product_cat?post=5535"},{"taxonomy":"product_tag","embeddable":true,"href":"https:\/\/trappenstore.be\/de\/wp-json\/wp\/v2\/product_tag?post=5535"},{"taxonomy":"kleur","embeddable":true,"href":"https:\/\/trappenstore.be\/de\/wp-json\/wp\/v2\/kleur?post=5535"},{"taxonomy":"productlijn","embeddable":true,"href":"https:\/\/trappenstore.be\/de\/wp-json\/wp\/v2\/productlijn?post=5535"},{"taxonomy":"kastbreedte","embeddable":true,"href":"https:\/\/trappenstore.be\/de\/wp-json\/wp\/v2\/kastbreedte?post=5535"},{"taxonomy":"kastlengte","embeddable":true,"href":"https:\/\/trappenstore.be\/de\/wp-json\/wp\/v2\/kastlengte?post=5535"},{"taxonomy":"vl_pl_hoogte_a","embeddable":true,"href":"https:\/\/trappenstore.be\/de\/wp-json\/wp\/v2\/vl_pl_hoogte_a?post=5535"}],"curies":[{"name":"wp","href":"https:\/\/api.w.org\/{rel}","templated":true}]}}