{"id":5527,"date":"2020-06-19T13:50:11","date_gmt":"2020-06-19T11:50:11","guid":{"rendered":"https:\/\/trappenstore.be\/product\/dolle-loft-sw56-3\/"},"modified":"2026-03-16T14:28:52","modified_gmt":"2026-03-16T13:28:52","slug":"dolle-loft-sw56-3","status":"publish","type":"product","link":"https:\/\/trappenstore.be\/de\/produkt\/dolle-loft-sw56-3\/","title":{"rendered":"Verr\u00fccktes Loft SW64-4"},"content":{"rendered":"<p>Bei der Dachbodentreppe DOLLE SW64-4, ehemals SW56-4, mit Oberd\u00e4mmung handelt es sich um eine 3-teilige Falttreppe, sodass weder Stehh\u00f6he noch Stauraum im Dachgeschoss erforderlich sind. Vollst\u00e4ndig montiert, um eine einfache und schnelle Installation zu gew\u00e4hrleisten.<\/p>\n<p>ROBUSTE UND TOP-INDULIERENDE TREPPENT\u00dcR VON 64 MM.<\/p>\n<p>Das wei\u00dfe Geh\u00e4use ist mit einer H\u00f6he von 19 cm robust. Die Holme und Stufen der 3-teiligen Leiter bestehen aus massivem Holz. Diese Dachbodentreppe aus Holz ist besonders hochwertig gestaltet und verf\u00fcgt \u00fcber rutschfeste Stufen f\u00fcr zus\u00e4tzliche Sicherheit.<br \/>\nMit einem Zugluftstopper im Geh\u00e4use und einer Luke mit 58 mm Super-EPS-Isolierung verhindern Sie Zugluft und W\u00e4rmeverlust. Mit dieser Dachbodenleiter sorgen Sie f\u00fcr reduzierte K\u00e4ltebr\u00fccken im Schrank und in der Durchreiche. Aufgrund der hervorragenden D\u00e4mmwerte eignet sich diese Dachbodenleiter sehr gut f\u00fcr niedrige bis unbebaute Dachb\u00f6den oder einen selten genutzten Dachraum.<\/p>\n<p>VOLLST\u00c4NDIG MONTIERT, UM EINE SEHR EINFACHE INSTALLATION ZU GEW\u00c4HRLEISTEN.<\/p>\n<p>Erh\u00e4ltlich in vielen Standardgr\u00f6\u00dfen und auch individuelle Anpassungen sind m\u00f6glich. Sch\u00f6nes Finish mit wei\u00dfem Verschluss. Rutschfeste Stufen f\u00fcr zus\u00e4tzliche Sicherheit. Geh\u00e4use mit Zugluftleiste f\u00fcr besonders gute Abdichtung. Architraven inklusive. Leitermontiert f\u00fcr einfache und schnelle Installation.<\/p>","protected":false},"excerpt":{"rendered":"<p>De zoldertrap DOLLE SW64-4, voorheen de SW56-4, met top-isolatie is een 3-delige vouwtrap, waardoor er op zolder geen stahoogte of bergruimte nodig is. Volledig gemonteerd om een \u200b\u200beenvoudige en snelle installatie te garanderen. ROBUUST EN TOP-INDULEREND TRAPDOOR VAN 64 MM. De witte behuizing is robuust met een hoogte van 19 cm. De snaren en treden [&hellip;]<\/p>\n","protected":false},"featured_media":5529,"template":"","meta":{"_acf_changed":false},"product_brand":[],"product_cat":[1744,1745],"product_tag":[6486],"kleur":[],"productlijn":[],"kastbreedte":[6405],"kastlengte":[6472,6402,6408,6403],"vl_pl_hoogte_a":[],"class_list":{"0":"post-5527","1":"product","2":"type-product","3":"status-publish","4":"has-post-thumbnail","6":"product_cat-hout-trappen","7":"product_cat-zoldertrappen","8":"product_tag-dolle","9":"pa_beschrijving-sw56-4-120x70","10":"pa_beschrijving-sw56-4-130x70","11":"pa_beschrijving-sw56-4-140x70","12":"pa_beschrijving-sw56-4-112x70","13":"kastbreedte-70-cm","14":"kastlengte-112-cm","15":"kastlengte-120-cm","16":"kastlengte-130-cm","17":"kastlengte-140-cm","19":"first","20":"instock","21":"purchasable","22":"product-type-variable"},"acf":[],"_links":{"self":[{"href":"https:\/\/trappenstore.be\/de\/wp-json\/wp\/v2\/product\/5527","targetHints":{"allow":["GET"]}}],"collection":[{"href":"https:\/\/trappenstore.be\/de\/wp-json\/wp\/v2\/product"}],"about":[{"href":"https:\/\/trappenstore.be\/de\/wp-json\/wp\/v2\/types\/product"}],"wp:featuredmedia":[{"embeddable":true,"href":"https:\/\/trappenstore.be\/de\/wp-json\/wp\/v2\/media\/5529"}],"wp:attachment":[{"href":"https:\/\/trappenstore.be\/de\/wp-json\/wp\/v2\/media?parent=5527"}],"wp:term":[{"taxonomy":"product_brand","embeddable":true,"href":"https:\/\/trappenstore.be\/de\/wp-json\/wp\/v2\/product_brand?post=5527"},{"taxonomy":"product_cat","embeddable":true,"href":"https:\/\/trappenstore.be\/de\/wp-json\/wp\/v2\/product_cat?post=5527"},{"taxonomy":"product_tag","embeddable":true,"href":"https:\/\/trappenstore.be\/de\/wp-json\/wp\/v2\/product_tag?post=5527"},{"taxonomy":"kleur","embeddable":true,"href":"https:\/\/trappenstore.be\/de\/wp-json\/wp\/v2\/kleur?post=5527"},{"taxonomy":"productlijn","embeddable":true,"href":"https:\/\/trappenstore.be\/de\/wp-json\/wp\/v2\/productlijn?post=5527"},{"taxonomy":"kastbreedte","embeddable":true,"href":"https:\/\/trappenstore.be\/de\/wp-json\/wp\/v2\/kastbreedte?post=5527"},{"taxonomy":"kastlengte","embeddable":true,"href":"https:\/\/trappenstore.be\/de\/wp-json\/wp\/v2\/kastlengte?post=5527"},{"taxonomy":"vl_pl_hoogte_a","embeddable":true,"href":"https:\/\/trappenstore.be\/de\/wp-json\/wp\/v2\/vl_pl_hoogte_a?post=5527"}],"curies":[{"name":"wp","href":"https:\/\/api.w.org\/{rel}","templated":true}]}}