{"id":13635,"date":"2024-01-26T14:11:47","date_gmt":"2024-01-26T13:11:47","guid":{"rendered":"https:\/\/trappenstore.be\/?post_type=product&#038;p=13635"},"modified":"2024-01-26T14:22:52","modified_gmt":"2024-01-26T13:22:52","slug":"dolle-rei-60-brandwerend-3-delig-maatwerk","status":"publish","type":"product","link":"https:\/\/trappenstore.be\/de\/produkt\/dolle-rei-60-brandwerend-3-delig-maatwerk\/","title":{"rendered":"Dolle Rei 60 Feuerbest\u00e4ndiges 3-teiliges Modell nach Ma\u00df"},"content":{"rendered":"<h4><span style=\"color: #993300;\">DOLLE FEUERBEST\u00c4NDIGE DACHBODENLEITER<\/span><\/h4>\n<p>DOLLE REI 60 ist 60 Minuten lang feuerbest\u00e4ndig und entspricht EN 13501-2. Die Luke ist mit einer 50 mm starken Steinwollplatte isoliert, die aus nicht brennbarer, feuchtigkeits- und wasserabweisender Rockwool-Steinwolle besteht. Die Luke hat eine sch\u00f6ne Oberfl\u00e4che aus wei\u00dfer HDF-Platte mit versteckten Scharnieren und verf\u00fcgt \u00fcber ein hochwertiges Schloss. Die DOLLE REI 60 Loft-Leiter besteht aus stabilem Qualit\u00e4tskiefernholz mit 12 rutschfesten Buchenstufen und schwarzen rutschfesten Kunststofff\u00fc\u00dfen zum Schutz des Bodens. Das 19 cm hohe Geh\u00e4use ist mit Dichtungsstreifen ausgestattet, um W\u00e4rmeverluste zu verhindern. Die Holzleiter ist einfach zu bedienen, hochwertig, stabil und einfach zu bedienen.<\/p>\n<h4><span style=\"color: #993300;\">DIE BODENLEITER ALS FEUERBEST\u00c4NDIGES TEIL \u2013 DOLLE REI 60<\/span><\/h4>\n<p>Es ist wichtig, dass ein Haus so gebaut wird, dass die Bausubstanz im Brandfall kurzzeitig gesch\u00fctzt ist. Baurechtliche Vorschriften stellen daher verschiedene Anforderungen an die Feuerbest\u00e4ndigkeit von Bauteilen in einem Geb\u00e4ude oder Wohnhaus. Deshalb pr\u00fcfen wir unsere feuerbest\u00e4ndigen Treppen nach den h\u00f6chsten Standards in Europa und sie entsprechen der EN 13501-2. DOLLE REI 45 hat eine Feuerwiderstandsdauer von 60 Minuten.<\/p>\n<p>Eine feuerbest\u00e4ndige Treppe wird in einem Brandversuch gepr\u00fcft, bei dem die Treppe in eine Brennkammer eingebaut und einer realen Brandsituation ausgesetzt wird. DOLLE-Feuerschutzleitern wurden nach dem neuen gemeinsamen europ\u00e4ischen Verfahren zur Pr\u00fcfung des Feuerwiderstands von Bauteilen REI gepr\u00fcft. Die feuerbest\u00e4ndigen Treppen DOLLE REI 60 wurden am Institut MPA Braunschweig in Deutschland getestet.<\/p>\n<h4><span style=\"color: #993300;\">FEUERBEST\u00c4NDIGE LOFTLEITER VON DOLLE REI 60 \u2013 NEUE EUROP\u00c4ISCHE FEUERKLASSE EN 13501-2<\/span><\/h4>\n<p>F\u00fcr die feuerbest\u00e4ndige Dachbodentreppe werden die neuen europ\u00e4ischen Brandschutzanforderungen beschrieben:<\/p>\n<p>R (Widerstand) Tragf\u00e4higkeit im Brandfall.<\/p>\n<p>E (Integrit\u00e4t) F\u00e4higkeit, Flammen und Gase fernzuhalten.<\/p>\n<p>I (Isolierung) F\u00e4higkeit, drau\u00dfen warm zu bleiben.<\/p>\n<p>Nach der Klassifizierung gibt der DOLLE REI 60 an, f\u00fcr welchen Zeitraum die Dachbodentreppe feuerbest\u00e4ndig ist, sodass die feuerbest\u00e4ndige Dachbodentreppe f\u00fcr 60 Minuten brandsicher ist.<\/p>\n<p>Alle DOLLE Dachbodentreppen sind nach EN 14975 gepr\u00fcft.<\/p>\n<h4><span style=\"color: #993300;\">Vorteile:<\/span><\/h4>\n<ul>\n<li>Dachbodenleiter in Top-Qualit\u00e4t<\/li>\n<li>H\u00e4lt Feuer 60 Minuten lang stand<\/li>\n<li>Entspricht EN 13501-2 Zulassung f\u00fcr feuerbest\u00e4ndige Dachbodenleitern<\/li>\n<li>Sch\u00f6nes Finish in Wei\u00df mit versteckten Scharnieren<\/li>\n<\/ul>","protected":false},"excerpt":{"rendered":"<p>BRANDBESTENDIGE ZOLDERLADDER VAN DOLLE DOLLE REI 60 is 60 minuten\u00a0 brandwerend en voldoet aan EN 13501-2. Het luik is ge\u00efsoleerd met 50 mm steenwolplaat, die is gemaakt van onbrandbare, vocht- en waterafstotende Rockwool steenwol. Het luik heeft een mooie afwerking in witte HDF plaat met verborgen scharnieren en heeft een hoogwaardig slot. De DOLLE REI [&hellip;]<\/p>\n","protected":false},"featured_media":12516,"template":"","meta":{"_acf_changed":false},"product_brand":[],"product_cat":[1744,1745],"product_tag":[6486],"kleur":[],"productlijn":[],"kastbreedte":[6996],"kastlengte":[6997],"vl_pl_hoogte_a":[],"class_list":{"0":"post-13635","1":"product","2":"type-product","3":"status-publish","4":"has-post-thumbnail","6":"product_cat-hout-trappen","7":"product_cat-zoldertrappen","8":"product_tag-dolle","9":"pa_beschrijving-dolle-rei-45-brandwerend-3-delig-mw","10":"pa_beschrijving-dolle-rei-45-brandwerend-3-delig-mw-kasthoogte-19","11":"pa_beschrijving-dolle-rei-45-brandwerend-3-delig-mw-extentionkit","12":"pa_beschrijving-dolle-rei-45-brandwerend-3-delig-mw-voorboring-cilinderslot","13":"kastbreedte-andere-maat","14":"kastlengte-andere-maat","16":"first","17":"onbackorder","18":"purchasable","19":"product-type-simple"},"acf":[],"_links":{"self":[{"href":"https:\/\/trappenstore.be\/de\/wp-json\/wp\/v2\/product\/13635","targetHints":{"allow":["GET"]}}],"collection":[{"href":"https:\/\/trappenstore.be\/de\/wp-json\/wp\/v2\/product"}],"about":[{"href":"https:\/\/trappenstore.be\/de\/wp-json\/wp\/v2\/types\/product"}],"wp:featuredmedia":[{"embeddable":true,"href":"https:\/\/trappenstore.be\/de\/wp-json\/wp\/v2\/media\/12516"}],"wp:attachment":[{"href":"https:\/\/trappenstore.be\/de\/wp-json\/wp\/v2\/media?parent=13635"}],"wp:term":[{"taxonomy":"product_brand","embeddable":true,"href":"https:\/\/trappenstore.be\/de\/wp-json\/wp\/v2\/product_brand?post=13635"},{"taxonomy":"product_cat","embeddable":true,"href":"https:\/\/trappenstore.be\/de\/wp-json\/wp\/v2\/product_cat?post=13635"},{"taxonomy":"product_tag","embeddable":true,"href":"https:\/\/trappenstore.be\/de\/wp-json\/wp\/v2\/product_tag?post=13635"},{"taxonomy":"kleur","embeddable":true,"href":"https:\/\/trappenstore.be\/de\/wp-json\/wp\/v2\/kleur?post=13635"},{"taxonomy":"productlijn","embeddable":true,"href":"https:\/\/trappenstore.be\/de\/wp-json\/wp\/v2\/productlijn?post=13635"},{"taxonomy":"kastbreedte","embeddable":true,"href":"https:\/\/trappenstore.be\/de\/wp-json\/wp\/v2\/kastbreedte?post=13635"},{"taxonomy":"kastlengte","embeddable":true,"href":"https:\/\/trappenstore.be\/de\/wp-json\/wp\/v2\/kastlengte?post=13635"},{"taxonomy":"vl_pl_hoogte_a","embeddable":true,"href":"https:\/\/trappenstore.be\/de\/wp-json\/wp\/v2\/vl_pl_hoogte_a?post=13635"}],"curies":[{"name":"wp","href":"https:\/\/api.w.org\/{rel}","templated":true}]}}