{"id":13545,"date":"2024-01-08T12:15:06","date_gmt":"2024-01-08T11:15:06","guid":{"rendered":"https:\/\/trappenstore.be\/?post_type=product&#038;p=13545"},"modified":"2025-05-10T02:00:19","modified_gmt":"2025-05-10T00:00:19","slug":"dolle-loft-clickfixvario-maatwerk","status":"publish","type":"product","link":"https:\/\/trappenstore.be\/de\/produkt\/dolle-loft-clickfixvario-maatwerk\/","title":{"rendered":"Mad Loft clickFIX<sup>\u00ae<\/sup>Vario-Anpassung"},"content":{"rendered":"<section>\n<section><span style=\"color: #993300;\"><strong>ALUMINIUM-SCHERELEITER<\/strong><\/span><\/section>\n<section>Die DOLLE clickFIX\u00ae Vario ist eine Dachbodenleiter mit Scherenleiter, die eine Dachbodenh\u00f6he von bis zu 415 cm erreichen kann. Zus\u00e4tzlich zur erweiterten Dachbodenh\u00f6he wurde der clickFIX\u00ae Vario konzipiert, um dem Bed\u00fcrfnis nach mehr Sicherheit, einfacher Leiterhandhabung und mehr Komfort beim Aufstieg auf diese H\u00f6he gerecht zu werden. Die aus Aluminium gefertigte Scherenleiter l\u00e4sst sich leicht ausziehen und zusammenklappen. F\u00fcr zus\u00e4tzliche Sicherheit ist die Leiter mit tiefen Stufen ausgestattet, was sowohl Komfort als auch Sicherheit garantiert. F\u00fcgen Sie 2 VARIO-Teleskophandl\u00e4ufe hinzu, wenn diese f\u00fcr zus\u00e4tzliche Sicherheit und Komfort auf beiden Seiten der Leiter angebracht werden m\u00fcssen.<\/section>\n<\/section>\n<section>\n<section><\/section>\n<section><span style=\"color: #993300;\"><strong>H\u00d6HE<\/strong><\/span><\/section>\n<section>Die DOLLE clickFIX\u00ae Vario ist die EINZIGE Treppe in unserem Sortiment, die bis zu einer H\u00f6he von 4,15 m reicht.<\/section>\n<\/section>\n<section>\n<section><\/section>\n<section class=\"description\"><span style=\"color: #993300;\"><strong>DIE BESTE ISOLIERTE LEITER AUF DEM MARKT<\/strong><\/span><\/section>\n<section>Die clickFIX\u00ae 76G hat im Vergleich zu anderen Treppen auf dem Markt einen sehr niedrigen U-Wert. Sicher, weil alle unsere clickFIX\u00ae Dachbodentreppen als Bauelemente wie T\u00fcren und Fenster gepr\u00fcft sind.<\/section>\n<\/section>\n<section class=\"description\"><span style=\"color: #993300;\"><strong><br \/>\nSEHR EINFACH ZU INSTALLIEREN F\u00dcR PROFIS UND Heimwerker<\/strong><\/span><\/section>\n<section class=\"description\">Durch sein geringes Gewicht und die patentierte Befestigungstechnik mit Klickmodulen l\u00e4sst sich clickFIX\u00ae auch problemlos von einer Person montieren. Ganz einfach das 240 mm hohe Geh\u00e4use ausrichten, anschrauben, Luke und Leiterteil einklicken und an die Raumh\u00f6he anpassen, fertig. So entsteht eine perfekt luftdichte Verlegung Hochwertige Dachbodentreppen bilden den \u00dcbergang vom Wohnbereich zum Dachboden. Neben einer einfachen und sicheren Montage verhindert der clickFIX\u00ae auch Energieverluste und verhindert das Entweichen warmer Luft aus dem Wohnraum. Der patentierte DOLLE clickFIX\u00ae 76G erf\u00fcllt alle Anforderungen in einem System: Durch den modularen Aufbau und die einfache Montage sowie hervorragende D\u00e4mmeigenschaften hat diese Treppe einen Bauteil-U-Wert von 0,49 W\/m\u00b2K.<\/p>\n<p style=\"text-align: left;\"><span style=\"color: #993300;\"><strong>CPL-BESCHICHTUNG F\u00dcR EINE SEHR LANGE LEBENSDAUER<\/strong><\/span><span class=\"Y2IQFc\" lang=\"nl\"><br \/>\nDie 76 mm dicke Luke des DOLLE clickFIX\u00ae 76G h\u00e4lt die W\u00e4rme effizient im Wohnbereich und ist zudem CPL-beschichtet. Mit diesem besonders robusten Laminat ist die Luke deutlich verschlei\u00dffester, kratz- und schlagfester als andere Oberfl\u00e4chen. Das Geheimnis liegt in der Deckschicht, die aus Melaminharz besteht. Es ist best\u00e4ndig gegen leichte Kratzer und normalen Schmutz, es ist l\u00f6sungsmittel- und hitzebest\u00e4ndig, wischfest und leicht zu reinigen. Durch die Luke bleibt es lange strahlend wei\u00df, da Verunreinigungen leicht entfernt werden k\u00f6nnen. Dar\u00fcber hinaus sind CPL-Oberfl\u00e4chen farbecht und lichtecht und dunkeln daher mit der Zeit nicht nach, sodass sich der Rollladen nicht nur dezent in die Decke einf\u00fcgt, sondern auch noch in makellosem Zustand bleibt.<\/span><\/p>\n<\/section>\n<section class=\"description\">\n<p style=\"text-align: left;\"><span style=\"color: #993300;\"><strong>\u00dcBERPR\u00dcFEN SIE DIE LUFTLECKS IN IHREM ZUHAUSE<\/strong><\/span><br \/>\nDie Dampfsperre mit TwinActive-Folie dichtet Ihr Produkt f\u00fcr optimale W\u00e4rmed\u00e4mmung ab. Einfach zu beheben.<\/p>\n<\/section>\n<section class=\"description\">\n<p style=\"text-align: left;\"><span style=\"color: #993300;\"><strong>OPTIONALES ZUBEH\u00d6R<\/strong><\/span><br \/>\nKunststofff\u00fc\u00dfe, Zargen und Gel\u00e4nder werden standardm\u00e4\u00dfig mitgeliefert.<\/p>\n<section class=\"description\">\n<p style=\"text-align: left;\"><span style=\"color: #993300;\"><strong>VORTEILE<\/strong><\/span><\/p>\n<ul>\n<li>Einfacher Installationsprozess f\u00fcr 1 Person<\/li>\n<li>Leicht und einfach zu bedienen, inklusive Handlauf<\/li>\n<li>10 Jahre Garantie<\/li>\n<li><strong>Die beste Leiter auf dem Markt<\/strong><\/li>\n<li>Energieeffizient mit einem U-Wert von 0,49 W\/m\u00b2K.<\/li>\n<\/ul>\n<\/section>\n<\/section>","protected":false},"excerpt":{"rendered":"<p>ALUMINIUM SCHAARLADDER De DOLLE clickFIX\u00ae Vario is een zoldertrap met schaarladder die een zolderhoogte tot 415 cm kan bereiken. Naast de verlengde zolderhoogte is de clickFIX\u00ae Vario ontworpen om tegemoet te komen aan de behoefte aan meer veiligheid, eenvoudige ladderhantering en meer comfort bij het betreden van deze hoogte. De schaarladder, gemaakt van aluminium, is [&hellip;]<\/p>\n","protected":false},"featured_media":13546,"template":"","meta":{"_acf_changed":false},"product_brand":[],"product_cat":[1744,1745,6998],"product_tag":[6486,6999],"kleur":[],"productlijn":[],"kastbreedte":[6996],"kastlengte":[6997],"vl_pl_hoogte_a":[],"class_list":{"0":"post-13545","1":"product","2":"type-product","3":"status-publish","4":"has-post-thumbnail","6":"product_cat-hout-trappen","7":"product_cat-zoldertrappen","8":"product_cat-exporttrappen","9":"product_tag-dolle","10":"product_tag-hout-en-trappen","11":"kastbreedte-andere-maat","12":"kastlengte-andere-maat","14":"first","15":"onbackorder","16":"purchasable","17":"product-type-simple"},"acf":[],"_links":{"self":[{"href":"https:\/\/trappenstore.be\/de\/wp-json\/wp\/v2\/product\/13545","targetHints":{"allow":["GET"]}}],"collection":[{"href":"https:\/\/trappenstore.be\/de\/wp-json\/wp\/v2\/product"}],"about":[{"href":"https:\/\/trappenstore.be\/de\/wp-json\/wp\/v2\/types\/product"}],"wp:featuredmedia":[{"embeddable":true,"href":"https:\/\/trappenstore.be\/de\/wp-json\/wp\/v2\/media\/13546"}],"wp:attachment":[{"href":"https:\/\/trappenstore.be\/de\/wp-json\/wp\/v2\/media?parent=13545"}],"wp:term":[{"taxonomy":"product_brand","embeddable":true,"href":"https:\/\/trappenstore.be\/de\/wp-json\/wp\/v2\/product_brand?post=13545"},{"taxonomy":"product_cat","embeddable":true,"href":"https:\/\/trappenstore.be\/de\/wp-json\/wp\/v2\/product_cat?post=13545"},{"taxonomy":"product_tag","embeddable":true,"href":"https:\/\/trappenstore.be\/de\/wp-json\/wp\/v2\/product_tag?post=13545"},{"taxonomy":"kleur","embeddable":true,"href":"https:\/\/trappenstore.be\/de\/wp-json\/wp\/v2\/kleur?post=13545"},{"taxonomy":"productlijn","embeddable":true,"href":"https:\/\/trappenstore.be\/de\/wp-json\/wp\/v2\/productlijn?post=13545"},{"taxonomy":"kastbreedte","embeddable":true,"href":"https:\/\/trappenstore.be\/de\/wp-json\/wp\/v2\/kastbreedte?post=13545"},{"taxonomy":"kastlengte","embeddable":true,"href":"https:\/\/trappenstore.be\/de\/wp-json\/wp\/v2\/kastlengte?post=13545"},{"taxonomy":"vl_pl_hoogte_a","embeddable":true,"href":"https:\/\/trappenstore.be\/de\/wp-json\/wp\/v2\/vl_pl_hoogte_a?post=13545"}],"curies":[{"name":"wp","href":"https:\/\/api.w.org\/{rel}","templated":true}]}}