{"id":12813,"date":"2021-11-23T10:46:23","date_gmt":"2021-11-23T09:46:23","guid":{"rendered":"https:\/\/trappenstore.be\/?post_type=product&#038;p=12813"},"modified":"2025-08-04T14:40:26","modified_gmt":"2025-08-04T12:40:26","slug":"dolle-loft-clickfixthermo-comfort-maatwerk","status":"publish","type":"product","link":"https:\/\/trappenstore.be\/de\/produkt\/dolle-loft-clickfixthermo-comfort-maatwerk\/","title":{"rendered":"Mad Loft clickFIX<sup>\u00ae<\/sup>Komfortanpassung"},"content":{"rendered":"<h4><span style=\"color: #993300;\">UNTERE STUFEN, TELESKOPHANDLAUF UND FEDERMECHANISMUS<\/span><\/h4>\n<p id=\"tw-target-text\" class=\"tw-data-text tw-text-large tw-ta\" dir=\"ltr\" data-placeholder=\"Vertaling\"><span class=\"Y2IQFc\" lang=\"nl\">F\u00fcr mehr Komfort und Sicherheit sind die Stufen des DOLLE clickFIX\u00ae comfort besonders tief ausgef\u00fchrt. Sie sind 13 cm tief und bieten somit eine sehr sichere Oberfl\u00e4che. Der Teleskop-Handlauf bietet sicheren Halt beim Auf- und Absteigen. Auf Wunsch kann als Zubeh\u00f6r ein zweiter Handlauf bestellt werden. Der DOLLE clickFIX\u00ae comfort ist einfach und komfortabel zu bedienen. Ein Federmechanismus macht das Auf- und Aufklappen buchst\u00e4blich federleicht.<\/span><\/p>\n<h4><span style=\"color: #993300;\">HOCHISOLIERTE LOFTLEITER MIT METALLLEITER<\/span><\/h4>\n<p id=\"tw-target-text\" class=\"tw-data-text tw-text-large tw-ta\" dir=\"ltr\" data-placeholder=\"Vertaling\"><span class=\"Y2IQFc\" lang=\"nl\">Das patentierte DOLLE clickFIX\u00ae-Sortiment ist optimal ged\u00e4mmt und montagefreundlich f\u00fcr den \u00dcbergang vom warmen Wohnzimmer zum oft k\u00fchleren Loft. Es verhindert Energieverluste aufgrund der Luftdichtheit, die durch das Zugband erreicht wird. Die umlaufenden Doppeldichtungen und Eckdichtungen reduzieren die Kondenswassergefahr deutlich und sch\u00fctzen effektiv vor m\u00f6glicher Schimmelbildung. DOLLE clickFIX\u00ae comfort hat einen bauteilgepr\u00fcften U-Wert von 0,49 W\/m\u00b2 K, gepr\u00fcft vom ift Rosenheim.<\/span><\/p>\n<h4><span style=\"color: #993300;\">EINFACHE INSTALLATION<\/span><\/h4>\n<p id=\"tw-target-text\" class=\"tw-data-text tw-text-large tw-ta\" dir=\"ltr\" data-placeholder=\"Vertaling\"><span class=\"Y2IQFc\" lang=\"nl\">Der DOLLE clickFIX\u00ae comfort verf\u00fcgt \u00fcber eine 3-teilige Stahlleiter mit 11 Stufen f\u00fcr eine raumhohe H\u00f6he von bis zu 264 cm. Die F\u00fc\u00dfe der Leiter sind teleskopisch verstellbar. Dadurch l\u00e4sst sich die Leiter einfach und genau an die Deckenh\u00f6he anpassen. Der neue patentierte Knickhebel ist eine weitere Verbesserung. Er erm\u00f6glicht eine werkzeuglose Montage und \u00fcberzeugt mit verbesserter Verstellbarkeit zwischen Hebel und Drehteller. Der Hebel wird nur auf den Drehteller gesteckt, umgedreht und kann nicht von alleine wieder gel\u00f6st werden. Das 24 cm hohe Geh\u00e4use bietet bessere M\u00f6glichkeiten f\u00fcr den Einbau in st\u00e4rker ged\u00e4mmte Decken. Er kann beispielsweise auch in abgeh\u00e4ngte Decken eingebaut werden. Dank seines geringen Gewichts und der patentierten Befestigungstechnik mit Click-Modulen l\u00e4sst sich der DOLLE clickFIX\u00ae comfort einfach von einer Person montieren: Verkleidung ausrichten, anschrauben, Luken- und Leiterteil einh\u00e4ngen und auf H\u00f6he des Zimmer, und das war&#039;s.<\/span><\/p>\n<h4><span style=\"color: #993300;\">VORTEILE:<\/span><\/h4>\n<ul>\n<li>Dachbodenleiter in Top-Qualit\u00e4t<\/li>\n<li>niedriger U-Wert<\/li>\n<li>Tiefe Stufen (Stahl)<\/li>\n<li>Einfache und fast schwerelose Bedienung \u2013 wie eine Feder!<\/li>\n<li>Teleskophandlauf<\/li>\n<\/ul>\n<pre id=\"tw-target-text\" class=\"tw-data-text tw-text-large tw-ta\" dir=\"ltr\" data-placeholder=\"Vertaling\"><\/pre>","protected":false},"excerpt":{"rendered":"<p>LAGERE TREDEN, TELESCOPISCHE LEUNING EN VEERMECHANISME Voor meer comfort en veiligheid zijn de treden van de DOLLE clickFIX\u00ae comfort ontworpen om bijzonder diep te zijn. Ze zijn 13 cm diep en bieden dus een zeer veilig oppervlak. De telescopische leuning zorgt voor een veilige grip bij het op en neer gaan. Op aanvraag kan een [&hellip;]<\/p>\n","protected":false},"featured_media":12825,"template":"","meta":{"_acf_changed":false},"product_brand":[],"product_cat":[1744,1745],"product_tag":[6486],"kleur":[],"productlijn":[],"kastbreedte":[6996],"kastlengte":[6997],"vl_pl_hoogte_a":[],"class_list":{"0":"post-12813","1":"product","2":"type-product","3":"status-publish","4":"has-post-thumbnail","6":"product_cat-hout-trappen","7":"product_cat-zoldertrappen","8":"product_tag-dolle","9":"kastbreedte-andere-maat","10":"kastlengte-andere-maat","12":"first","13":"onbackorder","14":"purchasable","15":"product-type-simple"},"acf":[],"_links":{"self":[{"href":"https:\/\/trappenstore.be\/de\/wp-json\/wp\/v2\/product\/12813","targetHints":{"allow":["GET"]}}],"collection":[{"href":"https:\/\/trappenstore.be\/de\/wp-json\/wp\/v2\/product"}],"about":[{"href":"https:\/\/trappenstore.be\/de\/wp-json\/wp\/v2\/types\/product"}],"wp:featuredmedia":[{"embeddable":true,"href":"https:\/\/trappenstore.be\/de\/wp-json\/wp\/v2\/media\/12825"}],"wp:attachment":[{"href":"https:\/\/trappenstore.be\/de\/wp-json\/wp\/v2\/media?parent=12813"}],"wp:term":[{"taxonomy":"product_brand","embeddable":true,"href":"https:\/\/trappenstore.be\/de\/wp-json\/wp\/v2\/product_brand?post=12813"},{"taxonomy":"product_cat","embeddable":true,"href":"https:\/\/trappenstore.be\/de\/wp-json\/wp\/v2\/product_cat?post=12813"},{"taxonomy":"product_tag","embeddable":true,"href":"https:\/\/trappenstore.be\/de\/wp-json\/wp\/v2\/product_tag?post=12813"},{"taxonomy":"kleur","embeddable":true,"href":"https:\/\/trappenstore.be\/de\/wp-json\/wp\/v2\/kleur?post=12813"},{"taxonomy":"productlijn","embeddable":true,"href":"https:\/\/trappenstore.be\/de\/wp-json\/wp\/v2\/productlijn?post=12813"},{"taxonomy":"kastbreedte","embeddable":true,"href":"https:\/\/trappenstore.be\/de\/wp-json\/wp\/v2\/kastbreedte?post=12813"},{"taxonomy":"kastlengte","embeddable":true,"href":"https:\/\/trappenstore.be\/de\/wp-json\/wp\/v2\/kastlengte?post=12813"},{"taxonomy":"vl_pl_hoogte_a","embeddable":true,"href":"https:\/\/trappenstore.be\/de\/wp-json\/wp\/v2\/vl_pl_hoogte_a?post=12813"}],"curies":[{"name":"wp","href":"https:\/\/api.w.org\/{rel}","templated":true}]}}