{"id":12770,"date":"2021-11-22T15:46:46","date_gmt":"2021-11-22T14:46:46","guid":{"rendered":"https:\/\/trappenstore.be\/?post_type=product&#038;p=12770"},"modified":"2026-03-16T14:28:45","modified_gmt":"2026-03-16T13:28:45","slug":"pivot-plaat-voor-sw56-3-4-rei","status":"publish","type":"product","link":"https:\/\/trappenstore.be\/de\/produkt\/pivot-plaat-voor-sw56-3-4-rei\/","title":{"rendered":"SCHWENKPLATTE F\u00dcR SW56-3\/-4\/REI"},"content":{"rendered":"<pre id=\"tw-target-text\" class=\"tw-data-text tw-text-large tw-ta\" dir=\"ltr\" data-placeholder=\"Vertaling\">Die Scharnierplatten passen zum Armsystem f\u00fcr DOLLE SW56-3-4 und alle REI45 Modelle. Die Scharnierplatten halten zusammen mit den Armsystemen die Luke am Geh\u00e4use. Bewegliche Teile m\u00fcssen einmal im Jahr ge\u00f6lt werden<\/pre>\n<p>&nbsp;<\/p>","protected":false},"excerpt":{"rendered":"<p>Die Scharnierplatten passen zum Armsystem f\u00fcr DOLLE SW56-3-4 und alle REI45 Modelle. Die Scharnierplatten halten zusammen mit den Armsystemen die Luke am Geh\u00e4use. Bewegliche Teile m\u00fcssen einmal im Jahr ge\u00f6lt werden &nbsp;<\/p>","protected":false},"featured_media":12771,"template":"","meta":{"_acf_changed":false},"product_brand":[],"product_cat":[1744,6981],"product_tag":[],"kleur":[],"productlijn":[],"kastbreedte":[],"kastlengte":[],"vl_pl_hoogte_a":[],"class_list":{"0":"post-12770","1":"product","2":"type-product","3":"status-publish","4":"has-post-thumbnail","6":"product_cat-hout-trappen","7":"product_cat-onderdelen","8":"product_shipping_class-onderdelen","10":"first","11":"onbackorder","12":"purchasable","13":"product-type-simple"},"acf":[],"_links":{"self":[{"href":"https:\/\/trappenstore.be\/de\/wp-json\/wp\/v2\/product\/12770","targetHints":{"allow":["GET"]}}],"collection":[{"href":"https:\/\/trappenstore.be\/de\/wp-json\/wp\/v2\/product"}],"about":[{"href":"https:\/\/trappenstore.be\/de\/wp-json\/wp\/v2\/types\/product"}],"wp:featuredmedia":[{"embeddable":true,"href":"https:\/\/trappenstore.be\/de\/wp-json\/wp\/v2\/media\/12771"}],"wp:attachment":[{"href":"https:\/\/trappenstore.be\/de\/wp-json\/wp\/v2\/media?parent=12770"}],"wp:term":[{"taxonomy":"product_brand","embeddable":true,"href":"https:\/\/trappenstore.be\/de\/wp-json\/wp\/v2\/product_brand?post=12770"},{"taxonomy":"product_cat","embeddable":true,"href":"https:\/\/trappenstore.be\/de\/wp-json\/wp\/v2\/product_cat?post=12770"},{"taxonomy":"product_tag","embeddable":true,"href":"https:\/\/trappenstore.be\/de\/wp-json\/wp\/v2\/product_tag?post=12770"},{"taxonomy":"kleur","embeddable":true,"href":"https:\/\/trappenstore.be\/de\/wp-json\/wp\/v2\/kleur?post=12770"},{"taxonomy":"productlijn","embeddable":true,"href":"https:\/\/trappenstore.be\/de\/wp-json\/wp\/v2\/productlijn?post=12770"},{"taxonomy":"kastbreedte","embeddable":true,"href":"https:\/\/trappenstore.be\/de\/wp-json\/wp\/v2\/kastbreedte?post=12770"},{"taxonomy":"kastlengte","embeddable":true,"href":"https:\/\/trappenstore.be\/de\/wp-json\/wp\/v2\/kastlengte?post=12770"},{"taxonomy":"vl_pl_hoogte_a","embeddable":true,"href":"https:\/\/trappenstore.be\/de\/wp-json\/wp\/v2\/vl_pl_hoogte_a?post=12770"}],"curies":[{"name":"wp","href":"https:\/\/api.w.org\/{rel}","templated":true}]}}