{"id":12705,"date":"2021-11-22T09:28:24","date_gmt":"2021-11-22T08:28:24","guid":{"rendered":"https:\/\/trappenstore.be\/?post_type=product&#038;p=12705"},"modified":"2026-03-16T14:28:43","modified_gmt":"2026-03-16T13:28:43","slug":"dolle-afdichtstrip","status":"publish","type":"product","link":"https:\/\/trappenstore.be\/de\/produkt\/dolle-afdichtstrip\/","title":{"rendered":"VERR\u00dcCKTER DICHTSTREIFEN"},"content":{"rendered":"<p><span class=\"Y2IQFc\" lang=\"nl\">Dichtband f\u00fcr optimale W\u00e4rmed\u00e4mmung f\u00fcr alle SW- und clickFIX\u00ae-Modelle mit Dual-Density-System wie: clickFIX\u00ae 56 PRO. clickFIX\u00ae 76G, clickFIX\u00ae thermal, thermischer Komfort, Komfort.<\/span><\/p>","protected":false},"excerpt":{"rendered":"<p>Dichtband f\u00fcr optimale W\u00e4rmed\u00e4mmung f\u00fcr alle SW- und clickFIX\u00ae-Modelle mit Dual-Density-System wie: clickFIX\u00ae 56 PRO. clickFIX\u00ae 76G, clickFIX\u00ae thermal, thermischer Komfort, Komfort.<\/p>","protected":false},"featured_media":12572,"template":"","meta":{"_acf_changed":false},"product_brand":[],"product_cat":[1744,6981],"product_tag":[],"kleur":[],"productlijn":[],"kastbreedte":[],"kastlengte":[],"vl_pl_hoogte_a":[],"class_list":{"0":"post-12705","1":"product","2":"type-product","3":"status-publish","4":"has-post-thumbnail","6":"product_cat-hout-trappen","7":"product_cat-onderdelen","8":"product_shipping_class-onderdelen","10":"first","11":"onbackorder","12":"purchasable","13":"product-type-simple"},"acf":[],"_links":{"self":[{"href":"https:\/\/trappenstore.be\/de\/wp-json\/wp\/v2\/product\/12705","targetHints":{"allow":["GET"]}}],"collection":[{"href":"https:\/\/trappenstore.be\/de\/wp-json\/wp\/v2\/product"}],"about":[{"href":"https:\/\/trappenstore.be\/de\/wp-json\/wp\/v2\/types\/product"}],"wp:featuredmedia":[{"embeddable":true,"href":"https:\/\/trappenstore.be\/de\/wp-json\/wp\/v2\/media\/12572"}],"wp:attachment":[{"href":"https:\/\/trappenstore.be\/de\/wp-json\/wp\/v2\/media?parent=12705"}],"wp:term":[{"taxonomy":"product_brand","embeddable":true,"href":"https:\/\/trappenstore.be\/de\/wp-json\/wp\/v2\/product_brand?post=12705"},{"taxonomy":"product_cat","embeddable":true,"href":"https:\/\/trappenstore.be\/de\/wp-json\/wp\/v2\/product_cat?post=12705"},{"taxonomy":"product_tag","embeddable":true,"href":"https:\/\/trappenstore.be\/de\/wp-json\/wp\/v2\/product_tag?post=12705"},{"taxonomy":"kleur","embeddable":true,"href":"https:\/\/trappenstore.be\/de\/wp-json\/wp\/v2\/kleur?post=12705"},{"taxonomy":"productlijn","embeddable":true,"href":"https:\/\/trappenstore.be\/de\/wp-json\/wp\/v2\/productlijn?post=12705"},{"taxonomy":"kastbreedte","embeddable":true,"href":"https:\/\/trappenstore.be\/de\/wp-json\/wp\/v2\/kastbreedte?post=12705"},{"taxonomy":"kastlengte","embeddable":true,"href":"https:\/\/trappenstore.be\/de\/wp-json\/wp\/v2\/kastlengte?post=12705"},{"taxonomy":"vl_pl_hoogte_a","embeddable":true,"href":"https:\/\/trappenstore.be\/de\/wp-json\/wp\/v2\/vl_pl_hoogte_a?post=12705"}],"curies":[{"name":"wp","href":"https:\/\/api.w.org\/{rel}","templated":true}]}}